{"id":28,"date":"2024-09-23T09:51:49","date_gmt":"2024-09-23T09:51:49","guid":{"rendered":"https:\/\/alombredupin.com\/?page_id=28"},"modified":"2024-11-07T18:22:39","modified_gmt":"2024-11-07T18:22:39","slug":"explore","status":"publish","type":"page","link":"https:\/\/alombredupin.com\/en\/explore\/","title":{"rendered":"Explore"},"content":{"rendered":"<div data-elementor-type=\"wp-page\" data-elementor-id=\"28\" class=\"elementor elementor-28\" data-elementor-post-type=\"page\">\n\t\t\t\t<div class=\"elementor-element elementor-element-8cf4653 e-flex e-con-boxed e-con e-parent\" data-id=\"8cf4653\" data-element_type=\"container\" id=\"page-subheader\" data-settings=\"{&quot;background_background&quot;:&quot;slideshow&quot;,&quot;background_slideshow_gallery&quot;:[{&quot;id&quot;:592,&quot;url&quot;:&quot;https:\\\/\\\/alombredupin.com\\\/wp-content\\\/uploads\\\/2024\\\/09\\\/yaopey-yong-s1pXPc6rIZw-unsplash-scaled.jpg&quot;},{&quot;id&quot;:1138,&quot;url&quot;:&quot;https:\\\/\\\/alombredupin.com\\\/wp-content\\\/uploads\\\/2024\\\/09\\\/alexander-kagan-t9Td0zfDTwI-unsplash-scaled.jpg&quot;}],&quot;background_slideshow_loop&quot;:&quot;yes&quot;,&quot;background_slideshow_slide_duration&quot;:5000,&quot;background_slideshow_slide_transition&quot;:&quot;fade&quot;,&quot;background_slideshow_transition_duration&quot;:500}\">\n\t\t\t\t\t<div class=\"e-con-inner\">\n\t\t<div class=\"elementor-element elementor-element-08497a0 e-con-full e-flex e-con e-child\" data-id=\"08497a0\" data-element_type=\"container\">\n\t\t\t\t<div class=\"elementor-element elementor-element-87e0a40 elementor-widget-tablet__width-initial elementor-widget elementor-widget-heading\" data-id=\"87e0a40\" data-element_type=\"widget\" data-widget_type=\"heading.default\">\n\t\t\t\t<div class=\"elementor-widget-container\">\n\t\t\t<h1 class=\"elementor-heading-title elementor-size-default\">Nearby Attractions<\/h1>\t\t<\/div>\n\t\t\t\t<\/div>\n\t\t\t\t<\/div>\n\t\t\t\t\t<\/div>\n\t\t\t\t<\/div>\n\t\t<div class=\"elementor-element elementor-element-eeb8fb4 e-grid e-con-boxed e-con e-parent\" data-id=\"eeb8fb4\" data-element_type=\"container\" id=\"two-column-section-dsr\" data-settings=\"{&quot;background_background&quot;:&quot;classic&quot;}\">\n\t\t\t\t\t<div class=\"e-con-inner\">\n\t\t<div class=\"elementor-element elementor-element-a6f5137 e-con-full e-flex e-con e-child\" data-id=\"a6f5137\" data-element_type=\"container\" id=\"two-column-section-dsr-left\">\n\t\t\t\t<div class=\"elementor-element elementor-element-f84ddfb elementor-widget elementor-widget-heading\" data-id=\"f84ddfb\" data-element_type=\"widget\" data-widget_type=\"heading.default\">\n\t\t\t\t<div class=\"elementor-widget-container\">\n\t\t\t<h5 class=\"elementor-heading-title elementor-size-default\">Explore<\/h5>\t\t<\/div>\n\t\t\t\t<\/div>\n\t\t\t\t<div class=\"elementor-element elementor-element-a3f8b7d elementor-widget elementor-widget-heading\" data-id=\"a3f8b7d\" data-element_type=\"widget\" data-widget_type=\"heading.default\">\n\t\t\t\t<div class=\"elementor-widget-container\">\n\t\t\t<h2 class=\"elementor-heading-title elementor-size-default\">Discover the Magic Around You<\/h2>\t\t<\/div>\n\t\t\t\t<\/div>\n\t\t\t\t<div class=\"elementor-element elementor-element-9c60a13 elementor-widget elementor-widget-text-editor\" data-id=\"9c60a13\" data-element_type=\"widget\" data-widget_type=\"text-editor.default\">\n\t\t\t\t<div class=\"elementor-widget-container\">\n\t\t\t\t\t\t\t<p>Explore the iconic attractions that make your stay at A L'Ombre du Pin truly special. With easy access to some of the region's most exciting experiences, you'll always be one step away from adventure.<\/p>\t\t\t\t\t\t<\/div>\n\t\t\t\t<\/div>\n\t\t<div class=\"elementor-element elementor-element-33684e1 e-con-full e-flex e-con e-child\" data-id=\"33684e1\" data-element_type=\"container\">\n\t\t<div class=\"elementor-element elementor-element-1770625 e-con-full e-grid e-con e-child\" data-id=\"1770625\" data-element_type=\"container\">\n\t\t\t\t<div class=\"elementor-element elementor-element-3fc21d6 elementor-widget elementor-widget-icon-box\" data-id=\"3fc21d6\" data-element_type=\"widget\" data-widget_type=\"icon-box.default\">\n\t\t\t\t<div class=\"elementor-widget-container\">\n\t\t\t\t\t<div class=\"elementor-icon-box-wrapper\">\n\n\t\t\t\n\t\t\t\t\t\t<div class=\"elementor-icon-box-content\">\n\n\t\t\t\t\t\t\t\t\t<h3 class=\"elementor-icon-box-title\">\n\t\t\t\t\t\t<span  >\n\t\t\t\t\t\t\tDisneyland Paris\t\t\t\t\t\t<\/span>\n\t\t\t\t\t<\/h3>\n\t\t\t\t\n\t\t\t\t\t\t\t\t\t<p class=\"elementor-icon-box-description\">\n\t\t\t\t\t\t21 km - 20 min by car \/ 1 hour by public transport\t\t\t\t\t<\/p>\n\t\t\t\t\n\t\t\t<\/div>\n\t\t\t\n\t\t<\/div>\n\t\t\t\t<\/div>\n\t\t\t\t<\/div>\n\t\t\t\t<div class=\"elementor-element elementor-element-f34c43b elementor-widget elementor-widget-icon-box\" data-id=\"f34c43b\" data-element_type=\"widget\" data-widget_type=\"icon-box.default\">\n\t\t\t\t<div class=\"elementor-widget-container\">\n\t\t\t\t\t<div class=\"elementor-icon-box-wrapper\">\n\n\t\t\t\n\t\t\t\t\t\t<div class=\"elementor-icon-box-content\">\n\n\t\t\t\t\t\t\t\t\t<h3 class=\"elementor-icon-box-title\">\n\t\t\t\t\t\t<span  >\n\t\t\t\t\t\t\tAst\u00e9rix Park\t\t\t\t\t\t<\/span>\n\t\t\t\t\t<\/h3>\n\t\t\t\t\n\t\t\t\t\t\t\t\t\t<p class=\"elementor-icon-box-description\">\n\t\t\t\t\t\t38 km - 30 min by car \/ 1.5 hours by public transport.\t\t\t\t\t<\/p>\n\t\t\t\t\n\t\t\t<\/div>\n\t\t\t\n\t\t<\/div>\n\t\t\t\t<\/div>\n\t\t\t\t<\/div>\n\t\t\t\t<div class=\"elementor-element elementor-element-78e6adb elementor-widget elementor-widget-icon-box\" data-id=\"78e6adb\" data-element_type=\"widget\" data-widget_type=\"icon-box.default\">\n\t\t\t\t<div class=\"elementor-widget-container\">\n\t\t\t\t\t<div class=\"elementor-icon-box-wrapper\">\n\n\t\t\t\n\t\t\t\t\t\t<div class=\"elementor-icon-box-content\">\n\n\t\t\t\t\t\t\t\t\t<h3 class=\"elementor-icon-box-title\">\n\t\t\t\t\t\t<span  >\n\t\t\t\t\t\t\tCenter of Paris\t\t\t\t\t\t<\/span>\n\t\t\t\t\t<\/h3>\n\t\t\t\t\n\t\t\t\t\t\t\t\t\t<p class=\"elementor-icon-box-description\">\n\t\t\t\t\t\t40 km - 40 min by car or public transport.\t\t\t\t\t<\/p>\n\t\t\t\t\n\t\t\t<\/div>\n\t\t\t\n\t\t<\/div>\n\t\t\t\t<\/div>\n\t\t\t\t<\/div>\n\t\t\t\t<div class=\"elementor-element elementor-element-52c2507 elementor-widget elementor-widget-icon-box\" data-id=\"52c2507\" data-element_type=\"widget\" data-widget_type=\"icon-box.default\">\n\t\t\t\t<div class=\"elementor-widget-container\">\n\t\t\t\t\t<div class=\"elementor-icon-box-wrapper\">\n\n\t\t\t\n\t\t\t\t\t\t<div class=\"elementor-icon-box-content\">\n\n\t\t\t\t\t\t\t\t\t<h3 class=\"elementor-icon-box-title\">\n\t\t\t\t\t\t<span  >\n\t\t\t\t\t\t\tCharles de Gaulle Airport\t\t\t\t\t\t<\/span>\n\t\t\t\t\t<\/h3>\n\t\t\t\t\n\t\t\t\t\t\t\t\t\t<p class=\"elementor-icon-box-description\">\n\t\t\t\t\t\t13 km - 20 min by car \/ 50 min by public transport.\t\t\t\t\t<\/p>\n\t\t\t\t\n\t\t\t<\/div>\n\t\t\t\n\t\t<\/div>\n\t\t\t\t<\/div>\n\t\t\t\t<\/div>\n\t\t\t\t<\/div>\n\t\t\t\t<\/div>\n\t\t\t\t<\/div>\n\t\t<div class=\"elementor-element elementor-element-b8c06ae e-con-full e-flex e-con e-child\" data-id=\"b8c06ae\" data-element_type=\"container\" id=\"two-column-section-dsr-right\" data-settings=\"{&quot;background_background&quot;:&quot;slideshow&quot;,&quot;background_slideshow_gallery&quot;:[{&quot;id&quot;:974,&quot;url&quot;:&quot;https:\\\/\\\/alombredupin.com\\\/wp-content\\\/uploads\\\/2024\\\/09\\\/thomas-evraert-IgN7yv7OuU0-unsplash-scaled.jpg&quot;},{&quot;id&quot;:976,&quot;url&quot;:&quot;https:\\\/\\\/alombredupin.com\\\/wp-content\\\/uploads\\\/2024\\\/09\\\/slide-06.jpg&quot;},{&quot;id&quot;:590,&quot;url&quot;:&quot;https:\\\/\\\/alombredupin.com\\\/wp-content\\\/uploads\\\/2024\\\/09\\\/a-photo-of-a-realistic-and-amazing-view-of-paris-a-20ZwEJ_ETISl7MLlgFHs9Q-z1OH3jDvTniTyMLmIungyA.jpeg&quot;},{&quot;id&quot;:973,&quot;url&quot;:&quot;https:\\\/\\\/alombredupin.com\\\/wp-content\\\/uploads\\\/2024\\\/09\\\/charlesgaulle.jpg&quot;}],&quot;background_slideshow_slide_duration&quot;:3000,&quot;background_slideshow_slide_transition&quot;:&quot;slide_left&quot;,&quot;background_slideshow_loop&quot;:&quot;yes&quot;,&quot;background_slideshow_transition_duration&quot;:500}\">\n\t\t\t\t<\/div>\n\t\t\t\t\t<\/div>\n\t\t\t\t<\/div>\n\t\t<div class=\"elementor-element elementor-element-c12ea4b e-grid e-con-boxed e-con e-parent\" data-id=\"c12ea4b\" data-element_type=\"container\" id=\"two-column-section-nit\" data-settings=\"{&quot;background_background&quot;:&quot;classic&quot;}\">\n\t\t\t\t\t<div class=\"e-con-inner\">\n\t\t<div class=\"elementor-element elementor-element-5e814d8 e-con-full e-flex e-con e-child\" data-id=\"5e814d8\" data-element_type=\"container\" id=\"two-column-section-nit-left\" data-settings=\"{&quot;background_background&quot;:&quot;slideshow&quot;,&quot;background_slideshow_gallery&quot;:[{&quot;id&quot;:636,&quot;url&quot;:&quot;https:\\\/\\\/alombredupin.com\\\/wp-content\\\/uploads\\\/2024\\\/09\\\/kurt-sunkel-KjmXVdCxGnM-unsplash-scaled.jpg&quot;},{&quot;id&quot;:986,&quot;url&quot;:&quot;https:\\\/\\\/alombredupin.com\\\/wp-content\\\/uploads\\\/2024\\\/09\\\/victor-chabrol-PueMX4-b3U-unsplash-scaled.jpg&quot;},{&quot;id&quot;:997,&quot;url&quot;:&quot;https:\\\/\\\/alombredupin.com\\\/wp-content\\\/uploads\\\/2024\\\/09\\\/dean-davies-UzRVE9DQooU-unsplash-scaled.jpg&quot;},{&quot;id&quot;:982,&quot;url&quot;:&quot;https:\\\/\\\/alombredupin.com\\\/wp-content\\\/uploads\\\/2024\\\/09\\\/bhumil-chheda-wIVHzPZyWoY-unsplash-scaled.jpg&quot;},{&quot;id&quot;:983,&quot;url&quot;:&quot;https:\\\/\\\/alombredupin.com\\\/wp-content\\\/uploads\\\/2024\\\/09\\\/hannah-reding-yb304VOC87o-unsplash-scaled.jpg&quot;},{&quot;id&quot;:996,&quot;url&quot;:&quot;https:\\\/\\\/alombredupin.com\\\/wp-content\\\/uploads\\\/2024\\\/09\\\/andrei-popescu-0kbhlWOeIJk-unsplash-scaled.jpg&quot;}],&quot;background_slideshow_slide_duration&quot;:3000,&quot;background_slideshow_slide_transition&quot;:&quot;slide_left&quot;,&quot;background_slideshow_loop&quot;:&quot;yes&quot;,&quot;background_slideshow_transition_duration&quot;:500}\">\n\t\t\t\t<\/div>\n\t\t<div class=\"elementor-element elementor-element-62c736d e-con-full e-flex e-con e-child\" data-id=\"62c736d\" data-element_type=\"container\" id=\"two-column-section-nit-right\">\n\t\t\t\t<div class=\"elementor-element elementor-element-2cc9a91 elementor-widget elementor-widget-heading\" data-id=\"2cc9a91\" data-element_type=\"widget\" data-widget_type=\"heading.default\">\n\t\t\t\t<div class=\"elementor-widget-container\">\n\t\t\t<h5 class=\"elementor-heading-title elementor-size-default\">Disneyland Paris<\/h5>\t\t<\/div>\n\t\t\t\t<\/div>\n\t\t\t\t<div class=\"elementor-element elementor-element-ca0bc30 elementor-widget elementor-widget-heading\" data-id=\"ca0bc30\" data-element_type=\"widget\" data-widget_type=\"heading.default\">\n\t\t\t\t<div class=\"elementor-widget-container\">\n\t\t\t<h2 class=\"elementor-heading-title elementor-size-default\">Discover the Magic of Disneyland<\/h2>\t\t<\/div>\n\t\t\t\t<\/div>\n\t\t\t\t<div class=\"elementor-element elementor-element-64f7210 elementor-widget elementor-widget-text-editor\" data-id=\"64f7210\" data-element_type=\"widget\" data-widget_type=\"text-editor.default\">\n\t\t\t\t<div class=\"elementor-widget-container\">\n\t\t\t\t\t\t\t<p>Disneyland Paris is a magical destination that promises unforgettable moments for all ages. With thrilling attractions, beloved characters and dazzling parades, this is where dreams come true. Come and create memories that will last a lifetime.<\/p>\t\t\t\t\t\t<\/div>\n\t\t\t\t<\/div>\n\t\t\t\t<div class=\"elementor-element elementor-element-627b7b3 elementor-align-right elementor-widget__width-auto elementor-widget elementor-widget-button\" data-id=\"627b7b3\" data-element_type=\"widget\" data-widget_type=\"button.default\">\n\t\t\t\t<div class=\"elementor-widget-container\">\n\t\t\t\t\t\t\t<div class=\"elementor-button-wrapper\">\n\t\t\t\t\t<a class=\"elementor-button elementor-button-link elementor-size-sm\" href=\"https:\/\/www.disneylandparis.com\/en-gb\/\" target=\"_blank\" rel=\"noopener\">\n\t\t\t\t\t\t<span class=\"elementor-button-content-wrapper\">\n\t\t\t\t\t\t\t\t\t<span class=\"elementor-button-text\">Visit Website<\/span>\n\t\t\t\t\t<\/span>\n\t\t\t\t\t<\/a>\n\t\t\t\t<\/div>\n\t\t\t\t\t\t<\/div>\n\t\t\t\t<\/div>\n\t\t\t\t<\/div>\n\t\t\t\t\t<\/div>\n\t\t\t\t<\/div>\n\t\t<div class=\"elementor-element elementor-element-cf5cce2 e-grid e-con-boxed e-con e-parent\" data-id=\"cf5cce2\" data-element_type=\"container\" id=\"two-column-section-blq\" data-settings=\"{&quot;background_background&quot;:&quot;classic&quot;}\">\n\t\t\t\t\t<div class=\"e-con-inner\">\n\t\t<div class=\"elementor-element elementor-element-8e6563f e-con-full e-flex e-con e-child\" data-id=\"8e6563f\" data-element_type=\"container\" id=\"two-column-section-blq-left\">\n\t\t\t\t<div class=\"elementor-element elementor-element-abb7faa elementor-widget elementor-widget-heading\" data-id=\"abb7faa\" data-element_type=\"widget\" data-widget_type=\"heading.default\">\n\t\t\t\t<div class=\"elementor-widget-container\">\n\t\t\t<h5 class=\"elementor-heading-title elementor-size-default\">Ast\u00e9rix Park<\/h5>\t\t<\/div>\n\t\t\t\t<\/div>\n\t\t\t\t<div class=\"elementor-element elementor-element-7fc6e0b elementor-widget elementor-widget-heading\" data-id=\"7fc6e0b\" data-element_type=\"widget\" data-widget_type=\"heading.default\">\n\t\t\t\t<div class=\"elementor-widget-container\">\n\t\t\t<h2 class=\"elementor-heading-title elementor-size-default\">Exciting adventures at Parc Ast\u00e9rix<\/h2>\t\t<\/div>\n\t\t\t\t<\/div>\n\t\t\t\t<div class=\"elementor-element elementor-element-d283200 elementor-widget elementor-widget-text-editor\" data-id=\"d283200\" data-element_type=\"widget\" data-widget_type=\"text-editor.default\">\n\t\t\t\t<div class=\"elementor-widget-container\">\n\t\t\t\t\t\t\t<p>Parc Ast\u00e9rix offers a day full of fun and adrenaline. With thrilling rollercoasters, incredible shows and attractions inspired by French history, this park is perfect for families and friends. Get ready for a thrilling and unforgettable experience.<\/p>\t\t\t\t\t\t<\/div>\n\t\t\t\t<\/div>\n\t\t\t\t<div class=\"elementor-element elementor-element-b831642 elementor-align-right elementor-widget__width-auto elementor-widget elementor-widget-button\" data-id=\"b831642\" data-element_type=\"widget\" data-widget_type=\"button.default\">\n\t\t\t\t<div class=\"elementor-widget-container\">\n\t\t\t\t\t\t\t<div class=\"elementor-button-wrapper\">\n\t\t\t\t\t<a class=\"elementor-button elementor-button-link elementor-size-sm\" href=\"https:\/\/www.parcasterix.fr\/en\" target=\"_blank\" rel=\"noopener\">\n\t\t\t\t\t\t<span class=\"elementor-button-content-wrapper\">\n\t\t\t\t\t\t\t\t\t<span class=\"elementor-button-text\">Visit Website<\/span>\n\t\t\t\t\t<\/span>\n\t\t\t\t\t<\/a>\n\t\t\t\t<\/div>\n\t\t\t\t\t\t<\/div>\n\t\t\t\t<\/div>\n\t\t\t\t<\/div>\n\t\t<div class=\"elementor-element elementor-element-0552cce e-con-full e-flex e-con e-child\" data-id=\"0552cce\" data-element_type=\"container\" id=\"two-column-section-blq-right\" data-settings=\"{&quot;background_background&quot;:&quot;slideshow&quot;,&quot;background_slideshow_gallery&quot;:[{&quot;id&quot;:631,&quot;url&quot;:&quot;https:\\\/\\\/alombredupin.com\\\/wp-content\\\/uploads\\\/2024\\\/09\\\/a-photo-of-the-entrance-arch-to-parc-asterix-in-pa-9Ru9iCaYRjmbx6mJcr8twA-ADlsodS4StaSucHrrW9KiA.jpeg&quot;},{&quot;id&quot;:995,&quot;url&quot;:&quot;https:\\\/\\\/alombredupin.com\\\/wp-content\\\/uploads\\\/2024\\\/09\\\/pixelcut-export-1-scaled.jpeg&quot;},{&quot;id&quot;:993,&quot;url&quot;:&quot;https:\\\/\\\/alombredupin.com\\\/wp-content\\\/uploads\\\/2024\\\/09\\\/pixelcut-export.jpeg&quot;},{&quot;id&quot;:987,&quot;url&quot;:&quot;https:\\\/\\\/alombredupin.com\\\/wp-content\\\/uploads\\\/2024\\\/09\\\/slide-05.jpg&quot;},{&quot;id&quot;:992,&quot;url&quot;:&quot;https:\\\/\\\/alombredupin.com\\\/wp-content\\\/uploads\\\/2024\\\/09\\\/parc-asterix.webp&quot;},{&quot;id&quot;:994,&quot;url&quot;:&quot;https:\\\/\\\/alombredupin.com\\\/wp-content\\\/uploads\\\/2024\\\/09\\\/pixelcut-export-2-scaled.jpeg&quot;}],&quot;background_slideshow_slide_duration&quot;:3000,&quot;background_slideshow_slide_transition&quot;:&quot;slide_left&quot;,&quot;background_slideshow_loop&quot;:&quot;yes&quot;,&quot;background_slideshow_transition_duration&quot;:500}\">\n\t\t\t\t<\/div>\n\t\t\t\t\t<\/div>\n\t\t\t\t<\/div>\n\t\t<div class=\"elementor-element elementor-element-301fec8 e-flex e-con-boxed e-con e-parent\" data-id=\"301fec8\" data-element_type=\"container\" id=\"only-title-section-sda\">\n\t\t\t\t\t<div class=\"e-con-inner\">\n\t\t\t\t<div class=\"elementor-element elementor-element-0682ec5 elementor-widget elementor-widget-heading\" data-id=\"0682ec5\" data-element_type=\"widget\" data-widget_type=\"heading.default\">\n\t\t\t\t<div class=\"elementor-widget-container\">\n\t\t\t<h2 class=\"elementor-heading-title elementor-size-default\">Get to know Paris just around the corner<\/h2>\t\t<\/div>\n\t\t\t\t<\/div>\n\t\t\t\t\t<\/div>\n\t\t\t\t<\/div>\n\t\t<div class=\"elementor-element elementor-element-4f032af e-grid e-con-boxed e-con e-parent\" data-id=\"4f032af\" data-element_type=\"container\" id=\"three-column-section-biq\">\n\t\t\t\t\t<div class=\"e-con-inner\">\n\t\t<div class=\"elementor-element elementor-element-b9592f5 e-con-full e-flex e-con e-child\" data-id=\"b9592f5\" data-element_type=\"container\">\n\t\t<div class=\"elementor-element elementor-element-064d40c e-con-full e-flex e-con e-child\" data-id=\"064d40c\" data-element_type=\"container\">\n\t\t\t\t<div class=\"elementor-element elementor-element-fd18865 elementor-widget elementor-widget-image\" data-id=\"fd18865\" data-element_type=\"widget\" data-widget_type=\"image.default\">\n\t\t\t\t<div class=\"elementor-widget-container\">\n\t\t\t\t\t\t\t\t\t\t\t\t\t<img fetchpriority=\"high\" decoding=\"async\" width=\"2560\" height=\"1707\" src=\"https:\/\/alombredupin.com\/wp-content\/uploads\/2024\/09\/montmartre-scaled.jpg\" class=\"attachment-full size-full wp-image-1001\" alt=\"\" srcset=\"https:\/\/alombredupin.com\/wp-content\/uploads\/2024\/09\/montmartre-scaled.jpg 2560w, https:\/\/alombredupin.com\/wp-content\/uploads\/2024\/09\/montmartre-2048x1365.jpg 2048w, https:\/\/alombredupin.com\/wp-content\/uploads\/2024\/09\/montmartre-300x200.jpg 300w, https:\/\/alombredupin.com\/wp-content\/uploads\/2024\/09\/montmartre-768x512.jpg 768w, https:\/\/alombredupin.com\/wp-content\/uploads\/2024\/09\/montmartre-1024x683.jpg 1024w, https:\/\/alombredupin.com\/wp-content\/uploads\/2024\/09\/montmartre-1536x1024.jpg 1536w\" sizes=\"(max-width: 2560px) 100vw, 2560px\" \/>\t\t\t\t\t\t\t\t\t\t\t\t\t<\/div>\n\t\t\t\t<\/div>\n\t\t\t\t<div class=\"elementor-element elementor-element-e2383a3 elementor-widget elementor-widget-heading\" data-id=\"e2383a3\" data-element_type=\"widget\" data-widget_type=\"heading.default\">\n\t\t\t\t<div class=\"elementor-widget-container\">\n\t\t\t<h2 class=\"elementor-heading-title elementor-size-default\">Montmartre<\/h2>\t\t<\/div>\n\t\t\t\t<\/div>\n\t\t\t\t<div class=\"elementor-element elementor-element-476536b elementor-widget elementor-widget-text-editor\" data-id=\"476536b\" data-element_type=\"widget\" data-widget_type=\"text-editor.default\">\n\t\t\t\t<div class=\"elementor-widget-container\">\n\t\t\t\t\t\t\t<p>Immerse yourself in the bohemian spirit of Montmartre, famous for its cobbled streets, caf\u00e9s and artists' studios, the Sacr\u00e9-C\u0153ur Basilica and a vibrant art scene. It's the perfect place to enjoy breathtaking views of the city of Paris.<\/p>\t\t\t\t\t\t<\/div>\n\t\t\t\t<\/div>\n\t\t\t\t<\/div>\n\t\t\t\t<\/div>\n\t\t<div class=\"elementor-element elementor-element-ea03aa4 e-con-full e-flex e-con e-child\" data-id=\"ea03aa4\" data-element_type=\"container\">\n\t\t<div class=\"elementor-element elementor-element-03a3c5a e-con-full e-flex e-con e-child\" data-id=\"03a3c5a\" data-element_type=\"container\">\n\t\t\t\t<div class=\"elementor-element elementor-element-8caf0de elementor-widget elementor-widget-image\" data-id=\"8caf0de\" data-element_type=\"widget\" data-widget_type=\"image.default\">\n\t\t\t\t<div class=\"elementor-widget-container\">\n\t\t\t\t\t\t\t\t\t\t\t\t\t<img decoding=\"async\" width=\"2560\" height=\"1707\" src=\"https:\/\/alombredupin.com\/wp-content\/uploads\/2024\/09\/Luxembourg-Gardens\u200b-1-scaled.jpg\" class=\"attachment-full size-full wp-image-1004\" alt=\"\" srcset=\"https:\/\/alombredupin.com\/wp-content\/uploads\/2024\/09\/Luxembourg-Gardens\u200b-1-scaled.jpg 2560w, https:\/\/alombredupin.com\/wp-content\/uploads\/2024\/09\/Luxembourg-Gardens\u200b-1-2048x1365.jpg 2048w, https:\/\/alombredupin.com\/wp-content\/uploads\/2024\/09\/Luxembourg-Gardens\u200b-1-300x200.jpg 300w, https:\/\/alombredupin.com\/wp-content\/uploads\/2024\/09\/Luxembourg-Gardens\u200b-1-768x512.jpg 768w, https:\/\/alombredupin.com\/wp-content\/uploads\/2024\/09\/Luxembourg-Gardens\u200b-1-1024x683.jpg 1024w, https:\/\/alombredupin.com\/wp-content\/uploads\/2024\/09\/Luxembourg-Gardens\u200b-1-1536x1024.jpg 1536w\" sizes=\"(max-width: 2560px) 100vw, 2560px\" \/>\t\t\t\t\t\t\t\t\t\t\t\t\t<\/div>\n\t\t\t\t<\/div>\n\t\t\t\t<div class=\"elementor-element elementor-element-0656071 elementor-widget elementor-widget-heading\" data-id=\"0656071\" data-element_type=\"widget\" data-widget_type=\"heading.default\">\n\t\t\t\t<div class=\"elementor-widget-container\">\n\t\t\t<h2 class=\"elementor-heading-title elementor-size-default\">Luxembourg Gardens<\/h2>\t\t<\/div>\n\t\t\t\t<\/div>\n\t\t\t\t<div class=\"elementor-element elementor-element-545225b elementor-widget elementor-widget-text-editor\" data-id=\"545225b\" data-element_type=\"widget\" data-widget_type=\"text-editor.default\">\n\t\t\t\t<div class=\"elementor-widget-container\">\n\t\t\t\t\t\t\t<p>The Luxembourg Gardens are an oasis of tranquillity in the heart of Paris. Enjoy a relaxing stroll among lush flowers, enchanting fountains and historic statues, or simply relax on one of the many benches.<\/p>\t\t\t\t\t\t<\/div>\n\t\t\t\t<\/div>\n\t\t\t\t<\/div>\n\t\t\t\t<\/div>\n\t\t<div class=\"elementor-element elementor-element-b896429 e-con-full e-flex e-con e-child\" data-id=\"b896429\" data-element_type=\"container\">\n\t\t<div class=\"elementor-element elementor-element-deef14e e-con-full e-flex e-con e-child\" data-id=\"deef14e\" data-element_type=\"container\">\n\t\t\t\t<div class=\"elementor-element elementor-element-3adcc54 elementor-widget elementor-widget-image\" data-id=\"3adcc54\" data-element_type=\"widget\" data-widget_type=\"image.default\">\n\t\t\t\t<div class=\"elementor-widget-container\">\n\t\t\t\t\t\t\t\t\t\t\t\t\t<img decoding=\"async\" width=\"2560\" height=\"1709\" src=\"https:\/\/alombredupin.com\/wp-content\/uploads\/2024\/09\/Palace-of-Versailles\u200b-scaled.jpg\" class=\"attachment-full size-full wp-image-1005\" alt=\"\" srcset=\"https:\/\/alombredupin.com\/wp-content\/uploads\/2024\/09\/Palace-of-Versailles\u200b-scaled.jpg 2560w, https:\/\/alombredupin.com\/wp-content\/uploads\/2024\/09\/Palace-of-Versailles\u200b-1024x683.jpg 1024w, https:\/\/alombredupin.com\/wp-content\/uploads\/2024\/09\/Palace-of-Versailles\u200b-300x200.jpg 300w, https:\/\/alombredupin.com\/wp-content\/uploads\/2024\/09\/Palace-of-Versailles\u200b-768x513.jpg 768w, https:\/\/alombredupin.com\/wp-content\/uploads\/2024\/09\/Palace-of-Versailles\u200b-1536x1025.jpg 1536w, https:\/\/alombredupin.com\/wp-content\/uploads\/2024\/09\/Palace-of-Versailles\u200b-2048x1367.jpg 2048w\" sizes=\"(max-width: 2560px) 100vw, 2560px\" \/>\t\t\t\t\t\t\t\t\t\t\t\t\t<\/div>\n\t\t\t\t<\/div>\n\t\t\t\t<div class=\"elementor-element elementor-element-28da2b9 elementor-widget elementor-widget-heading\" data-id=\"28da2b9\" data-element_type=\"widget\" data-widget_type=\"heading.default\">\n\t\t\t\t<div class=\"elementor-widget-container\">\n\t\t\t<h2 class=\"elementor-heading-title elementor-size-default\">Palace of Versailles<\/h2>\t\t<\/div>\n\t\t\t\t<\/div>\n\t\t\t\t<div class=\"elementor-element elementor-element-3b4bbe5 elementor-widget elementor-widget-text-editor\" data-id=\"3b4bbe5\" data-element_type=\"widget\" data-widget_type=\"text-editor.default\">\n\t\t\t\t<div class=\"elementor-widget-container\">\n\t\t\t\t\t\t\t<p>A short drive from Paris, the Palace of Versailles is one of France's most impressive landmarks. Explore the magnificent gardens, opulent halls and rich history that make this place truly unforgettable.<\/p>\t\t\t\t\t\t<\/div>\n\t\t\t\t<\/div>\n\t\t\t\t<\/div>\n\t\t\t\t<\/div>\n\t\t\t\t\t<\/div>\n\t\t\t\t<\/div>\n\t\t\t\t<\/div>","protected":false},"excerpt":{"rendered":"<p>Atra\u00e7\u00f5es Nas Proximidades Explorar Descubra a Magia \u00e0 Sua Volta Explore as atrac\u00e7\u00f5es ic\u00f3nicas que tornam a sua estadia no A L'Ombre du Pin verdadeiramente especial. Com f\u00e1cil acesso a algumas das experi\u00eancias mais emocionantes da regi\u00e3o, estar\u00e1 sempre a um passo da aventura. Disneyland Paris 21 km \u2014 20 min by car \/ 1 [&hellip;]<\/p>","protected":false},"author":1,"featured_media":0,"parent":0,"menu_order":0,"comment_status":"closed","ping_status":"closed","template":"","meta":{"iawp_total_views":60,"footnotes":""},"class_list":["post-28","page","type-page","status-publish","hentry"],"_links":{"self":[{"href":"https:\/\/alombredupin.com\/en\/wp-json\/wp\/v2\/pages\/28","targetHints":{"allow":["GET"]}}],"collection":[{"href":"https:\/\/alombredupin.com\/en\/wp-json\/wp\/v2\/pages"}],"about":[{"href":"https:\/\/alombredupin.com\/en\/wp-json\/wp\/v2\/types\/page"}],"author":[{"embeddable":true,"href":"https:\/\/alombredupin.com\/en\/wp-json\/wp\/v2\/users\/1"}],"replies":[{"embeddable":true,"href":"https:\/\/alombredupin.com\/en\/wp-json\/wp\/v2\/comments?post=28"}],"version-history":[{"count":0,"href":"https:\/\/alombredupin.com\/en\/wp-json\/wp\/v2\/pages\/28\/revisions"}],"wp:attachment":[{"href":"https:\/\/alombredupin.com\/en\/wp-json\/wp\/v2\/media?parent=28"}],"curies":[{"name":"wp","href":"https:\/\/api.w.org\/{rel}","templated":true}]}}