{"id":7804,"date":"2024-10-10T14:07:18","date_gmt":"2024-10-10T14:07:18","guid":{"rendered":"https:\/\/alombredupin.com\/?page_id=7804"},"modified":"2024-11-07T18:25:48","modified_gmt":"2024-11-07T18:25:48","slug":"politica-de-privacidad","status":"publish","type":"page","link":"https:\/\/alombredupin.com\/es\/politica-de-privacidad\/","title":{"rendered":"Pol\u00edtica de privacidad"},"content":{"rendered":"<div data-elementor-type=\"wp-page\" data-elementor-id=\"7804\" class=\"elementor elementor-7804\" data-elementor-post-type=\"page\">\n\t\t\t\t<div class=\"elementor-element elementor-element-1d669e5 e-flex e-con-boxed e-con e-parent\" data-id=\"1d669e5\" data-element_type=\"container\" id=\"page-subheader\" data-settings=\"{&quot;background_background&quot;:&quot;classic&quot;}\">\n\t\t\t\t\t<div class=\"e-con-inner\">\n\t\t<div class=\"elementor-element elementor-element-154388a e-con-full e-flex e-con e-child\" data-id=\"154388a\" data-element_type=\"container\">\n\t\t\t\t<div class=\"elementor-element elementor-element-57d3f4b elementor-widget-tablet__width-initial elementor-widget elementor-widget-heading\" data-id=\"57d3f4b\" data-element_type=\"widget\" data-widget_type=\"heading.default\">\n\t\t\t\t<div class=\"elementor-widget-container\">\n\t\t\t<h1 class=\"elementor-heading-title elementor-size-default\">Pol\u00edtica de privacidad<\/h1>\t\t<\/div>\n\t\t\t\t<\/div>\n\t\t\t\t<\/div>\n\t\t\t\t\t<\/div>\n\t\t\t\t<\/div>\n\t\t<div class=\"elementor-element elementor-element-3705698 e-flex e-con-boxed e-con e-parent\" data-id=\"3705698\" data-element_type=\"container\" id=\"section-feature-privacy\">\n\t\t\t\t\t<div class=\"e-con-inner\">\n\t\t\t\t<div class=\"elementor-element elementor-element-ce9fcae elementor-widget elementor-widget-text-editor\" data-id=\"ce9fcae\" data-element_type=\"widget\" data-widget_type=\"text-editor.default\">\n\t\t\t\t<div class=\"elementor-widget-container\">\n\t\t\t\t\t\t\t<p>L'Ombre du Pin valora su privacidad y se compromete a proteger su informaci\u00f3n personal. Esta pol\u00edtica de privacidad explica c\u00f3mo recopilamos, utilizamos y protegemos sus datos cuando utiliza nuestros servicios.<\/p>\t\t\t\t\t\t<\/div>\n\t\t\t\t<\/div>\n\t\t\t\t\t<\/div>\n\t\t\t\t<\/div>\n\t\t<div class=\"elementor-element elementor-element-71bcfcd e-flex e-con-boxed e-con e-parent\" data-id=\"71bcfcd\" data-element_type=\"container\" id=\"section-privacy-a\">\n\t\t\t\t\t<div class=\"e-con-inner\">\n\t\t\t\t<div class=\"elementor-element elementor-element-944d785 elementor-widget elementor-widget-heading\" data-id=\"944d785\" data-element_type=\"widget\" data-widget_type=\"heading.default\">\n\t\t\t\t<div class=\"elementor-widget-container\">\n\t\t\t<h2 class=\"elementor-heading-title elementor-size-default\">1. informaci\u00f3n que recopilamos<\/h2>\t\t<\/div>\n\t\t\t\t<\/div>\n\t\t\t\t<div class=\"elementor-element elementor-element-b7d9521 elementor-widget elementor-widget-text-editor\" data-id=\"b7d9521\" data-element_type=\"widget\" data-widget_type=\"text-editor.default\">\n\t\t\t\t<div class=\"elementor-widget-container\">\n\t\t\t\t\t\t\t<p>Recopilamos informaci\u00f3n personal que usted nos proporciona directamente, como por ejemplo<\/p><ul><li>Nombre<\/li><li>Direcci\u00f3n de correo electr\u00f3nico<\/li><li>Informaci\u00f3n de pago (procesada a trav\u00e9s de servicios de terceros como Stripe y PayPal)<\/li><li>Detalles de la reserva (fechas, tipo de unidad, etc.)<\/li><\/ul><p>Adem\u00e1s, podemos recopilar autom\u00e1ticamente datos como informaci\u00f3n de navegaci\u00f3n (direcci\u00f3n IP, tipo de dispositivo, sistema operativo, etc.) a trav\u00e9s de cookies y tecnolog\u00edas similares.<\/p>\t\t\t\t\t\t<\/div>\n\t\t\t\t<\/div>\n\t\t\t\t\t<\/div>\n\t\t\t\t<\/div>\n\t\t<div class=\"elementor-element elementor-element-61b06f6 e-flex e-con-boxed e-con e-parent\" data-id=\"61b06f6\" data-element_type=\"container\" id=\"section-privacy-b\">\n\t\t\t\t\t<div class=\"e-con-inner\">\n\t\t\t\t<div class=\"elementor-element elementor-element-3646859 elementor-widget elementor-widget-heading\" data-id=\"3646859\" data-element_type=\"widget\" data-widget_type=\"heading.default\">\n\t\t\t\t<div class=\"elementor-widget-container\">\n\t\t\t<h2 class=\"elementor-heading-title elementor-size-default\">2. C\u00f3mo utilizamos su informaci\u00f3n<\/h2>\t\t<\/div>\n\t\t\t\t<\/div>\n\t\t\t\t<div class=\"elementor-element elementor-element-0ba32cb elementor-widget elementor-widget-text-editor\" data-id=\"0ba32cb\" data-element_type=\"widget\" data-widget_type=\"text-editor.default\">\n\t\t\t\t<div class=\"elementor-widget-container\">\n\t\t\t\t\t\t\tUtilizamos su informaci\u00f3n para:\n<ul><li>Tramitaci\u00f3n y confirmaci\u00f3n de reservas<\/li>\n \t<li>Gestione su estancia<\/li>\n \t<li>Mejorar nuestros servicios y la experiencia del cliente<\/li>\n \t<li>Enviar comunicaciones sobre reservas, promociones y actualizaciones<\/li>\n \t<li>Cumplir las obligaciones legales<\/li>\n<\/ul>\t\t\t\t\t\t<\/div>\n\t\t\t\t<\/div>\n\t\t\t\t\t<\/div>\n\t\t\t\t<\/div>\n\t\t<div class=\"elementor-element elementor-element-b98e002 e-flex e-con-boxed e-con e-parent\" data-id=\"b98e002\" data-element_type=\"container\" id=\"section-privacy-c\">\n\t\t\t\t\t<div class=\"e-con-inner\">\n\t\t\t\t<div class=\"elementor-element elementor-element-40b97db elementor-widget elementor-widget-heading\" data-id=\"40b97db\" data-element_type=\"widget\" data-widget_type=\"heading.default\">\n\t\t\t\t<div class=\"elementor-widget-container\">\n\t\t\t<h2 class=\"elementor-heading-title elementor-size-default\">3. 3. Intercambio de datos<\/h2>\t\t<\/div>\n\t\t\t\t<\/div>\n\t\t\t\t<div class=\"elementor-element elementor-element-a76928b elementor-widget elementor-widget-text-editor\" data-id=\"a76928b\" data-element_type=\"widget\" data-widget_type=\"text-editor.default\">\n\t\t\t\t<div class=\"elementor-widget-container\">\n\t\t\t\t\t\t\tNo vendemos su informaci\u00f3n personal. Podemos compartir su informaci\u00f3n con:\n<ul><li>Proveedores de servicios (por ejemplo, sistemas de pago, servicios de alojamiento) que nos ayudan a gestionar nuestro sitio web y a prestar servicios.<\/li>\n \t<li>Autoridades judiciales, si es necesario, para cumplir la ley.<\/li>\n<\/ul>\t\t\t\t\t\t<\/div>\n\t\t\t\t<\/div>\n\t\t\t\t\t<\/div>\n\t\t\t\t<\/div>\n\t\t<div class=\"elementor-element elementor-element-dc6d656 e-flex e-con-boxed e-con e-parent\" data-id=\"dc6d656\" data-element_type=\"container\" id=\"section-privacy-d\">\n\t\t\t\t\t<div class=\"e-con-inner\">\n\t\t\t\t<div class=\"elementor-element elementor-element-88db827 elementor-widget elementor-widget-heading\" data-id=\"88db827\" data-element_type=\"widget\" data-widget_type=\"heading.default\">\n\t\t\t\t<div class=\"elementor-widget-container\">\n\t\t\t<h2 class=\"elementor-heading-title elementor-size-default\">4. 4. Seguridad de los datos<\/h2>\t\t<\/div>\n\t\t\t\t<\/div>\n\t\t\t\t<div class=\"elementor-element elementor-element-3cfdacd elementor-widget elementor-widget-text-editor\" data-id=\"3cfdacd\" data-element_type=\"widget\" data-widget_type=\"text-editor.default\">\n\t\t\t\t<div class=\"elementor-widget-container\">\n\t\t\t\t\t\t\t<p>Hemos implantado medidas de seguridad adecuadas para proteger sus datos personales contra el acceso, la alteraci\u00f3n, la divulgaci\u00f3n o la destrucci\u00f3n no autorizados.<\/p>\t\t\t\t\t\t<\/div>\n\t\t\t\t<\/div>\n\t\t\t\t\t<\/div>\n\t\t\t\t<\/div>\n\t\t<div class=\"elementor-element elementor-element-af97d1c e-flex e-con-boxed e-con e-parent\" data-id=\"af97d1c\" data-element_type=\"container\" id=\"section-privacy-e\">\n\t\t\t\t\t<div class=\"e-con-inner\">\n\t\t\t\t<div class=\"elementor-element elementor-element-de51040 elementor-widget elementor-widget-heading\" data-id=\"de51040\" data-element_type=\"widget\" data-widget_type=\"heading.default\">\n\t\t\t\t<div class=\"elementor-widget-container\">\n\t\t\t<h2 class=\"elementor-heading-title elementor-size-default\">5. Derechos de los usuarios<\/h2>\t\t<\/div>\n\t\t\t\t<\/div>\n\t\t\t\t<div class=\"elementor-element elementor-element-214f28a elementor-widget elementor-widget-text-editor\" data-id=\"214f28a\" data-element_type=\"widget\" data-widget_type=\"text-editor.default\">\n\t\t\t\t<div class=\"elementor-widget-container\">\n\t\t\t\t\t\t\tEl usuario tiene derecho a:\n<ul><li>Acceso a su informaci\u00f3n personal<\/li>\n \t<li>Solicitar la correcci\u00f3n de informaci\u00f3n inexacta<\/li>\n \t<li>Solicitar la supresi\u00f3n de sus datos personales, con algunas excepciones<\/li>\n \t<li>Retirar su consentimiento para el uso de los datos, cuando proceda<\/li>\n<\/ul>\nPara ejercer estos derechos, p\u00f3ngase en contacto con nosotros utilizando la informaci\u00f3n que se facilita a continuaci\u00f3n.\t\t\t\t\t\t<\/div>\n\t\t\t\t<\/div>\n\t\t\t\t\t<\/div>\n\t\t\t\t<\/div>\n\t\t<div class=\"elementor-element elementor-element-973bb7c e-flex e-con-boxed e-con e-parent\" data-id=\"973bb7c\" data-element_type=\"container\" id=\"section-privacy-f\">\n\t\t\t\t\t<div class=\"e-con-inner\">\n\t\t\t\t<div class=\"elementor-element elementor-element-a106d2c elementor-widget elementor-widget-heading\" data-id=\"a106d2c\" data-element_type=\"widget\" data-widget_type=\"heading.default\">\n\t\t\t\t<div class=\"elementor-widget-container\">\n\t\t\t<h2 class=\"elementor-heading-title elementor-size-default\">6. Cookies<\/h2>\t\t<\/div>\n\t\t\t\t<\/div>\n\t\t\t\t<div class=\"elementor-element elementor-element-7ab9889 elementor-widget elementor-widget-text-editor\" data-id=\"7ab9889\" data-element_type=\"widget\" data-widget_type=\"text-editor.default\">\n\t\t\t\t<div class=\"elementor-widget-container\">\n\t\t\t\t\t\t\t<p>Utilizamos cookies para mejorar la experiencia del usuario en nuestro sitio web. Puede ajustar la configuraci\u00f3n de su navegador para rechazar las cookies, pero esto puede afectar a su experiencia de navegaci\u00f3n.<\/p>\t\t\t\t\t\t<\/div>\n\t\t\t\t<\/div>\n\t\t\t\t\t<\/div>\n\t\t\t\t<\/div>\n\t\t<div class=\"elementor-element elementor-element-f42ff07 e-flex e-con-boxed e-con e-parent\" data-id=\"f42ff07\" data-element_type=\"container\" id=\"section-privacy-g\">\n\t\t\t\t\t<div class=\"e-con-inner\">\n\t\t\t\t<div class=\"elementor-element elementor-element-3af948f elementor-widget elementor-widget-heading\" data-id=\"3af948f\" data-element_type=\"widget\" data-widget_type=\"heading.default\">\n\t\t\t\t<div class=\"elementor-widget-container\">\n\t\t\t<h2 class=\"elementor-heading-title elementor-size-default\">7. Modificaciones de esta pol\u00edtica<\/h2>\t\t<\/div>\n\t\t\t\t<\/div>\n\t\t\t\t<div class=\"elementor-element elementor-element-82db489 elementor-widget elementor-widget-text-editor\" data-id=\"82db489\" data-element_type=\"widget\" data-widget_type=\"text-editor.default\">\n\t\t\t\t<div class=\"elementor-widget-container\">\n\t\t\t\t\t\t\t<p>Podemos actualizar esta Pol\u00edtica de Privacidad de vez en cuando. Le notificaremos los cambios significativos a trav\u00e9s de nuestro sitio web o por correo electr\u00f3nico.<\/p>\t\t\t\t\t\t<\/div>\n\t\t\t\t<\/div>\n\t\t\t\t\t<\/div>\n\t\t\t\t<\/div>\n\t\t<div class=\"elementor-element elementor-element-dc01028 e-flex e-con-boxed e-con e-parent\" data-id=\"dc01028\" data-element_type=\"container\" id=\"section-privacy-h\">\n\t\t\t\t\t<div class=\"e-con-inner\">\n\t\t\t\t<div class=\"elementor-element elementor-element-fcbae87 elementor-widget elementor-widget-heading\" data-id=\"fcbae87\" data-element_type=\"widget\" data-widget_type=\"heading.default\">\n\t\t\t\t<div class=\"elementor-widget-container\">\n\t\t\t<h2 class=\"elementor-heading-title elementor-size-default\">8. Contacto<\/h2>\t\t<\/div>\n\t\t\t\t<\/div>\n\t\t\t\t<div class=\"elementor-element elementor-element-f6558fa elementor-widget elementor-widget-text-editor\" data-id=\"f6558fa\" data-element_type=\"widget\" data-widget_type=\"text-editor.default\">\n\t\t\t\t<div class=\"elementor-widget-container\">\n\t\t\t\t\t\t\t<p>Si desea m\u00e1s informaci\u00f3n sobre esta Pol\u00edtica de Privacidad o ejercer sus derechos, p\u00f3ngase en contacto con nosotros:<\/p><ul><li><strong>Correo electr\u00f3nico:<\/strong> alombredupin77@gmail.com<\/li><li><strong>Tel\u00e9fono:<\/strong> +33 6 51 47 60 20<\/li><li><strong>Direcci\u00f3n:<\/strong> 8-10 Rue de Verdun, 77181 Le Pin, Francia<\/li><\/ul>\t\t\t\t\t\t<\/div>\n\t\t\t\t<\/div>\n\t\t\t\t\t<\/div>\n\t\t\t\t<\/div>\n\t\t\t\t<\/div>","protected":false},"excerpt":{"rendered":"<p>Pol\u00edtica de privacidad L'Ombre du Pin valora su privacidad y se compromete a proteger su informaci\u00f3n personal. Esta Pol\u00edtica de Privacidad explica c\u00f3mo recogemos, utilizamos y protegemos sus datos cuando utiliza nuestros servicios. 1. informaci\u00f3n que recopilamos Recopilamos la informaci\u00f3n personal que usted nos proporciona directamente, como por ejemplo: Nombre Direcci\u00f3n [...]<\/p>","protected":false},"author":2,"featured_media":0,"parent":0,"menu_order":0,"comment_status":"closed","ping_status":"closed","template":"","meta":{"iawp_total_views":23,"footnotes":""},"class_list":["post-7804","page","type-page","status-publish","hentry"],"_links":{"self":[{"href":"https:\/\/alombredupin.com\/es\/wp-json\/wp\/v2\/pages\/7804","targetHints":{"allow":["GET"]}}],"collection":[{"href":"https:\/\/alombredupin.com\/es\/wp-json\/wp\/v2\/pages"}],"about":[{"href":"https:\/\/alombredupin.com\/es\/wp-json\/wp\/v2\/types\/page"}],"author":[{"embeddable":true,"href":"https:\/\/alombredupin.com\/es\/wp-json\/wp\/v2\/users\/2"}],"replies":[{"embeddable":true,"href":"https:\/\/alombredupin.com\/es\/wp-json\/wp\/v2\/comments?post=7804"}],"version-history":[{"count":0,"href":"https:\/\/alombredupin.com\/es\/wp-json\/wp\/v2\/pages\/7804\/revisions"}],"wp:attachment":[{"href":"https:\/\/alombredupin.com\/es\/wp-json\/wp\/v2\/media?parent=7804"}],"curies":[{"name":"wp","href":"https:\/\/api.w.org\/{rel}","templated":true}]}}