{"id":7822,"date":"2024-10-10T14:44:20","date_gmt":"2024-10-10T14:44:20","guid":{"rendered":"https:\/\/alombredupin.com\/?page_id=7822"},"modified":"2024-11-07T18:25:25","modified_gmt":"2024-11-07T18:25:25","slug":"condiciones-generales","status":"publish","type":"page","link":"https:\/\/alombredupin.com\/es\/condiciones-generales\/","title":{"rendered":"Condiciones generales"},"content":{"rendered":"<div data-elementor-type=\"wp-page\" data-elementor-id=\"7822\" class=\"elementor elementor-7822\" data-elementor-post-type=\"page\">\n\t\t\t\t<div class=\"elementor-element elementor-element-546afb1 e-flex e-con-boxed e-con e-parent\" data-id=\"546afb1\" data-element_type=\"container\" id=\"page-subheader\" data-settings=\"{&quot;background_background&quot;:&quot;classic&quot;}\">\n\t\t\t\t\t<div class=\"e-con-inner\">\n\t\t<div class=\"elementor-element elementor-element-d603685 e-con-full e-flex e-con e-child\" data-id=\"d603685\" data-element_type=\"container\">\n\t\t\t\t<div class=\"elementor-element elementor-element-4749cb8 elementor-widget-tablet__width-initial elementor-widget elementor-widget-heading\" data-id=\"4749cb8\" data-element_type=\"widget\" data-widget_type=\"heading.default\">\n\t\t\t\t<div class=\"elementor-widget-container\">\n\t\t\t<h1 class=\"elementor-heading-title elementor-size-default\">Condiciones generales<\/h1>\t\t<\/div>\n\t\t\t\t<\/div>\n\t\t\t\t<\/div>\n\t\t\t\t\t<\/div>\n\t\t\t\t<\/div>\n\t\t<div class=\"elementor-element elementor-element-2cdd898 e-flex e-con-boxed e-con e-parent\" data-id=\"2cdd898\" data-element_type=\"container\" id=\"section-feature-terms\">\n\t\t\t\t\t<div class=\"e-con-inner\">\n\t\t\t\t<div class=\"elementor-element elementor-element-40661ee elementor-widget elementor-widget-text-editor\" data-id=\"40661ee\" data-element_type=\"widget\" data-widget_type=\"text-editor.default\">\n\t\t\t\t<div class=\"elementor-widget-container\">\n\t\t\t\t\t\t\t<p>Bienvenido al sitio web de A L'Ombre du Pin. Al acceder y utilizar nuestros servicios, acepta cumplir las siguientes condiciones. Si no est\u00e1 de acuerdo con estas condiciones, no debe utilizar nuestros servicios.<\/p>\t\t\t\t\t\t<\/div>\n\t\t\t\t<\/div>\n\t\t\t\t\t<\/div>\n\t\t\t\t<\/div>\n\t\t<div class=\"elementor-element elementor-element-1b26848 e-flex e-con-boxed e-con e-parent\" data-id=\"1b26848\" data-element_type=\"container\" id=\"section-terms-a\">\n\t\t\t\t\t<div class=\"e-con-inner\">\n\t\t\t\t<div class=\"elementor-element elementor-element-46ec3a8 elementor-widget elementor-widget-heading\" data-id=\"46ec3a8\" data-element_type=\"widget\" data-widget_type=\"heading.default\">\n\t\t\t\t<div class=\"elementor-widget-container\">\n\t\t\t<h2 class=\"elementor-heading-title elementor-size-default\">1. Definiciones<\/h2>\t\t<\/div>\n\t\t\t\t<\/div>\n\t\t\t\t<div class=\"elementor-element elementor-element-57c5a01 elementor-widget elementor-widget-text-editor\" data-id=\"57c5a01\" data-element_type=\"widget\" data-widget_type=\"text-editor.default\">\n\t\t\t\t<div class=\"elementor-widget-container\">\n\t\t\t\t\t\t\t<ul><li><strong>\u201cNosotros\u201d<\/strong>, <strong>\u2018nuestro\u2019<\/strong> se refiere a A L'Ombre du Pin.<\/li><li><strong>\u201cT\u00fa\u201d<\/strong>,<strong> \u2018tuyo\u2019<\/strong> se refiere al usuario que accede y utiliza nuestro sitio web y nuestros servicios.<\/li><\/ul>\t\t\t\t\t\t<\/div>\n\t\t\t\t<\/div>\n\t\t\t\t\t<\/div>\n\t\t\t\t<\/div>\n\t\t<div class=\"elementor-element elementor-element-5f9f39b e-flex e-con-boxed e-con e-parent\" data-id=\"5f9f39b\" data-element_type=\"container\" id=\"section-terms-b\">\n\t\t\t\t\t<div class=\"e-con-inner\">\n\t\t\t\t<div class=\"elementor-element elementor-element-f64a83d elementor-widget elementor-widget-heading\" data-id=\"f64a83d\" data-element_type=\"widget\" data-widget_type=\"heading.default\">\n\t\t\t\t<div class=\"elementor-widget-container\">\n\t\t\t<h2 class=\"elementor-heading-title elementor-size-default\">2. Servicios<\/h2>\t\t<\/div>\n\t\t\t\t<\/div>\n\t\t\t\t<div class=\"elementor-element elementor-element-c47da6d elementor-widget elementor-widget-text-editor\" data-id=\"c47da6d\" data-element_type=\"widget\" data-widget_type=\"text-editor.default\">\n\t\t\t\t<div class=\"elementor-widget-container\">\n\t\t\t\t\t\t\t<p>A L'Ombre du Pin ofrece alojamiento en pisos y estudios situados en Le Pin, \u00cele-de-France. Los servicios incluyen reservas, atenci\u00f3n al cliente e instalaciones adicionales como aparcamiento y cargadores para veh\u00edculos el\u00e9ctricos.<\/p>\t\t\t\t\t\t<\/div>\n\t\t\t\t<\/div>\n\t\t\t\t\t<\/div>\n\t\t\t\t<\/div>\n\t\t<div class=\"elementor-element elementor-element-5d2a266 e-flex e-con-boxed e-con e-parent\" data-id=\"5d2a266\" data-element_type=\"container\" id=\"section-terms-c\">\n\t\t\t\t\t<div class=\"e-con-inner\">\n\t\t\t\t<div class=\"elementor-element elementor-element-6bb6cd3 elementor-widget elementor-widget-heading\" data-id=\"6bb6cd3\" data-element_type=\"widget\" data-widget_type=\"heading.default\">\n\t\t\t\t<div class=\"elementor-widget-container\">\n\t\t\t<h2 class=\"elementor-heading-title elementor-size-default\">3. Reservas<\/h2>\t\t<\/div>\n\t\t\t\t<\/div>\n\t\t\t\t<div class=\"elementor-element elementor-element-3b6f4c1 elementor-widget elementor-widget-text-editor\" data-id=\"3b6f4c1\" data-element_type=\"widget\" data-widget_type=\"text-editor.default\">\n\t\t\t\t<div class=\"elementor-widget-container\">\n\t\t\t\t\t\t\t<p>Para realizar una reserva, debe proporcionar informaci\u00f3n personal exacta y actualizada. Usted se compromete a pagar el importe total de la reserva en el momento de la confirmaci\u00f3n, que incluye una tasa de limpieza de 20 euros por cada estancia, utilizando uno de los m\u00e9todos de pago disponibles (tarjeta de cr\u00e9dito o d\u00e9bito, PayPal, transferencia bancaria).<\/p>\t\t\t\t\t\t<\/div>\n\t\t\t\t<\/div>\n\t\t\t\t\t<\/div>\n\t\t\t\t<\/div>\n\t\t<div class=\"elementor-element elementor-element-e8ea740 e-flex e-con-boxed e-con e-parent\" data-id=\"e8ea740\" data-element_type=\"container\" id=\"section-terms-d\">\n\t\t\t\t\t<div class=\"e-con-inner\">\n\t\t\t\t<div class=\"elementor-element elementor-element-e2ff03b elementor-widget elementor-widget-heading\" data-id=\"e2ff03b\" data-element_type=\"widget\" data-widget_type=\"heading.default\">\n\t\t\t\t<div class=\"elementor-widget-container\">\n\t\t\t<h2 class=\"elementor-heading-title elementor-size-default\">4. 4. Registro de entrada y salida<\/h2>\t\t<\/div>\n\t\t\t\t<\/div>\n\t\t\t\t<div class=\"elementor-element elementor-element-612494d elementor-widget elementor-widget-text-editor\" data-id=\"612494d\" data-element_type=\"widget\" data-widget_type=\"text-editor.default\">\n\t\t\t\t<div class=\"elementor-widget-container\">\n\t\t\t\t\t\t\t<ul><li><strong>Facturaci\u00f3n:<\/strong> El registro de entrada est\u00e1 disponible entre las 15:00 y las 19:00 del d\u00eda de llegada. Los hu\u00e9spedes deben presentar un documento de identidad v\u00e1lido y la confirmaci\u00f3n de la reserva al hacer el registro de entrada.<\/li><li><strong>Salida:<\/strong> La salida debe efectuarse antes de las 11.00 horas del d\u00eda de salida. Se ruega a los hu\u00e9spedes que dejen las llaves en la mesa de la cocina e informen a recepci\u00f3n de su salida. Si el hu\u00e9sped se marcha antes de las 8 de la ma\u00f1ana, por favor, deposite la llave en la caja designada.<\/li><li><strong>Estancia prolongada:<\/strong> Si desea prolongar su estancia, p\u00f3ngase en contacto con recepci\u00f3n lo antes posible. Las pr\u00f3rrogas est\u00e1n sujetas a disponibilidad y a las tarifas aplicables.<\/li><\/ul>\t\t\t\t\t\t<\/div>\n\t\t\t\t<\/div>\n\t\t\t\t\t<\/div>\n\t\t\t\t<\/div>\n\t\t<div class=\"elementor-element elementor-element-60eeee5 e-flex e-con-boxed e-con e-parent\" data-id=\"60eeee5\" data-element_type=\"container\" id=\"section-terms-e\">\n\t\t\t\t\t<div class=\"e-con-inner\">\n\t\t\t\t<div class=\"elementor-element elementor-element-979421b elementor-widget elementor-widget-heading\" data-id=\"979421b\" data-element_type=\"widget\" data-widget_type=\"heading.default\">\n\t\t\t\t<div class=\"elementor-widget-container\">\n\t\t\t<h2 class=\"elementor-heading-title elementor-size-default\">5. 5. Pol\u00edtica de anulaci\u00f3n<\/h2>\t\t<\/div>\n\t\t\t\t<\/div>\n\t\t\t\t<div class=\"elementor-element elementor-element-a73398a elementor-widget elementor-widget-text-editor\" data-id=\"a73398a\" data-element_type=\"widget\" data-widget_type=\"text-editor.default\">\n\t\t\t\t<div class=\"elementor-widget-container\">\n\t\t\t\t\t\t\t<p>Las reservas pueden cancelarse seg\u00fan las condiciones especificadas en la confirmaci\u00f3n de la reserva. Pueden aplicarse gastos de cancelaci\u00f3n seg\u00fan las pol\u00edticas vigentes en el momento de la reserva.<\/p>\t\t\t\t\t\t<\/div>\n\t\t\t\t<\/div>\n\t\t\t\t\t<\/div>\n\t\t\t\t<\/div>\n\t\t<div class=\"elementor-element elementor-element-f0bb79a e-flex e-con-boxed e-con e-parent\" data-id=\"f0bb79a\" data-element_type=\"container\" id=\"section-terms-f\">\n\t\t\t\t\t<div class=\"e-con-inner\">\n\t\t\t\t<div class=\"elementor-element elementor-element-03cfa6e elementor-widget elementor-widget-heading\" data-id=\"03cfa6e\" data-element_type=\"widget\" data-widget_type=\"heading.default\">\n\t\t\t\t<div class=\"elementor-widget-container\">\n\t\t\t<h2 class=\"elementor-heading-title elementor-size-default\">6.  6. Uso de las instalaciones<\/h2>\t\t<\/div>\n\t\t\t\t<\/div>\n\t\t\t\t<div class=\"elementor-element elementor-element-4733bb6 elementor-widget elementor-widget-text-editor\" data-id=\"4733bb6\" data-element_type=\"widget\" data-widget_type=\"text-editor.default\">\n\t\t\t\t<div class=\"elementor-widget-container\">\n\t\t\t\t\t\t\t<p>Los hu\u00e9spedes son responsables de cuidar las instalaciones y el equipamiento durante su estancia. Cualquier da\u00f1o causado por negligencia o mal uso puede conllevar cargos adicionales.<\/p>\t\t\t\t\t\t<\/div>\n\t\t\t\t<\/div>\n\t\t\t\t\t<\/div>\n\t\t\t\t<\/div>\n\t\t<div class=\"elementor-element elementor-element-c7d218b e-flex e-con-boxed e-con e-parent\" data-id=\"c7d218b\" data-element_type=\"container\" id=\"section-terms-g\">\n\t\t\t\t\t<div class=\"e-con-inner\">\n\t\t\t\t<div class=\"elementor-element elementor-element-24acf07 elementor-widget elementor-widget-heading\" data-id=\"24acf07\" data-element_type=\"widget\" data-widget_type=\"heading.default\">\n\t\t\t\t<div class=\"elementor-widget-container\">\n\t\t\t<h2 class=\"elementor-heading-title elementor-size-default\">7. Comportamiento de los invitados<\/h2>\t\t<\/div>\n\t\t\t\t<\/div>\n\t\t\t\t<div class=\"elementor-element elementor-element-c670504 elementor-widget elementor-widget-text-editor\" data-id=\"c670504\" data-element_type=\"widget\" data-widget_type=\"text-editor.default\">\n\t\t\t\t<div class=\"elementor-widget-container\">\n\t\t\t\t\t\t\t<p>Esperamos que todos los hu\u00e9spedes se comporten de forma respetuosa y cort\u00e9s. Nos reservamos el derecho a poner fin a la estancia de cualquier hu\u00e9sped que no cumpla estas expectativas.<\/p>\t\t\t\t\t\t<\/div>\n\t\t\t\t<\/div>\n\t\t\t\t\t<\/div>\n\t\t\t\t<\/div>\n\t\t<div class=\"elementor-element elementor-element-db313b4 e-flex e-con-boxed e-con e-parent\" data-id=\"db313b4\" data-element_type=\"container\" id=\"section-terms-h\">\n\t\t\t\t\t<div class=\"e-con-inner\">\n\t\t\t\t<div class=\"elementor-element elementor-element-0889a0d elementor-widget elementor-widget-heading\" data-id=\"0889a0d\" data-element_type=\"widget\" data-widget_type=\"heading.default\">\n\t\t\t\t<div class=\"elementor-widget-container\">\n\t\t\t<h2 class=\"elementor-heading-title elementor-size-default\">8.  Limitaci\u00f3n de responsabilidad<\/h2>\t\t<\/div>\n\t\t\t\t<\/div>\n\t\t\t\t<div class=\"elementor-element elementor-element-9b52689 elementor-widget elementor-widget-text-editor\" data-id=\"9b52689\" data-element_type=\"widget\" data-widget_type=\"text-editor.default\">\n\t\t\t\t<div class=\"elementor-widget-container\">\n\t\t\t\t\t\t\t<p>L'Ombre du Pin no se hace responsable de los da\u00f1os o perjuicios derivados de la utilizaci\u00f3n de nuestros servicios, salvo en los casos previstos por la ley.<\/p>\t\t\t\t\t\t<\/div>\n\t\t\t\t<\/div>\n\t\t\t\t\t<\/div>\n\t\t\t\t<\/div>\n\t\t<div class=\"elementor-element elementor-element-f3e8b65 e-flex e-con-boxed e-con e-parent\" data-id=\"f3e8b65\" data-element_type=\"container\" id=\"section-terms-i\">\n\t\t\t\t\t<div class=\"e-con-inner\">\n\t\t\t\t<div class=\"elementor-element elementor-element-1e6cb95 elementor-widget elementor-widget-heading\" data-id=\"1e6cb95\" data-element_type=\"widget\" data-widget_type=\"heading.default\">\n\t\t\t\t<div class=\"elementor-widget-container\">\n\t\t\t<h2 class=\"elementor-heading-title elementor-size-default\">9. Privacidad<\/h2>\t\t<\/div>\n\t\t\t\t<\/div>\n\t\t\t\t<div class=\"elementor-element elementor-element-b916b8a elementor-widget elementor-widget-text-editor\" data-id=\"b916b8a\" data-element_type=\"widget\" data-widget_type=\"text-editor.default\">\n\t\t\t\t<div class=\"elementor-widget-container\">\n\t\t\t\t\t\t\t<p>El uso de su informaci\u00f3n personal est\u00e1 sujeto a nuestra Pol\u00edtica de Privacidad, que puede consultar en nuestro sitio web.<\/p>\t\t\t\t\t\t<\/div>\n\t\t\t\t<\/div>\n\t\t\t\t\t<\/div>\n\t\t\t\t<\/div>\n\t\t<div class=\"elementor-element elementor-element-306bed7 e-flex e-con-boxed e-con e-parent\" data-id=\"306bed7\" data-element_type=\"container\" id=\"section-terms-j\">\n\t\t\t\t\t<div class=\"e-con-inner\">\n\t\t\t\t<div class=\"elementor-element elementor-element-ec2f2dd elementor-widget elementor-widget-heading\" data-id=\"ec2f2dd\" data-element_type=\"widget\" data-widget_type=\"heading.default\">\n\t\t\t\t<div class=\"elementor-widget-container\">\n\t\t\t<h2 class=\"elementor-heading-title elementor-size-default\">10. Cambios en las condiciones<\/h2>\t\t<\/div>\n\t\t\t\t<\/div>\n\t\t\t\t<div class=\"elementor-element elementor-element-de80360 elementor-widget elementor-widget-text-editor\" data-id=\"de80360\" data-element_type=\"widget\" data-widget_type=\"text-editor.default\">\n\t\t\t\t<div class=\"elementor-widget-container\">\n\t\t\t\t\t\t\t<p>Nos reservamos el derecho a modificar estas Condiciones Generales en cualquier momento. Las modificaciones entrar\u00e1n en vigor inmediatamente despu\u00e9s de su publicaci\u00f3n en nuestro sitio web. El uso continuado de los servicios implica la aceptaci\u00f3n de las nuevas condiciones.<\/p>\t\t\t\t\t\t<\/div>\n\t\t\t\t<\/div>\n\t\t\t\t\t<\/div>\n\t\t\t\t<\/div>\n\t\t<div class=\"elementor-element elementor-element-f52ade0 e-flex e-con-boxed e-con e-parent\" data-id=\"f52ade0\" data-element_type=\"container\" id=\"section-terms-k\">\n\t\t\t\t\t<div class=\"e-con-inner\">\n\t\t\t\t<div class=\"elementor-element elementor-element-1d0a6b8 elementor-widget elementor-widget-heading\" data-id=\"1d0a6b8\" data-element_type=\"widget\" data-widget_type=\"heading.default\">\n\t\t\t\t<div class=\"elementor-widget-container\">\n\t\t\t<h2 class=\"elementor-heading-title elementor-size-default\">11. 11. Derecho aplicable<\/h2>\t\t<\/div>\n\t\t\t\t<\/div>\n\t\t\t\t<div class=\"elementor-element elementor-element-a8a4a08 elementor-widget elementor-widget-text-editor\" data-id=\"a8a4a08\" data-element_type=\"widget\" data-widget_type=\"text-editor.default\">\n\t\t\t\t<div class=\"elementor-widget-container\">\n\t\t\t\t\t\t\t<p>Las presentes Condiciones Generales se rigen por la legislaci\u00f3n francesa y los litigios ser\u00e1n resueltos por los tribunales competentes de dicha jurisdicci\u00f3n.<\/p>\t\t\t\t\t\t<\/div>\n\t\t\t\t<\/div>\n\t\t\t\t\t<\/div>\n\t\t\t\t<\/div>\n\t\t<div class=\"elementor-element elementor-element-a403379 e-flex e-con-boxed e-con e-parent\" data-id=\"a403379\" data-element_type=\"container\" id=\"section-terms-l\">\n\t\t\t\t\t<div class=\"e-con-inner\">\n\t\t\t\t<div class=\"elementor-element elementor-element-7c68e63 elementor-widget elementor-widget-heading\" data-id=\"7c68e63\" data-element_type=\"widget\" data-widget_type=\"heading.default\">\n\t\t\t\t<div class=\"elementor-widget-container\">\n\t\t\t<h2 class=\"elementor-heading-title elementor-size-default\">12. Contacto<\/h2>\t\t<\/div>\n\t\t\t\t<\/div>\n\t\t\t\t<div class=\"elementor-element elementor-element-6fc1c16 elementor-widget elementor-widget-text-editor\" data-id=\"6fc1c16\" data-element_type=\"widget\" data-widget_type=\"text-editor.default\">\n\t\t\t\t<div class=\"elementor-widget-container\">\n\t\t\t\t\t\t\t<p>Para cualquier pregunta o informaci\u00f3n adicional, p\u00f3ngase en contacto con nosotros:<\/p><ul><li><strong>Correo electr\u00f3nico:<\/strong> alombredupin77@gmail.com<\/li><li><strong>Tel\u00e9fono:<\/strong> +33 6 51 47 60 20<\/li><li><strong>Direcci\u00f3n:<\/strong> 8-10 Rue de Verdun, 77181 Le Pin, Francia<\/li><\/ul>\t\t\t\t\t\t<\/div>\n\t\t\t\t<\/div>\n\t\t\t\t\t<\/div>\n\t\t\t\t<\/div>\n\t\t\t\t<\/div>","protected":false},"excerpt":{"rendered":"<p>T\u00e9rminos y condiciones Bienvenido al sitio web de A L'Ombre du Pin. Al acceder y utilizar nuestros servicios, el usuario se compromete a respetar las siguientes condiciones. Si no est\u00e1 de acuerdo con estas condiciones, no debe utilizar nuestros servicios. 1. Definiciones \u201cNosotros\u201d, \u2018nuestro\u2019 se refiere a L'Ombre du Pin. \u201cUsted\u201d, \u2018su\u2019 se refiere al usuario [...]<\/p>","protected":false},"author":2,"featured_media":0,"parent":0,"menu_order":0,"comment_status":"closed","ping_status":"closed","template":"","meta":{"iawp_total_views":35,"footnotes":""},"class_list":["post-7822","page","type-page","status-publish","hentry"],"_links":{"self":[{"href":"https:\/\/alombredupin.com\/es\/wp-json\/wp\/v2\/pages\/7822","targetHints":{"allow":["GET"]}}],"collection":[{"href":"https:\/\/alombredupin.com\/es\/wp-json\/wp\/v2\/pages"}],"about":[{"href":"https:\/\/alombredupin.com\/es\/wp-json\/wp\/v2\/types\/page"}],"author":[{"embeddable":true,"href":"https:\/\/alombredupin.com\/es\/wp-json\/wp\/v2\/users\/2"}],"replies":[{"embeddable":true,"href":"https:\/\/alombredupin.com\/es\/wp-json\/wp\/v2\/comments?post=7822"}],"version-history":[{"count":0,"href":"https:\/\/alombredupin.com\/es\/wp-json\/wp\/v2\/pages\/7822\/revisions"}],"wp:attachment":[{"href":"https:\/\/alombredupin.com\/es\/wp-json\/wp\/v2\/media?parent=7822"}],"curies":[{"name":"wp","href":"https:\/\/api.w.org\/{rel}","templated":true}]}}