{"id":7833,"date":"2024-10-10T15:15:25","date_gmt":"2024-10-10T15:15:25","guid":{"rendered":"https:\/\/alombredupin.com\/?page_id=7833"},"modified":"2024-11-07T18:26:11","modified_gmt":"2024-11-07T18:26:11","slug":"politica-de-cookies","status":"publish","type":"page","link":"https:\/\/alombredupin.com\/es\/politica-de-cookies\/","title":{"rendered":"Pol\u00edtica de cookies"},"content":{"rendered":"<div data-elementor-type=\"wp-page\" data-elementor-id=\"7833\" class=\"elementor elementor-7833\" data-elementor-post-type=\"page\">\n\t\t\t\t<div class=\"elementor-element elementor-element-b063161 e-flex e-con-boxed e-con e-parent\" data-id=\"b063161\" data-element_type=\"container\" id=\"page-subheader\" data-settings=\"{&quot;background_background&quot;:&quot;classic&quot;}\">\n\t\t\t\t\t<div class=\"e-con-inner\">\n\t\t<div class=\"elementor-element elementor-element-104411a e-con-full e-flex e-con e-child\" data-id=\"104411a\" data-element_type=\"container\">\n\t\t\t\t<div class=\"elementor-element elementor-element-f9ca78b elementor-widget-tablet__width-initial elementor-widget elementor-widget-heading\" data-id=\"f9ca78b\" data-element_type=\"widget\" data-widget_type=\"heading.default\">\n\t\t\t\t<div class=\"elementor-widget-container\">\n\t\t\t<h1 class=\"elementor-heading-title elementor-size-default\">Pol\u00edtica de cookies<\/h1>\t\t<\/div>\n\t\t\t\t<\/div>\n\t\t\t\t<\/div>\n\t\t\t\t\t<\/div>\n\t\t\t\t<\/div>\n\t\t<div class=\"elementor-element elementor-element-a7da15a e-flex e-con-boxed e-con e-parent\" data-id=\"a7da15a\" data-element_type=\"container\" id=\"section-feature-cookie\">\n\t\t\t\t\t<div class=\"e-con-inner\">\n\t\t\t\t<div class=\"elementor-element elementor-element-e69f67e elementor-widget elementor-widget-text-editor\" data-id=\"e69f67e\" data-element_type=\"widget\" data-widget_type=\"text-editor.default\">\n\t\t\t\t<div class=\"elementor-widget-container\">\n\t\t\t\t\t\t\t<p>Esta pol\u00edtica de cookies explica c\u00f3mo L'Ombre du Pin utiliza las cookies y tecnolog\u00edas similares en su sitio web. Al acceder a nuestro sitio web, usted acepta el uso de cookies tal y como se describe en esta pol\u00edtica.<\/p>\t\t\t\t\t\t<\/div>\n\t\t\t\t<\/div>\n\t\t\t\t\t<\/div>\n\t\t\t\t<\/div>\n\t\t<div class=\"elementor-element elementor-element-8d9ec7b e-flex e-con-boxed e-con e-parent\" data-id=\"8d9ec7b\" data-element_type=\"container\" id=\"section-cookie-a\">\n\t\t\t\t\t<div class=\"e-con-inner\">\n\t\t\t\t<div class=\"elementor-element elementor-element-bbcb570 elementor-widget elementor-widget-heading\" data-id=\"bbcb570\" data-element_type=\"widget\" data-widget_type=\"heading.default\">\n\t\t\t\t<div class=\"elementor-widget-container\">\n\t\t\t<h2 class=\"elementor-heading-title elementor-size-default\">1. \u00bfQu\u00e9 son las cookies?<\/h2>\t\t<\/div>\n\t\t\t\t<\/div>\n\t\t\t\t<div class=\"elementor-element elementor-element-fbc98b9 elementor-widget elementor-widget-text-editor\" data-id=\"fbc98b9\" data-element_type=\"widget\" data-widget_type=\"text-editor.default\">\n\t\t\t\t<div class=\"elementor-widget-container\">\n\t\t\t\t\t\t\t<p>Las cookies son peque\u00f1os archivos de texto que se almacenan en su dispositivo (ordenador, tableta, tel\u00e9fono inteligente) cuando visita un sitio web. Ayudan al sitio web a reconocer su dispositivo y mejorar su experiencia de navegaci\u00f3n.<\/p>\t\t\t\t\t\t<\/div>\n\t\t\t\t<\/div>\n\t\t\t\t\t<\/div>\n\t\t\t\t<\/div>\n\t\t<div class=\"elementor-element elementor-element-09bd312 e-flex e-con-boxed e-con e-parent\" data-id=\"09bd312\" data-element_type=\"container\" id=\"section-cookie-b\">\n\t\t\t\t\t<div class=\"e-con-inner\">\n\t\t\t\t<div class=\"elementor-element elementor-element-98b51be elementor-widget elementor-widget-heading\" data-id=\"98b51be\" data-element_type=\"widget\" data-widget_type=\"heading.default\">\n\t\t\t\t<div class=\"elementor-widget-container\">\n\t\t\t<h2 class=\"elementor-heading-title elementor-size-default\">2. Tipos de cookies utilizadas<\/h2>\t\t<\/div>\n\t\t\t\t<\/div>\n\t\t\t\t<div class=\"elementor-element elementor-element-2be0b17 elementor-widget elementor-widget-text-editor\" data-id=\"2be0b17\" data-element_type=\"widget\" data-widget_type=\"text-editor.default\">\n\t\t\t\t<div class=\"elementor-widget-container\">\n\t\t\t\t\t\t\t<p>Utilizamos los siguientes tipos de cookies:<\/p>\n<ul><li><strong>Cookies necesarias:<\/strong> Esencial para el funcionamiento del sitio web, permiti\u00e9ndole navegar y utilizar sus funcionalidades.<\/li>\n<li><strong>Cookies de rendimiento:<\/strong> Recopilan informaci\u00f3n sobre c\u00f3mo los visitantes utilizan el sitio web, lo que nos ayuda a comprender qu\u00e9 partes son m\u00e1s populares y a mejorar nuestro contenido.<\/li>\n<li><strong>Cookies funcionales:<\/strong> Permiten al sitio web recordar las preferencias del usuario y personalizar su experiencia.<\/li>\n<li><strong>Cookies publicitarias:<\/strong> Se utiliza para mostrar anuncios relevantes en funci\u00f3n de los intereses del usuario y medir la eficacia de las campa\u00f1as publicitarias.<\/li>\n<\/ul>\t\t\t\t\t\t<\/div>\n\t\t\t\t<\/div>\n\t\t\t\t\t<\/div>\n\t\t\t\t<\/div>\n\t\t<div class=\"elementor-element elementor-element-2b8d18c e-flex e-con-boxed e-con e-parent\" data-id=\"2b8d18c\" data-element_type=\"container\" id=\"section-cookie-c\">\n\t\t\t\t\t<div class=\"e-con-inner\">\n\t\t\t\t<div class=\"elementor-element elementor-element-9654efb elementor-widget elementor-widget-heading\" data-id=\"9654efb\" data-element_type=\"widget\" data-widget_type=\"heading.default\">\n\t\t\t\t<div class=\"elementor-widget-container\">\n\t\t\t<h2 class=\"elementor-heading-title elementor-size-default\">3. Cookies de terceros<\/h2>\t\t<\/div>\n\t\t\t\t<\/div>\n\t\t\t\t<div class=\"elementor-element elementor-element-ad08462 elementor-widget elementor-widget-text-editor\" data-id=\"ad08462\" data-element_type=\"widget\" data-widget_type=\"text-editor.default\">\n\t\t\t\t<div class=\"elementor-widget-container\">\n\t\t\t\t\t\t\t<p>Adem\u00e1s de las cookies que utilizamos, terceros (como servicios de an\u00e1lisis y publicidad) tambi\u00e9n pueden colocar cookies en su dispositivo. Nosotros no controlamos estas cookies, por lo que debe consultar las pol\u00edticas de privacidad de los terceros para obtener m\u00e1s informaci\u00f3n.<\/p>\t\t\t\t\t\t<\/div>\n\t\t\t\t<\/div>\n\t\t\t\t\t<\/div>\n\t\t\t\t<\/div>\n\t\t<div class=\"elementor-element elementor-element-9fd1a78 e-flex e-con-boxed e-con e-parent\" data-id=\"9fd1a78\" data-element_type=\"container\" id=\"section-cookie-d\">\n\t\t\t\t\t<div class=\"e-con-inner\">\n\t\t\t\t<div class=\"elementor-element elementor-element-ba40dfa elementor-widget elementor-widget-heading\" data-id=\"ba40dfa\" data-element_type=\"widget\" data-widget_type=\"heading.default\">\n\t\t\t\t<div class=\"elementor-widget-container\">\n\t\t\t<h2 class=\"elementor-heading-title elementor-size-default\">4. Gesti\u00f3n de cookies<\/h2>\t\t<\/div>\n\t\t\t\t<\/div>\n\t\t\t\t<div class=\"elementor-element elementor-element-d5e3c3e elementor-widget elementor-widget-text-editor\" data-id=\"d5e3c3e\" data-element_type=\"widget\" data-widget_type=\"text-editor.default\">\n\t\t\t\t<div class=\"elementor-widget-container\">\n\t\t\t\t\t\t\t<p>Puede controlar y gestionar las cookies de varias maneras:<\/p>\n<ul>\n<li><strong>Configuraci\u00f3n del navegador:<\/strong> La mayor\u00eda de los navegadores permiten rechazar las cookies o eliminar las que ya se han almacenado. Consulte el men\u00fa de ayuda de su navegador para obtener m\u00e1s informaci\u00f3n.<\/li>\n<li><strong>Opci\u00f3n de eliminar las cookies:<\/strong> Puede rechazar las cookies publicitarias utilizando las herramientas de exclusi\u00f3n disponibles en los sitios web publicitarios.<\/li>\n<\/ul>\t\t\t\t\t\t<\/div>\n\t\t\t\t<\/div>\n\t\t\t\t\t<\/div>\n\t\t\t\t<\/div>\n\t\t<div class=\"elementor-element elementor-element-24a12a7 e-flex e-con-boxed e-con e-parent\" data-id=\"24a12a7\" data-element_type=\"container\" id=\"section-cookie-e\">\n\t\t\t\t\t<div class=\"e-con-inner\">\n\t\t\t\t<div class=\"elementor-element elementor-element-7b83472 elementor-widget elementor-widget-heading\" data-id=\"7b83472\" data-element_type=\"widget\" data-widget_type=\"heading.default\">\n\t\t\t\t<div class=\"elementor-widget-container\">\n\t\t\t<h2 class=\"elementor-heading-title elementor-size-default\">5. Cambios en esta pol\u00edtica de cookies<\/h2>\t\t<\/div>\n\t\t\t\t<\/div>\n\t\t\t\t<div class=\"elementor-element elementor-element-0ae9e2a elementor-widget elementor-widget-text-editor\" data-id=\"0ae9e2a\" data-element_type=\"widget\" data-widget_type=\"text-editor.default\">\n\t\t\t\t<div class=\"elementor-widget-container\">\n\t\t\t\t\t\t\t<p>Podemos actualizar esta Pol\u00edtica de Cookies de vez en cuando. Le notificaremos cualquier cambio publicando la nueva pol\u00edtica en nuestro sitio web. Le recomendamos que revise esta pol\u00edtica peri\u00f3dicamente para mantenerse informado sobre c\u00f3mo utilizamos las cookies.<\/p>\t\t\t\t\t\t<\/div>\n\t\t\t\t<\/div>\n\t\t\t\t\t<\/div>\n\t\t\t\t<\/div>\n\t\t<div class=\"elementor-element elementor-element-4edcd7b e-flex e-con-boxed e-con e-parent\" data-id=\"4edcd7b\" data-element_type=\"container\" id=\"section-cookie-f\">\n\t\t\t\t\t<div class=\"e-con-inner\">\n\t\t\t\t<div class=\"elementor-element elementor-element-e305086 elementor-widget elementor-widget-heading\" data-id=\"e305086\" data-element_type=\"widget\" data-widget_type=\"heading.default\">\n\t\t\t\t<div class=\"elementor-widget-container\">\n\t\t\t<h2 class=\"elementor-heading-title elementor-size-default\">6. Contacto<\/h2>\t\t<\/div>\n\t\t\t\t<\/div>\n\t\t\t\t<div class=\"elementor-element elementor-element-23f3e11 elementor-widget elementor-widget-text-editor\" data-id=\"23f3e11\" data-element_type=\"widget\" data-widget_type=\"text-editor.default\">\n\t\t\t\t<div class=\"elementor-widget-container\">\n\t\t\t\t\t\t\t<p>Si tiene alguna pregunta sobre esta Pol\u00edtica de Cookies, p\u00f3ngase en contacto con nosotros:<\/p>\n<ul>\n<li><strong>Correo electr\u00f3nico:<\/strong> alombredupin77@gmail.com<\/li>\n<li><strong>Tel\u00e9fono:<\/strong> +33 6 51 47 60 20<\/li>\n<li><strong>Direcci\u00f3n:<\/strong> 8-10 Rue de Verdun, 77181 Le Pin, Francia<\/li>\n<\/ul>\t\t\t\t\t\t<\/div>\n\t\t\t\t<\/div>\n\t\t\t\t\t<\/div>\n\t\t\t\t<\/div>\n\t\t\t\t<\/div>","protected":false},"excerpt":{"rendered":"<p>Pol\u00edtica de cookies Esta pol\u00edtica de cookies explica c\u00f3mo L'Ombre du Pin utiliza las cookies y tecnolog\u00edas similares en su sitio web. Al acceder a nuestro sitio web, usted acepta el uso de cookies tal y como se describe en esta pol\u00edtica. 1) \u00bfQu\u00e9 son las cookies? Las cookies son peque\u00f1os archivos de texto [...]<\/p>","protected":false},"author":2,"featured_media":0,"parent":0,"menu_order":0,"comment_status":"closed","ping_status":"closed","template":"","meta":{"iawp_total_views":30,"footnotes":""},"class_list":["post-7833","page","type-page","status-publish","hentry"],"_links":{"self":[{"href":"https:\/\/alombredupin.com\/es\/wp-json\/wp\/v2\/pages\/7833","targetHints":{"allow":["GET"]}}],"collection":[{"href":"https:\/\/alombredupin.com\/es\/wp-json\/wp\/v2\/pages"}],"about":[{"href":"https:\/\/alombredupin.com\/es\/wp-json\/wp\/v2\/types\/page"}],"author":[{"embeddable":true,"href":"https:\/\/alombredupin.com\/es\/wp-json\/wp\/v2\/users\/2"}],"replies":[{"embeddable":true,"href":"https:\/\/alombredupin.com\/es\/wp-json\/wp\/v2\/comments?post=7833"}],"version-history":[{"count":0,"href":"https:\/\/alombredupin.com\/es\/wp-json\/wp\/v2\/pages\/7833\/revisions"}],"wp:attachment":[{"href":"https:\/\/alombredupin.com\/es\/wp-json\/wp\/v2\/media?parent=7833"}],"curies":[{"name":"wp","href":"https:\/\/api.w.org\/{rel}","templated":true}]}}