{"id":7804,"date":"2024-10-10T14:07:18","date_gmt":"2024-10-10T14:07:18","guid":{"rendered":"https:\/\/alombredupin.com\/?page_id=7804"},"modified":"2024-11-07T18:25:48","modified_gmt":"2024-11-07T18:25:48","slug":"politique-de-confidentialite","status":"publish","type":"page","link":"https:\/\/alombredupin.com\/fr\/politique-de-confidentialite\/","title":{"rendered":"Politique de confidentialit\u00e9"},"content":{"rendered":"<div data-elementor-type=\"wp-page\" data-elementor-id=\"7804\" class=\"elementor elementor-7804\" data-elementor-post-type=\"page\">\n\t\t\t\t<div class=\"elementor-element elementor-element-1d669e5 e-flex e-con-boxed e-con e-parent\" data-id=\"1d669e5\" data-element_type=\"container\" id=\"page-subheader\" data-settings=\"{&quot;background_background&quot;:&quot;classic&quot;}\">\n\t\t\t\t\t<div class=\"e-con-inner\">\n\t\t<div class=\"elementor-element elementor-element-154388a e-con-full e-flex e-con e-child\" data-id=\"154388a\" data-element_type=\"container\">\n\t\t\t\t<div class=\"elementor-element elementor-element-57d3f4b elementor-widget-tablet__width-initial elementor-widget elementor-widget-heading\" data-id=\"57d3f4b\" data-element_type=\"widget\" data-widget_type=\"heading.default\">\n\t\t\t\t<div class=\"elementor-widget-container\">\n\t\t\t<h1 class=\"elementor-heading-title elementor-size-default\">Politique de confidentialit\u00e9<\/h1>\t\t<\/div>\n\t\t\t\t<\/div>\n\t\t\t\t<\/div>\n\t\t\t\t\t<\/div>\n\t\t\t\t<\/div>\n\t\t<div class=\"elementor-element elementor-element-3705698 e-flex e-con-boxed e-con e-parent\" data-id=\"3705698\" data-element_type=\"container\" id=\"section-feature-privacy\">\n\t\t\t\t\t<div class=\"e-con-inner\">\n\t\t\t\t<div class=\"elementor-element elementor-element-ce9fcae elementor-widget elementor-widget-text-editor\" data-id=\"ce9fcae\" data-element_type=\"widget\" data-widget_type=\"text-editor.default\">\n\t\t\t\t<div class=\"elementor-widget-container\">\n\t\t\t\t\t\t\t<p>L'Ombre du Pin accorde une grande importance \u00e0 votre vie priv\u00e9e et s'engage \u00e0 prot\u00e9ger vos informations personnelles. Cette politique de confidentialit\u00e9 explique comment nous collectons, utilisons et prot\u00e9geons vos donn\u00e9es lorsque vous utilisez nos services.<\/p>\t\t\t\t\t\t<\/div>\n\t\t\t\t<\/div>\n\t\t\t\t\t<\/div>\n\t\t\t\t<\/div>\n\t\t<div class=\"elementor-element elementor-element-71bcfcd e-flex e-con-boxed e-con e-parent\" data-id=\"71bcfcd\" data-element_type=\"container\" id=\"section-privacy-a\">\n\t\t\t\t\t<div class=\"e-con-inner\">\n\t\t\t\t<div class=\"elementor-element elementor-element-944d785 elementor-widget elementor-widget-heading\" data-id=\"944d785\" data-element_type=\"widget\" data-widget_type=\"heading.default\">\n\t\t\t\t<div class=\"elementor-widget-container\">\n\t\t\t<h2 class=\"elementor-heading-title elementor-size-default\">1. les informations que nous recueillons<\/h2>\t\t<\/div>\n\t\t\t\t<\/div>\n\t\t\t\t<div class=\"elementor-element elementor-element-b7d9521 elementor-widget elementor-widget-text-editor\" data-id=\"b7d9521\" data-element_type=\"widget\" data-widget_type=\"text-editor.default\">\n\t\t\t\t<div class=\"elementor-widget-container\">\n\t\t\t\t\t\t\t<p>Nous recueillons des informations personnelles que vous nous fournissez directement, telles que<\/p><ul><li>Nom<\/li><li>Adresse \u00e9lectronique<\/li><li>Informations relatives au paiement (trait\u00e9es par des services tiers tels que Stripe et PayPal)<\/li><li>D\u00e9tails de la r\u00e9servation (dates, type d'unit\u00e9, etc.)<\/li><\/ul><p>En outre, nous pouvons collecter automatiquement des donn\u00e9es telles que des informations de navigation (adresse IP, type d'appareil, syst\u00e8me d'exploitation, etc.) par le biais de cookies et de technologies similaires.<\/p>\t\t\t\t\t\t<\/div>\n\t\t\t\t<\/div>\n\t\t\t\t\t<\/div>\n\t\t\t\t<\/div>\n\t\t<div class=\"elementor-element elementor-element-61b06f6 e-flex e-con-boxed e-con e-parent\" data-id=\"61b06f6\" data-element_type=\"container\" id=\"section-privacy-b\">\n\t\t\t\t\t<div class=\"e-con-inner\">\n\t\t\t\t<div class=\"elementor-element elementor-element-3646859 elementor-widget elementor-widget-heading\" data-id=\"3646859\" data-element_type=\"widget\" data-widget_type=\"heading.default\">\n\t\t\t\t<div class=\"elementor-widget-container\">\n\t\t\t<h2 class=\"elementor-heading-title elementor-size-default\">2. Comment nous utilisons vos informations<\/h2>\t\t<\/div>\n\t\t\t\t<\/div>\n\t\t\t\t<div class=\"elementor-element elementor-element-0ba32cb elementor-widget elementor-widget-text-editor\" data-id=\"0ba32cb\" data-element_type=\"widget\" data-widget_type=\"text-editor.default\">\n\t\t\t\t<div class=\"elementor-widget-container\">\n\t\t\t\t\t\t\tNous utilisons vos informations pour :\n<ul><li>Traitement et confirmation des r\u00e9servations<\/li>\n \t<li>G\u00e9rer votre s\u00e9jour<\/li>\n \t<li>Am\u00e9liorer nos services et l'exp\u00e9rience des clients<\/li>\n \t<li>Envoyer des communications concernant les r\u00e9servations, les promotions et les mises \u00e0 jour<\/li>\n \t<li>Respecter les obligations l\u00e9gales<\/li>\n<\/ul>\t\t\t\t\t\t<\/div>\n\t\t\t\t<\/div>\n\t\t\t\t\t<\/div>\n\t\t\t\t<\/div>\n\t\t<div class=\"elementor-element elementor-element-b98e002 e-flex e-con-boxed e-con e-parent\" data-id=\"b98e002\" data-element_type=\"container\" id=\"section-privacy-c\">\n\t\t\t\t\t<div class=\"e-con-inner\">\n\t\t\t\t<div class=\"elementor-element elementor-element-40b97db elementor-widget elementor-widget-heading\" data-id=\"40b97db\" data-element_type=\"widget\" data-widget_type=\"heading.default\">\n\t\t\t\t<div class=\"elementor-widget-container\">\n\t\t\t<h2 class=\"elementor-heading-title elementor-size-default\">3. Partage des donn\u00e9es<\/h2>\t\t<\/div>\n\t\t\t\t<\/div>\n\t\t\t\t<div class=\"elementor-element elementor-element-a76928b elementor-widget elementor-widget-text-editor\" data-id=\"a76928b\" data-element_type=\"widget\" data-widget_type=\"text-editor.default\">\n\t\t\t\t<div class=\"elementor-widget-container\">\n\t\t\t\t\t\t\tNous ne vendons pas vos informations personnelles. Nous pouvons partager vos informations avec\n<ul><li>les prestataires de services (par exemple, les syst\u00e8mes de paiement, les services d'h\u00e9bergement) qui nous aident \u00e0 exploiter notre site web et \u00e0 fournir des services.<\/li>\n \t<li>Les autorit\u00e9s l\u00e9gales, si n\u00e9cessaire, pour se conformer \u00e0 la loi.<\/li>\n<\/ul>\t\t\t\t\t\t<\/div>\n\t\t\t\t<\/div>\n\t\t\t\t\t<\/div>\n\t\t\t\t<\/div>\n\t\t<div class=\"elementor-element elementor-element-dc6d656 e-flex e-con-boxed e-con e-parent\" data-id=\"dc6d656\" data-element_type=\"container\" id=\"section-privacy-d\">\n\t\t\t\t\t<div class=\"e-con-inner\">\n\t\t\t\t<div class=\"elementor-element elementor-element-88db827 elementor-widget elementor-widget-heading\" data-id=\"88db827\" data-element_type=\"widget\" data-widget_type=\"heading.default\">\n\t\t\t\t<div class=\"elementor-widget-container\">\n\t\t\t<h2 class=\"elementor-heading-title elementor-size-default\">4. S\u00e9curit\u00e9 des donn\u00e9es<\/h2>\t\t<\/div>\n\t\t\t\t<\/div>\n\t\t\t\t<div class=\"elementor-element elementor-element-3cfdacd elementor-widget elementor-widget-text-editor\" data-id=\"3cfdacd\" data-element_type=\"widget\" data-widget_type=\"text-editor.default\">\n\t\t\t\t<div class=\"elementor-widget-container\">\n\t\t\t\t\t\t\t<p>Nous avons mis en place des mesures de s\u00e9curit\u00e9 appropri\u00e9es pour prot\u00e9ger vos informations personnelles contre tout acc\u00e8s, modification, divulgation ou destruction non autoris\u00e9s.<\/p>\t\t\t\t\t\t<\/div>\n\t\t\t\t<\/div>\n\t\t\t\t\t<\/div>\n\t\t\t\t<\/div>\n\t\t<div class=\"elementor-element elementor-element-af97d1c e-flex e-con-boxed e-con e-parent\" data-id=\"af97d1c\" data-element_type=\"container\" id=\"section-privacy-e\">\n\t\t\t\t\t<div class=\"e-con-inner\">\n\t\t\t\t<div class=\"elementor-element elementor-element-de51040 elementor-widget elementor-widget-heading\" data-id=\"de51040\" data-element_type=\"widget\" data-widget_type=\"heading.default\">\n\t\t\t\t<div class=\"elementor-widget-container\">\n\t\t\t<h2 class=\"elementor-heading-title elementor-size-default\">5. Droits de l'utilisateur<\/h2>\t\t<\/div>\n\t\t\t\t<\/div>\n\t\t\t\t<div class=\"elementor-element elementor-element-214f28a elementor-widget elementor-widget-text-editor\" data-id=\"214f28a\" data-element_type=\"widget\" data-widget_type=\"text-editor.default\">\n\t\t\t\t<div class=\"elementor-widget-container\">\n\t\t\t\t\t\t\tL'utilisateur a le droit de :\n<ul><li>Acc\u00e8s \u00e0 vos informations personnelles<\/li>\n \t<li>Demander la correction d'informations inexactes<\/li>\n \t<li>demander la suppression de vos donn\u00e9es personnelles, sous r\u00e9serve de certaines exceptions<\/li>\n \t<li>Retirer votre consentement \u00e0 l'utilisation des donn\u00e9es, le cas \u00e9ch\u00e9ant<\/li>\n<\/ul>\nPour exercer ces droits, veuillez nous contacter en utilisant les informations fournies ci-dessous.\t\t\t\t\t\t<\/div>\n\t\t\t\t<\/div>\n\t\t\t\t\t<\/div>\n\t\t\t\t<\/div>\n\t\t<div class=\"elementor-element elementor-element-973bb7c e-flex e-con-boxed e-con e-parent\" data-id=\"973bb7c\" data-element_type=\"container\" id=\"section-privacy-f\">\n\t\t\t\t\t<div class=\"e-con-inner\">\n\t\t\t\t<div class=\"elementor-element elementor-element-a106d2c elementor-widget elementor-widget-heading\" data-id=\"a106d2c\" data-element_type=\"widget\" data-widget_type=\"heading.default\">\n\t\t\t\t<div class=\"elementor-widget-container\">\n\t\t\t<h2 class=\"elementor-heading-title elementor-size-default\">6. Cookies<\/h2>\t\t<\/div>\n\t\t\t\t<\/div>\n\t\t\t\t<div class=\"elementor-element elementor-element-7ab9889 elementor-widget elementor-widget-text-editor\" data-id=\"7ab9889\" data-element_type=\"widget\" data-widget_type=\"text-editor.default\">\n\t\t\t\t<div class=\"elementor-widget-container\">\n\t\t\t\t\t\t\t<p>Nous utilisons des cookies pour am\u00e9liorer l'exp\u00e9rience de l'utilisateur sur notre site web. Vous pouvez r\u00e9gler les param\u00e8tres de votre navigateur pour refuser les cookies, mais cela peut affecter votre exp\u00e9rience de navigation.<\/p>\t\t\t\t\t\t<\/div>\n\t\t\t\t<\/div>\n\t\t\t\t\t<\/div>\n\t\t\t\t<\/div>\n\t\t<div class=\"elementor-element elementor-element-f42ff07 e-flex e-con-boxed e-con e-parent\" data-id=\"f42ff07\" data-element_type=\"container\" id=\"section-privacy-g\">\n\t\t\t\t\t<div class=\"e-con-inner\">\n\t\t\t\t<div class=\"elementor-element elementor-element-3af948f elementor-widget elementor-widget-heading\" data-id=\"3af948f\" data-element_type=\"widget\" data-widget_type=\"heading.default\">\n\t\t\t\t<div class=\"elementor-widget-container\">\n\t\t\t<h2 class=\"elementor-heading-title elementor-size-default\">7. Modifications de la pr\u00e9sente politique<\/h2>\t\t<\/div>\n\t\t\t\t<\/div>\n\t\t\t\t<div class=\"elementor-element elementor-element-82db489 elementor-widget elementor-widget-text-editor\" data-id=\"82db489\" data-element_type=\"widget\" data-widget_type=\"text-editor.default\">\n\t\t\t\t<div class=\"elementor-widget-container\">\n\t\t\t\t\t\t\t<p>Nous pouvons mettre \u00e0 jour la pr\u00e9sente politique de confidentialit\u00e9 de temps \u00e0 autre. Nous vous informerons des changements importants sur notre site web ou par courrier \u00e9lectronique.<\/p>\t\t\t\t\t\t<\/div>\n\t\t\t\t<\/div>\n\t\t\t\t\t<\/div>\n\t\t\t\t<\/div>\n\t\t<div class=\"elementor-element elementor-element-dc01028 e-flex e-con-boxed e-con e-parent\" data-id=\"dc01028\" data-element_type=\"container\" id=\"section-privacy-h\">\n\t\t\t\t\t<div class=\"e-con-inner\">\n\t\t\t\t<div class=\"elementor-element elementor-element-fcbae87 elementor-widget elementor-widget-heading\" data-id=\"fcbae87\" data-element_type=\"widget\" data-widget_type=\"heading.default\">\n\t\t\t\t<div class=\"elementor-widget-container\">\n\t\t\t<h2 class=\"elementor-heading-title elementor-size-default\">8. Contact<\/h2>\t\t<\/div>\n\t\t\t\t<\/div>\n\t\t\t\t<div class=\"elementor-element elementor-element-f6558fa elementor-widget elementor-widget-text-editor\" data-id=\"f6558fa\" data-element_type=\"widget\" data-widget_type=\"text-editor.default\">\n\t\t\t\t<div class=\"elementor-widget-container\">\n\t\t\t\t\t\t\t<p>Pour plus d'informations sur la pr\u00e9sente politique de protection de la vie priv\u00e9e ou pour exercer vos droits, veuillez nous contacter :<\/p><ul><li><strong>Courriel :<\/strong> alombredupin77@gmail.com<\/li><li><strong>T\u00e9l\u00e9phone :<\/strong> +33 6 51 47 60 20<\/li><li><strong>Adresse :<\/strong> 8-10 Rue de Verdun, 77181 Le Pin, France<\/li><\/ul>\t\t\t\t\t\t<\/div>\n\t\t\t\t<\/div>\n\t\t\t\t\t<\/div>\n\t\t\t\t<\/div>\n\t\t\t\t<\/div>","protected":false},"excerpt":{"rendered":"<p>Politique de confidentialit\u00e9 L'Ombre du Pin accorde une grande importance \u00e0 votre vie priv\u00e9e et s'engage \u00e0 prot\u00e9ger vos informations personnelles. Cette politique de confidentialit\u00e9 explique comment nous collectons, utilisons et prot\u00e9geons vos donn\u00e9es lorsque vous utilisez nos services. 1. informations que nous recueillons Nous recueillons les informations personnelles que vous nous fournissez directement, telles que : Nom Adresse [...]<\/p>","protected":false},"author":2,"featured_media":0,"parent":0,"menu_order":0,"comment_status":"closed","ping_status":"closed","template":"","meta":{"iawp_total_views":23,"footnotes":""},"class_list":["post-7804","page","type-page","status-publish","hentry"],"_links":{"self":[{"href":"https:\/\/alombredupin.com\/fr\/wp-json\/wp\/v2\/pages\/7804","targetHints":{"allow":["GET"]}}],"collection":[{"href":"https:\/\/alombredupin.com\/fr\/wp-json\/wp\/v2\/pages"}],"about":[{"href":"https:\/\/alombredupin.com\/fr\/wp-json\/wp\/v2\/types\/page"}],"author":[{"embeddable":true,"href":"https:\/\/alombredupin.com\/fr\/wp-json\/wp\/v2\/users\/2"}],"replies":[{"embeddable":true,"href":"https:\/\/alombredupin.com\/fr\/wp-json\/wp\/v2\/comments?post=7804"}],"version-history":[{"count":0,"href":"https:\/\/alombredupin.com\/fr\/wp-json\/wp\/v2\/pages\/7804\/revisions"}],"wp:attachment":[{"href":"https:\/\/alombredupin.com\/fr\/wp-json\/wp\/v2\/media?parent=7804"}],"curies":[{"name":"wp","href":"https:\/\/api.w.org\/{rel}","templated":true}]}}