{"id":7822,"date":"2024-10-10T14:44:20","date_gmt":"2024-10-10T14:44:20","guid":{"rendered":"https:\/\/alombredupin.com\/?page_id=7822"},"modified":"2024-11-07T18:25:25","modified_gmt":"2024-11-07T18:25:25","slug":"conditions-generales","status":"publish","type":"page","link":"https:\/\/alombredupin.com\/fr\/conditions-generales\/","title":{"rendered":"Conditions d'utilisation"},"content":{"rendered":"<div data-elementor-type=\"wp-page\" data-elementor-id=\"7822\" class=\"elementor elementor-7822\" data-elementor-post-type=\"page\">\n\t\t\t\t<div class=\"elementor-element elementor-element-546afb1 e-flex e-con-boxed e-con e-parent\" data-id=\"546afb1\" data-element_type=\"container\" id=\"page-subheader\" data-settings=\"{&quot;background_background&quot;:&quot;classic&quot;}\">\n\t\t\t\t\t<div class=\"e-con-inner\">\n\t\t<div class=\"elementor-element elementor-element-d603685 e-con-full e-flex e-con e-child\" data-id=\"d603685\" data-element_type=\"container\">\n\t\t\t\t<div class=\"elementor-element elementor-element-4749cb8 elementor-widget-tablet__width-initial elementor-widget elementor-widget-heading\" data-id=\"4749cb8\" data-element_type=\"widget\" data-widget_type=\"heading.default\">\n\t\t\t\t<div class=\"elementor-widget-container\">\n\t\t\t<h1 class=\"elementor-heading-title elementor-size-default\">Conditions d'utilisation<\/h1>\t\t<\/div>\n\t\t\t\t<\/div>\n\t\t\t\t<\/div>\n\t\t\t\t\t<\/div>\n\t\t\t\t<\/div>\n\t\t<div class=\"elementor-element elementor-element-2cdd898 e-flex e-con-boxed e-con e-parent\" data-id=\"2cdd898\" data-element_type=\"container\" id=\"section-feature-terms\">\n\t\t\t\t\t<div class=\"e-con-inner\">\n\t\t\t\t<div class=\"elementor-element elementor-element-40661ee elementor-widget elementor-widget-text-editor\" data-id=\"40661ee\" data-element_type=\"widget\" data-widget_type=\"text-editor.default\">\n\t\t\t\t<div class=\"elementor-widget-container\">\n\t\t\t\t\t\t\t<p>Bienvenue sur le site web de A L'Ombre du Pin. En acc\u00e9dant \u00e0 nos services et en les utilisant, vous vous engagez \u00e0 respecter les conditions suivantes. Si vous n'acceptez pas ces conditions, vous ne devez pas utiliser nos services.<\/p>\t\t\t\t\t\t<\/div>\n\t\t\t\t<\/div>\n\t\t\t\t\t<\/div>\n\t\t\t\t<\/div>\n\t\t<div class=\"elementor-element elementor-element-1b26848 e-flex e-con-boxed e-con e-parent\" data-id=\"1b26848\" data-element_type=\"container\" id=\"section-terms-a\">\n\t\t\t\t\t<div class=\"e-con-inner\">\n\t\t\t\t<div class=\"elementor-element elementor-element-46ec3a8 elementor-widget elementor-widget-heading\" data-id=\"46ec3a8\" data-element_type=\"widget\" data-widget_type=\"heading.default\">\n\t\t\t\t<div class=\"elementor-widget-container\">\n\t\t\t<h2 class=\"elementor-heading-title elementor-size-default\">1. D\u00e9finitions<\/h2>\t\t<\/div>\n\t\t\t\t<\/div>\n\t\t\t\t<div class=\"elementor-element elementor-element-57c5a01 elementor-widget elementor-widget-text-editor\" data-id=\"57c5a01\" data-element_type=\"widget\" data-widget_type=\"text-editor.default\">\n\t\t\t\t<div class=\"elementor-widget-container\">\n\t\t\t\t\t\t\t<ul><li><strong>\u201cNous\u201d<\/strong>, <strong>\u2018notre\u2019<\/strong> se r\u00e9f\u00e8re \u00e0 A L'Ombre du Pin.<\/li><li><strong>\u201cVous\u201d<\/strong>,<strong> \u2018le v\u00f4tre\u2019<\/strong> d\u00e9signe l'utilisateur qui acc\u00e8de \u00e0 notre site web et \u00e0 nos services et les utilise.<\/li><\/ul>\t\t\t\t\t\t<\/div>\n\t\t\t\t<\/div>\n\t\t\t\t\t<\/div>\n\t\t\t\t<\/div>\n\t\t<div class=\"elementor-element elementor-element-5f9f39b e-flex e-con-boxed e-con e-parent\" data-id=\"5f9f39b\" data-element_type=\"container\" id=\"section-terms-b\">\n\t\t\t\t\t<div class=\"e-con-inner\">\n\t\t\t\t<div class=\"elementor-element elementor-element-f64a83d elementor-widget elementor-widget-heading\" data-id=\"f64a83d\" data-element_type=\"widget\" data-widget_type=\"heading.default\">\n\t\t\t\t<div class=\"elementor-widget-container\">\n\t\t\t<h2 class=\"elementor-heading-title elementor-size-default\">2. Les services<\/h2>\t\t<\/div>\n\t\t\t\t<\/div>\n\t\t\t\t<div class=\"elementor-element elementor-element-c47da6d elementor-widget elementor-widget-text-editor\" data-id=\"c47da6d\" data-element_type=\"widget\" data-widget_type=\"text-editor.default\">\n\t\t\t\t<div class=\"elementor-widget-container\">\n\t\t\t\t\t\t\t<p>A L'Ombre du Pin propose un h\u00e9bergement dans des appartements et des studios situ\u00e9s \u00e0 Le Pin, en Ile-de-France. Les services comprennent les r\u00e9servations, l'assistance \u00e0 la client\u00e8le et des installations suppl\u00e9mentaires telles que des parkings et des chargeurs de v\u00e9hicules \u00e9lectriques.<\/p>\t\t\t\t\t\t<\/div>\n\t\t\t\t<\/div>\n\t\t\t\t\t<\/div>\n\t\t\t\t<\/div>\n\t\t<div class=\"elementor-element elementor-element-5d2a266 e-flex e-con-boxed e-con e-parent\" data-id=\"5d2a266\" data-element_type=\"container\" id=\"section-terms-c\">\n\t\t\t\t\t<div class=\"e-con-inner\">\n\t\t\t\t<div class=\"elementor-element elementor-element-6bb6cd3 elementor-widget elementor-widget-heading\" data-id=\"6bb6cd3\" data-element_type=\"widget\" data-widget_type=\"heading.default\">\n\t\t\t\t<div class=\"elementor-widget-container\">\n\t\t\t<h2 class=\"elementor-heading-title elementor-size-default\">3. Les r\u00e9servations<\/h2>\t\t<\/div>\n\t\t\t\t<\/div>\n\t\t\t\t<div class=\"elementor-element elementor-element-3b6f4c1 elementor-widget elementor-widget-text-editor\" data-id=\"3b6f4c1\" data-element_type=\"widget\" data-widget_type=\"text-editor.default\">\n\t\t\t\t<div class=\"elementor-widget-container\">\n\t\t\t\t\t\t\t<p>Pour effectuer une r\u00e9servation, vous devez fournir des informations personnelles exactes et \u00e0 jour. Vous acceptez de payer le montant total de la r\u00e9servation au moment de la confirmation, qui comprend des frais de nettoyage de 20 euros pour chaque s\u00e9jour, en utilisant l'une des m\u00e9thodes de paiement disponibles (carte de cr\u00e9dit ou de d\u00e9bit, PayPal, virement bancaire).<\/p>\t\t\t\t\t\t<\/div>\n\t\t\t\t<\/div>\n\t\t\t\t\t<\/div>\n\t\t\t\t<\/div>\n\t\t<div class=\"elementor-element elementor-element-e8ea740 e-flex e-con-boxed e-con e-parent\" data-id=\"e8ea740\" data-element_type=\"container\" id=\"section-terms-d\">\n\t\t\t\t\t<div class=\"e-con-inner\">\n\t\t\t\t<div class=\"elementor-element elementor-element-e2ff03b elementor-widget elementor-widget-heading\" data-id=\"e2ff03b\" data-element_type=\"widget\" data-widget_type=\"heading.default\">\n\t\t\t\t<div class=\"elementor-widget-container\">\n\t\t\t<h2 class=\"elementor-heading-title elementor-size-default\">4. Check-in et Check-out<\/h2>\t\t<\/div>\n\t\t\t\t<\/div>\n\t\t\t\t<div class=\"elementor-element elementor-element-612494d elementor-widget elementor-widget-text-editor\" data-id=\"612494d\" data-element_type=\"widget\" data-widget_type=\"text-editor.default\">\n\t\t\t\t<div class=\"elementor-widget-container\">\n\t\t\t\t\t\t\t<ul><li><strong>Enregistrement :<\/strong> L'enregistrement est possible entre 15h00 et 19h00 le jour de l'arriv\u00e9e. Les clients doivent pr\u00e9senter une pi\u00e8ce d'identit\u00e9 valide et la confirmation de r\u00e9servation au moment de l'enregistrement.<\/li><li><strong>Check-out :<\/strong> Le d\u00e9part doit avoir lieu avant 11 heures le jour du d\u00e9part. Les h\u00f4tes sont pri\u00e9s de laisser leurs cl\u00e9s sur la table de la cuisine et d'informer la r\u00e9ception de leur d\u00e9part. Si le client part avant 8 heures, il est pri\u00e9 de d\u00e9poser la cl\u00e9 dans la bo\u00eete pr\u00e9vue \u00e0 cet effet.<\/li><li><strong>S\u00e9jour prolong\u00e9 :<\/strong> Si vous souhaitez prolonger votre s\u00e9jour, veuillez contacter la r\u00e9ception d\u00e8s que possible. Les prolongations sont soumises \u00e0 la disponibilit\u00e9 et aux tarifs en vigueur.<\/li><\/ul>\t\t\t\t\t\t<\/div>\n\t\t\t\t<\/div>\n\t\t\t\t\t<\/div>\n\t\t\t\t<\/div>\n\t\t<div class=\"elementor-element elementor-element-60eeee5 e-flex e-con-boxed e-con e-parent\" data-id=\"60eeee5\" data-element_type=\"container\" id=\"section-terms-e\">\n\t\t\t\t\t<div class=\"e-con-inner\">\n\t\t\t\t<div class=\"elementor-element elementor-element-979421b elementor-widget elementor-widget-heading\" data-id=\"979421b\" data-element_type=\"widget\" data-widget_type=\"heading.default\">\n\t\t\t\t<div class=\"elementor-widget-container\">\n\t\t\t<h2 class=\"elementor-heading-title elementor-size-default\">5. Politique d'annulation<\/h2>\t\t<\/div>\n\t\t\t\t<\/div>\n\t\t\t\t<div class=\"elementor-element elementor-element-a73398a elementor-widget elementor-widget-text-editor\" data-id=\"a73398a\" data-element_type=\"widget\" data-widget_type=\"text-editor.default\">\n\t\t\t\t<div class=\"elementor-widget-container\">\n\t\t\t\t\t\t\t<p>Les r\u00e9servations peuvent \u00eatre annul\u00e9es selon les conditions sp\u00e9cifi\u00e9es dans la confirmation de r\u00e9servation. Des frais d'annulation peuvent \u00eatre appliqu\u00e9s selon les politiques en vigueur au moment de la r\u00e9servation.<\/p>\t\t\t\t\t\t<\/div>\n\t\t\t\t<\/div>\n\t\t\t\t\t<\/div>\n\t\t\t\t<\/div>\n\t\t<div class=\"elementor-element elementor-element-f0bb79a e-flex e-con-boxed e-con e-parent\" data-id=\"f0bb79a\" data-element_type=\"container\" id=\"section-terms-f\">\n\t\t\t\t\t<div class=\"e-con-inner\">\n\t\t\t\t<div class=\"elementor-element elementor-element-03cfa6e elementor-widget elementor-widget-heading\" data-id=\"03cfa6e\" data-element_type=\"widget\" data-widget_type=\"heading.default\">\n\t\t\t\t<div class=\"elementor-widget-container\">\n\t\t\t<h2 class=\"elementor-heading-title elementor-size-default\">6.  Utilisation des installations<\/h2>\t\t<\/div>\n\t\t\t\t<\/div>\n\t\t\t\t<div class=\"elementor-element elementor-element-4733bb6 elementor-widget elementor-widget-text-editor\" data-id=\"4733bb6\" data-element_type=\"widget\" data-widget_type=\"text-editor.default\">\n\t\t\t\t<div class=\"elementor-widget-container\">\n\t\t\t\t\t\t\t<p>Les h\u00f4tes sont responsables de l'entretien des installations et du mat\u00e9riel pendant leur s\u00e9jour. Tout dommage caus\u00e9 par une n\u00e9gligence ou une mauvaise utilisation peut entra\u00eener des frais suppl\u00e9mentaires.<\/p>\t\t\t\t\t\t<\/div>\n\t\t\t\t<\/div>\n\t\t\t\t\t<\/div>\n\t\t\t\t<\/div>\n\t\t<div class=\"elementor-element elementor-element-c7d218b e-flex e-con-boxed e-con e-parent\" data-id=\"c7d218b\" data-element_type=\"container\" id=\"section-terms-g\">\n\t\t\t\t\t<div class=\"e-con-inner\">\n\t\t\t\t<div class=\"elementor-element elementor-element-24acf07 elementor-widget elementor-widget-heading\" data-id=\"24acf07\" data-element_type=\"widget\" data-widget_type=\"heading.default\">\n\t\t\t\t<div class=\"elementor-widget-container\">\n\t\t\t<h2 class=\"elementor-heading-title elementor-size-default\">7. Comportement des invit\u00e9s<\/h2>\t\t<\/div>\n\t\t\t\t<\/div>\n\t\t\t\t<div class=\"elementor-element elementor-element-c670504 elementor-widget elementor-widget-text-editor\" data-id=\"c670504\" data-element_type=\"widget\" data-widget_type=\"text-editor.default\">\n\t\t\t\t<div class=\"elementor-widget-container\">\n\t\t\t\t\t\t\t<p>Nous attendons de tous nos h\u00f4tes qu'ils se comportent de mani\u00e8re respectueuse et courtoise. Nous nous r\u00e9servons le droit de mettre fin au s\u00e9jour de tout invit\u00e9 qui ne r\u00e9pondrait pas \u00e0 ces attentes.<\/p>\t\t\t\t\t\t<\/div>\n\t\t\t\t<\/div>\n\t\t\t\t\t<\/div>\n\t\t\t\t<\/div>\n\t\t<div class=\"elementor-element elementor-element-db313b4 e-flex e-con-boxed e-con e-parent\" data-id=\"db313b4\" data-element_type=\"container\" id=\"section-terms-h\">\n\t\t\t\t\t<div class=\"e-con-inner\">\n\t\t\t\t<div class=\"elementor-element elementor-element-0889a0d elementor-widget elementor-widget-heading\" data-id=\"0889a0d\" data-element_type=\"widget\" data-widget_type=\"heading.default\">\n\t\t\t\t<div class=\"elementor-widget-container\">\n\t\t\t<h2 class=\"elementor-heading-title elementor-size-default\">8.  Limitation de la responsabilit\u00e9<\/h2>\t\t<\/div>\n\t\t\t\t<\/div>\n\t\t\t\t<div class=\"elementor-element elementor-element-9b52689 elementor-widget elementor-widget-text-editor\" data-id=\"9b52689\" data-element_type=\"widget\" data-widget_type=\"text-editor.default\">\n\t\t\t\t<div class=\"elementor-widget-container\">\n\t\t\t\t\t\t\t<p>L'Ombre du Pin n'est pas responsable des dommages ou pertes r\u00e9sultant de l'utilisation de nos services, sauf dans les cas pr\u00e9vus par la loi.<\/p>\t\t\t\t\t\t<\/div>\n\t\t\t\t<\/div>\n\t\t\t\t\t<\/div>\n\t\t\t\t<\/div>\n\t\t<div class=\"elementor-element elementor-element-f3e8b65 e-flex e-con-boxed e-con e-parent\" data-id=\"f3e8b65\" data-element_type=\"container\" id=\"section-terms-i\">\n\t\t\t\t\t<div class=\"e-con-inner\">\n\t\t\t\t<div class=\"elementor-element elementor-element-1e6cb95 elementor-widget elementor-widget-heading\" data-id=\"1e6cb95\" data-element_type=\"widget\" data-widget_type=\"heading.default\">\n\t\t\t\t<div class=\"elementor-widget-container\">\n\t\t\t<h2 class=\"elementor-heading-title elementor-size-default\">9. Protection de la vie priv\u00e9e<\/h2>\t\t<\/div>\n\t\t\t\t<\/div>\n\t\t\t\t<div class=\"elementor-element elementor-element-b916b8a elementor-widget elementor-widget-text-editor\" data-id=\"b916b8a\" data-element_type=\"widget\" data-widget_type=\"text-editor.default\">\n\t\t\t\t<div class=\"elementor-widget-container\">\n\t\t\t\t\t\t\t<p>L'utilisation de vos informations personnelles est soumise \u00e0 notre politique de confidentialit\u00e9, qui peut \u00eatre consult\u00e9e sur notre site web.<\/p>\t\t\t\t\t\t<\/div>\n\t\t\t\t<\/div>\n\t\t\t\t\t<\/div>\n\t\t\t\t<\/div>\n\t\t<div class=\"elementor-element elementor-element-306bed7 e-flex e-con-boxed e-con e-parent\" data-id=\"306bed7\" data-element_type=\"container\" id=\"section-terms-j\">\n\t\t\t\t\t<div class=\"e-con-inner\">\n\t\t\t\t<div class=\"elementor-element elementor-element-ec2f2dd elementor-widget elementor-widget-heading\" data-id=\"ec2f2dd\" data-element_type=\"widget\" data-widget_type=\"heading.default\">\n\t\t\t\t<div class=\"elementor-widget-container\">\n\t\t\t<h2 class=\"elementor-heading-title elementor-size-default\">10. Changements de conditions<\/h2>\t\t<\/div>\n\t\t\t\t<\/div>\n\t\t\t\t<div class=\"elementor-element elementor-element-de80360 elementor-widget elementor-widget-text-editor\" data-id=\"de80360\" data-element_type=\"widget\" data-widget_type=\"text-editor.default\">\n\t\t\t\t<div class=\"elementor-widget-container\">\n\t\t\t\t\t\t\t<p>Nous nous r\u00e9servons le droit de modifier les pr\u00e9sentes conditions g\u00e9n\u00e9rales \u00e0 tout moment. Les modifications entreront en vigueur imm\u00e9diatement apr\u00e8s leur publication sur notre site web. En continuant \u00e0 utiliser les services, vous acceptez les nouvelles conditions.<\/p>\t\t\t\t\t\t<\/div>\n\t\t\t\t<\/div>\n\t\t\t\t\t<\/div>\n\t\t\t\t<\/div>\n\t\t<div class=\"elementor-element elementor-element-f52ade0 e-flex e-con-boxed e-con e-parent\" data-id=\"f52ade0\" data-element_type=\"container\" id=\"section-terms-k\">\n\t\t\t\t\t<div class=\"e-con-inner\">\n\t\t\t\t<div class=\"elementor-element elementor-element-1d0a6b8 elementor-widget elementor-widget-heading\" data-id=\"1d0a6b8\" data-element_type=\"widget\" data-widget_type=\"heading.default\">\n\t\t\t\t<div class=\"elementor-widget-container\">\n\t\t\t<h2 class=\"elementor-heading-title elementor-size-default\">11. Droit applicable<\/h2>\t\t<\/div>\n\t\t\t\t<\/div>\n\t\t\t\t<div class=\"elementor-element elementor-element-a8a4a08 elementor-widget elementor-widget-text-editor\" data-id=\"a8a4a08\" data-element_type=\"widget\" data-widget_type=\"text-editor.default\">\n\t\t\t\t<div class=\"elementor-widget-container\">\n\t\t\t\t\t\t\t<p>Les pr\u00e9sentes conditions g\u00e9n\u00e9rales sont r\u00e9gies par le droit fran\u00e7ais et les litiges seront r\u00e9gl\u00e9s par les tribunaux comp\u00e9tents de cette juridiction.<\/p>\t\t\t\t\t\t<\/div>\n\t\t\t\t<\/div>\n\t\t\t\t\t<\/div>\n\t\t\t\t<\/div>\n\t\t<div class=\"elementor-element elementor-element-a403379 e-flex e-con-boxed e-con e-parent\" data-id=\"a403379\" data-element_type=\"container\" id=\"section-terms-l\">\n\t\t\t\t\t<div class=\"e-con-inner\">\n\t\t\t\t<div class=\"elementor-element elementor-element-7c68e63 elementor-widget elementor-widget-heading\" data-id=\"7c68e63\" data-element_type=\"widget\" data-widget_type=\"heading.default\">\n\t\t\t\t<div class=\"elementor-widget-container\">\n\t\t\t<h2 class=\"elementor-heading-title elementor-size-default\">12. Contact<\/h2>\t\t<\/div>\n\t\t\t\t<\/div>\n\t\t\t\t<div class=\"elementor-element elementor-element-6fc1c16 elementor-widget elementor-widget-text-editor\" data-id=\"6fc1c16\" data-element_type=\"widget\" data-widget_type=\"text-editor.default\">\n\t\t\t\t<div class=\"elementor-widget-container\">\n\t\t\t\t\t\t\t<p>Pour toute question ou information compl\u00e9mentaire, veuillez nous contacter :<\/p><ul><li><strong>Courriel :<\/strong> alombredupin77@gmail.com<\/li><li><strong>T\u00e9l\u00e9phone :<\/strong> +33 6 51 47 60 20<\/li><li><strong>Adresse :<\/strong> 8-10 Rue de Verdun, 77181 Le Pin, France<\/li><\/ul>\t\t\t\t\t\t<\/div>\n\t\t\t\t<\/div>\n\t\t\t\t\t<\/div>\n\t\t\t\t<\/div>\n\t\t\t\t<\/div>","protected":false},"excerpt":{"rendered":"<p>Conditions g\u00e9n\u00e9rales Bienvenue sur le site web de A L'Ombre du Pin. En acc\u00e9dant et en utilisant nos services, l'utilisateur s'engage \u00e0 respecter les conditions suivantes. Si vous n'acceptez pas ces conditions, vous ne devez pas utiliser nos services. 1. d\u00e9finitions \u201cNous\u201d, \u2018notre\u2019 fait r\u00e9f\u00e9rence \u00e0 L'Ombre du Pin. Vous\u201c, \u201dvotre\u2018 d\u00e9signe l'utilisateur [...]<\/p>","protected":false},"author":2,"featured_media":0,"parent":0,"menu_order":0,"comment_status":"closed","ping_status":"closed","template":"","meta":{"iawp_total_views":35,"footnotes":""},"class_list":["post-7822","page","type-page","status-publish","hentry"],"_links":{"self":[{"href":"https:\/\/alombredupin.com\/fr\/wp-json\/wp\/v2\/pages\/7822","targetHints":{"allow":["GET"]}}],"collection":[{"href":"https:\/\/alombredupin.com\/fr\/wp-json\/wp\/v2\/pages"}],"about":[{"href":"https:\/\/alombredupin.com\/fr\/wp-json\/wp\/v2\/types\/page"}],"author":[{"embeddable":true,"href":"https:\/\/alombredupin.com\/fr\/wp-json\/wp\/v2\/users\/2"}],"replies":[{"embeddable":true,"href":"https:\/\/alombredupin.com\/fr\/wp-json\/wp\/v2\/comments?post=7822"}],"version-history":[{"count":0,"href":"https:\/\/alombredupin.com\/fr\/wp-json\/wp\/v2\/pages\/7822\/revisions"}],"wp:attachment":[{"href":"https:\/\/alombredupin.com\/fr\/wp-json\/wp\/v2\/media?parent=7822"}],"curies":[{"name":"wp","href":"https:\/\/api.w.org\/{rel}","templated":true}]}}