{"id":7833,"date":"2024-10-10T15:15:25","date_gmt":"2024-10-10T15:15:25","guid":{"rendered":"https:\/\/alombredupin.com\/?page_id=7833"},"modified":"2024-11-07T18:26:11","modified_gmt":"2024-11-07T18:26:11","slug":"politique-en-matiere-de-cookies","status":"publish","type":"page","link":"https:\/\/alombredupin.com\/fr\/politique-en-matiere-de-cookies\/","title":{"rendered":"Politique en mati\u00e8re de cookies"},"content":{"rendered":"<div data-elementor-type=\"wp-page\" data-elementor-id=\"7833\" class=\"elementor elementor-7833\" data-elementor-post-type=\"page\">\n\t\t\t\t<div class=\"elementor-element elementor-element-b063161 e-flex e-con-boxed e-con e-parent\" data-id=\"b063161\" data-element_type=\"container\" id=\"page-subheader\" data-settings=\"{&quot;background_background&quot;:&quot;classic&quot;}\">\n\t\t\t\t\t<div class=\"e-con-inner\">\n\t\t<div class=\"elementor-element elementor-element-104411a e-con-full e-flex e-con e-child\" data-id=\"104411a\" data-element_type=\"container\">\n\t\t\t\t<div class=\"elementor-element elementor-element-f9ca78b elementor-widget-tablet__width-initial elementor-widget elementor-widget-heading\" data-id=\"f9ca78b\" data-element_type=\"widget\" data-widget_type=\"heading.default\">\n\t\t\t\t<div class=\"elementor-widget-container\">\n\t\t\t<h1 class=\"elementor-heading-title elementor-size-default\">Politique en mati\u00e8re de cookies<\/h1>\t\t<\/div>\n\t\t\t\t<\/div>\n\t\t\t\t<\/div>\n\t\t\t\t\t<\/div>\n\t\t\t\t<\/div>\n\t\t<div class=\"elementor-element elementor-element-a7da15a e-flex e-con-boxed e-con e-parent\" data-id=\"a7da15a\" data-element_type=\"container\" id=\"section-feature-cookie\">\n\t\t\t\t\t<div class=\"e-con-inner\">\n\t\t\t\t<div class=\"elementor-element elementor-element-e69f67e elementor-widget elementor-widget-text-editor\" data-id=\"e69f67e\" data-element_type=\"widget\" data-widget_type=\"text-editor.default\">\n\t\t\t\t<div class=\"elementor-widget-container\">\n\t\t\t\t\t\t\t<p>Cette politique en mati\u00e8re de cookies explique comment L'Ombre du Pin utilise des cookies et des technologies similaires sur son site web. En acc\u00e9dant \u00e0 notre site web, vous acceptez l'utilisation de cookies telle que d\u00e9crite dans cette politique.<\/p>\t\t\t\t\t\t<\/div>\n\t\t\t\t<\/div>\n\t\t\t\t\t<\/div>\n\t\t\t\t<\/div>\n\t\t<div class=\"elementor-element elementor-element-8d9ec7b e-flex e-con-boxed e-con e-parent\" data-id=\"8d9ec7b\" data-element_type=\"container\" id=\"section-cookie-a\">\n\t\t\t\t\t<div class=\"e-con-inner\">\n\t\t\t\t<div class=\"elementor-element elementor-element-bbcb570 elementor-widget elementor-widget-heading\" data-id=\"bbcb570\" data-element_type=\"widget\" data-widget_type=\"heading.default\">\n\t\t\t\t<div class=\"elementor-widget-container\">\n\t\t\t<h2 class=\"elementor-heading-title elementor-size-default\">1. Qu'est-ce qu'un cookie ?<\/h2>\t\t<\/div>\n\t\t\t\t<\/div>\n\t\t\t\t<div class=\"elementor-element elementor-element-fbc98b9 elementor-widget elementor-widget-text-editor\" data-id=\"fbc98b9\" data-element_type=\"widget\" data-widget_type=\"text-editor.default\">\n\t\t\t\t<div class=\"elementor-widget-container\">\n\t\t\t\t\t\t\t<p>Les cookies sont de petits fichiers texte qui sont stock\u00e9s sur votre appareil (ordinateur, tablette, smartphone) lorsque vous visitez un site web. Ils permettent au site web de reconna\u00eetre votre appareil et d'am\u00e9liorer votre exp\u00e9rience de navigation.<\/p>\t\t\t\t\t\t<\/div>\n\t\t\t\t<\/div>\n\t\t\t\t\t<\/div>\n\t\t\t\t<\/div>\n\t\t<div class=\"elementor-element elementor-element-09bd312 e-flex e-con-boxed e-con e-parent\" data-id=\"09bd312\" data-element_type=\"container\" id=\"section-cookie-b\">\n\t\t\t\t\t<div class=\"e-con-inner\">\n\t\t\t\t<div class=\"elementor-element elementor-element-98b51be elementor-widget elementor-widget-heading\" data-id=\"98b51be\" data-element_type=\"widget\" data-widget_type=\"heading.default\">\n\t\t\t\t<div class=\"elementor-widget-container\">\n\t\t\t<h2 class=\"elementor-heading-title elementor-size-default\">2. Types de cookies utilis\u00e9s<\/h2>\t\t<\/div>\n\t\t\t\t<\/div>\n\t\t\t\t<div class=\"elementor-element elementor-element-2be0b17 elementor-widget elementor-widget-text-editor\" data-id=\"2be0b17\" data-element_type=\"widget\" data-widget_type=\"text-editor.default\">\n\t\t\t\t<div class=\"elementor-widget-container\">\n\t\t\t\t\t\t\t<p>Nous utilisons les types de cookies suivants :<\/p>\n<ul><li><strong>Cookies n\u00e9cessaires :<\/strong> Indispensable au fonctionnement du site web, vous permettant de naviguer et d'utiliser ses fonctionnalit\u00e9s.<\/li>\n<li><strong>Cookies de performance :<\/strong> Ils recueillent des informations sur la mani\u00e8re dont les visiteurs utilisent le site web, ce qui nous aide \u00e0 comprendre quelles parties sont les plus populaires et \u00e0 am\u00e9liorer notre contenu.<\/li>\n<li><strong>Cookies fonctionnels :<\/strong> Ils permettent au site web de se souvenir des pr\u00e9f\u00e9rences de l'utilisateur et de personnaliser son exp\u00e9rience.<\/li>\n<li><strong>Cookies publicitaires :<\/strong> Utilis\u00e9 pour afficher des publicit\u00e9s pertinentes en fonction des int\u00e9r\u00eats de l'utilisateur et pour mesurer l'efficacit\u00e9 des campagnes publicitaires.<\/li>\n<\/ul>\t\t\t\t\t\t<\/div>\n\t\t\t\t<\/div>\n\t\t\t\t\t<\/div>\n\t\t\t\t<\/div>\n\t\t<div class=\"elementor-element elementor-element-2b8d18c e-flex e-con-boxed e-con e-parent\" data-id=\"2b8d18c\" data-element_type=\"container\" id=\"section-cookie-c\">\n\t\t\t\t\t<div class=\"e-con-inner\">\n\t\t\t\t<div class=\"elementor-element elementor-element-9654efb elementor-widget elementor-widget-heading\" data-id=\"9654efb\" data-element_type=\"widget\" data-widget_type=\"heading.default\">\n\t\t\t\t<div class=\"elementor-widget-container\">\n\t\t\t<h2 class=\"elementor-heading-title elementor-size-default\">3. Cookies de tiers<\/h2>\t\t<\/div>\n\t\t\t\t<\/div>\n\t\t\t\t<div class=\"elementor-element elementor-element-ad08462 elementor-widget elementor-widget-text-editor\" data-id=\"ad08462\" data-element_type=\"widget\" data-widget_type=\"text-editor.default\">\n\t\t\t\t<div class=\"elementor-widget-container\">\n\t\t\t\t\t\t\t<p>Outre les cookies que nous utilisons, des tiers (tels que des services d'analyse et de publicit\u00e9) peuvent \u00e9galement placer des cookies sur votre appareil. Nous ne contr\u00f4lons pas ces cookies, vous devez donc consulter les politiques de confidentialit\u00e9 des tiers pour plus d'informations.<\/p>\t\t\t\t\t\t<\/div>\n\t\t\t\t<\/div>\n\t\t\t\t\t<\/div>\n\t\t\t\t<\/div>\n\t\t<div class=\"elementor-element elementor-element-9fd1a78 e-flex e-con-boxed e-con e-parent\" data-id=\"9fd1a78\" data-element_type=\"container\" id=\"section-cookie-d\">\n\t\t\t\t\t<div class=\"e-con-inner\">\n\t\t\t\t<div class=\"elementor-element elementor-element-ba40dfa elementor-widget elementor-widget-heading\" data-id=\"ba40dfa\" data-element_type=\"widget\" data-widget_type=\"heading.default\">\n\t\t\t\t<div class=\"elementor-widget-container\">\n\t\t\t<h2 class=\"elementor-heading-title elementor-size-default\">4. Gestion des cookies<\/h2>\t\t<\/div>\n\t\t\t\t<\/div>\n\t\t\t\t<div class=\"elementor-element elementor-element-d5e3c3e elementor-widget elementor-widget-text-editor\" data-id=\"d5e3c3e\" data-element_type=\"widget\" data-widget_type=\"text-editor.default\">\n\t\t\t\t<div class=\"elementor-widget-container\">\n\t\t\t\t\t\t\t<p>Vous pouvez contr\u00f4ler et g\u00e9rer les cookies de diff\u00e9rentes mani\u00e8res :<\/p>\n<ul>\n<li><strong>Param\u00e8tres du navigateur :<\/strong> La plupart des navigateurs vous permettent de refuser les cookies ou de supprimer ceux qui ont d\u00e9j\u00e0 \u00e9t\u00e9 enregistr\u00e9s. Consultez le menu d'aide de votre navigateur pour plus d'informations.<\/li>\n<li><strong>Option de suppression des cookies :<\/strong> Vous pouvez refuser les cookies publicitaires en utilisant les outils d'opt-out disponibles sur les sites web publicitaires.<\/li>\n<\/ul>\t\t\t\t\t\t<\/div>\n\t\t\t\t<\/div>\n\t\t\t\t\t<\/div>\n\t\t\t\t<\/div>\n\t\t<div class=\"elementor-element elementor-element-24a12a7 e-flex e-con-boxed e-con e-parent\" data-id=\"24a12a7\" data-element_type=\"container\" id=\"section-cookie-e\">\n\t\t\t\t\t<div class=\"e-con-inner\">\n\t\t\t\t<div class=\"elementor-element elementor-element-7b83472 elementor-widget elementor-widget-heading\" data-id=\"7b83472\" data-element_type=\"widget\" data-widget_type=\"heading.default\">\n\t\t\t\t<div class=\"elementor-widget-container\">\n\t\t\t<h2 class=\"elementor-heading-title elementor-size-default\">5. Modifications de la pr\u00e9sente politique en mati\u00e8re de cookies<\/h2>\t\t<\/div>\n\t\t\t\t<\/div>\n\t\t\t\t<div class=\"elementor-element elementor-element-0ae9e2a elementor-widget elementor-widget-text-editor\" data-id=\"0ae9e2a\" data-element_type=\"widget\" data-widget_type=\"text-editor.default\">\n\t\t\t\t<div class=\"elementor-widget-container\">\n\t\t\t\t\t\t\t<p>Nous pouvons mettre \u00e0 jour la pr\u00e9sente politique en mati\u00e8re de cookies de temps \u00e0 autre. Nous vous informerons de toute modification en publiant la nouvelle politique sur notre site web. Nous vous recommandons de consulter r\u00e9guli\u00e8rement cette politique afin de rester inform\u00e9 de la mani\u00e8re dont nous utilisons les cookies.<\/p>\t\t\t\t\t\t<\/div>\n\t\t\t\t<\/div>\n\t\t\t\t\t<\/div>\n\t\t\t\t<\/div>\n\t\t<div class=\"elementor-element elementor-element-4edcd7b e-flex e-con-boxed e-con e-parent\" data-id=\"4edcd7b\" data-element_type=\"container\" id=\"section-cookie-f\">\n\t\t\t\t\t<div class=\"e-con-inner\">\n\t\t\t\t<div class=\"elementor-element elementor-element-e305086 elementor-widget elementor-widget-heading\" data-id=\"e305086\" data-element_type=\"widget\" data-widget_type=\"heading.default\">\n\t\t\t\t<div class=\"elementor-widget-container\">\n\t\t\t<h2 class=\"elementor-heading-title elementor-size-default\">6. Contact<\/h2>\t\t<\/div>\n\t\t\t\t<\/div>\n\t\t\t\t<div class=\"elementor-element elementor-element-23f3e11 elementor-widget elementor-widget-text-editor\" data-id=\"23f3e11\" data-element_type=\"widget\" data-widget_type=\"text-editor.default\">\n\t\t\t\t<div class=\"elementor-widget-container\">\n\t\t\t\t\t\t\t<p>Si vous avez des questions concernant cette politique en mati\u00e8re de cookies, veuillez nous contacter :<\/p>\n<ul>\n<li><strong>Courriel :<\/strong> alombredupin77@gmail.com<\/li>\n<li><strong>T\u00e9l\u00e9phone :<\/strong> +33 6 51 47 60 20<\/li>\n<li><strong>Adresse :<\/strong> 8-10 Rue de Verdun, 77181 Le Pin, France<\/li>\n<\/ul>\t\t\t\t\t\t<\/div>\n\t\t\t\t<\/div>\n\t\t\t\t\t<\/div>\n\t\t\t\t<\/div>\n\t\t\t\t<\/div>","protected":false},"excerpt":{"rendered":"<p>Politique en mati\u00e8re de cookies Cette politique en mati\u00e8re de cookies explique comment L'Ombre du Pin utilise les cookies et autres technologies similaires sur son site web. En acc\u00e9dant \u00e0 notre site web, vous acceptez l'utilisation de cookies telle que d\u00e9crite dans cette politique. 1) Que sont les cookies ? Les cookies sont de petits fichiers texte [...]<\/p>","protected":false},"author":2,"featured_media":0,"parent":0,"menu_order":0,"comment_status":"closed","ping_status":"closed","template":"","meta":{"iawp_total_views":29,"footnotes":""},"class_list":["post-7833","page","type-page","status-publish","hentry"],"_links":{"self":[{"href":"https:\/\/alombredupin.com\/fr\/wp-json\/wp\/v2\/pages\/7833","targetHints":{"allow":["GET"]}}],"collection":[{"href":"https:\/\/alombredupin.com\/fr\/wp-json\/wp\/v2\/pages"}],"about":[{"href":"https:\/\/alombredupin.com\/fr\/wp-json\/wp\/v2\/types\/page"}],"author":[{"embeddable":true,"href":"https:\/\/alombredupin.com\/fr\/wp-json\/wp\/v2\/users\/2"}],"replies":[{"embeddable":true,"href":"https:\/\/alombredupin.com\/fr\/wp-json\/wp\/v2\/comments?post=7833"}],"version-history":[{"count":0,"href":"https:\/\/alombredupin.com\/fr\/wp-json\/wp\/v2\/pages\/7833\/revisions"}],"wp:attachment":[{"href":"https:\/\/alombredupin.com\/fr\/wp-json\/wp\/v2\/media?parent=7833"}],"curies":[{"name":"wp","href":"https:\/\/api.w.org\/{rel}","templated":true}]}}