{"id":7804,"date":"2024-10-10T14:07:18","date_gmt":"2024-10-10T14:07:18","guid":{"rendered":"https:\/\/alombredupin.com\/?page_id=7804"},"modified":"2024-11-07T18:25:48","modified_gmt":"2024-11-07T18:25:48","slug":"politica-de-privacidade","status":"publish","type":"page","link":"https:\/\/alombredupin.com\/pt\/politica-de-privacidade\/","title":{"rendered":"Pol\u00edtica de Privacidade"},"content":{"rendered":"\t\t<div data-elementor-type=\"wp-page\" data-elementor-id=\"7804\" class=\"elementor elementor-7804\" data-elementor-post-type=\"page\">\n\t\t\t\t<div class=\"elementor-element elementor-element-1d669e5 e-flex e-con-boxed e-con e-parent\" data-id=\"1d669e5\" data-element_type=\"container\" id=\"page-subheader\" data-settings=\"{&quot;background_background&quot;:&quot;classic&quot;}\">\n\t\t\t\t\t<div class=\"e-con-inner\">\n\t\t<div class=\"elementor-element elementor-element-154388a e-con-full e-flex e-con e-child\" data-id=\"154388a\" data-element_type=\"container\">\n\t\t\t\t<div class=\"elementor-element elementor-element-57d3f4b elementor-widget-tablet__width-initial elementor-widget elementor-widget-heading\" data-id=\"57d3f4b\" data-element_type=\"widget\" data-widget_type=\"heading.default\">\n\t\t\t\t<div class=\"elementor-widget-container\">\n\t\t\t<h1 class=\"elementor-heading-title elementor-size-default\">Pol\u00edtica de privacidade<\/h1>\t\t<\/div>\n\t\t\t\t<\/div>\n\t\t\t\t<\/div>\n\t\t\t\t\t<\/div>\n\t\t\t\t<\/div>\n\t\t<div class=\"elementor-element elementor-element-3705698 e-flex e-con-boxed e-con e-parent\" data-id=\"3705698\" data-element_type=\"container\" id=\"section-feature-privacy\">\n\t\t\t\t\t<div class=\"e-con-inner\">\n\t\t\t\t<div class=\"elementor-element elementor-element-ce9fcae elementor-widget elementor-widget-text-editor\" data-id=\"ce9fcae\" data-element_type=\"widget\" data-widget_type=\"text-editor.default\">\n\t\t\t\t<div class=\"elementor-widget-container\">\n\t\t\t\t\t\t\t<p>A L'Ombre du Pin valoriza a sua privacidade e est\u00e1 empenhada em proteger as suas informa\u00e7\u00f5es pessoais. Esta Pol\u00edtica de Privacidade explica como recolhemos, utilizamos e protegemos os seus dados quando utiliza os nossos servi\u00e7os.<\/p>\t\t\t\t\t\t<\/div>\n\t\t\t\t<\/div>\n\t\t\t\t\t<\/div>\n\t\t\t\t<\/div>\n\t\t<div class=\"elementor-element elementor-element-71bcfcd e-flex e-con-boxed e-con e-parent\" data-id=\"71bcfcd\" data-element_type=\"container\" id=\"section-privacy-a\">\n\t\t\t\t\t<div class=\"e-con-inner\">\n\t\t\t\t<div class=\"elementor-element elementor-element-944d785 elementor-widget elementor-widget-heading\" data-id=\"944d785\" data-element_type=\"widget\" data-widget_type=\"heading.default\">\n\t\t\t\t<div class=\"elementor-widget-container\">\n\t\t\t<h2 class=\"elementor-heading-title elementor-size-default\">1. Informa\u00e7\u00f5es que recolhemos<\/h2>\t\t<\/div>\n\t\t\t\t<\/div>\n\t\t\t\t<div class=\"elementor-element elementor-element-b7d9521 elementor-widget elementor-widget-text-editor\" data-id=\"b7d9521\" data-element_type=\"widget\" data-widget_type=\"text-editor.default\">\n\t\t\t\t<div class=\"elementor-widget-container\">\n\t\t\t\t\t\t\t<p>Recolhemos informa\u00e7\u00f5es pessoais que o utilizador nos fornece diretamente, tais como:<\/p><ul><li>Nome<\/li><li>Endere\u00e7o de correio eletr\u00f3nico<\/li><li>Informa\u00e7\u00f5es de pagamento (processadas atrav\u00e9s de servi\u00e7os de terceiros, como Stripe e PayPal)<\/li><li>Detalhes da reserva (datas, tipo de unidade, etc.)<\/li><\/ul><p>Al\u00e9m disso, podemos recolher automaticamente dados como informa\u00e7\u00f5es de navega\u00e7\u00e3o (endere\u00e7o IP, tipo de dispositivo, sistema operativo, etc.) atrav\u00e9s de cookies e tecnologias semelhantes.<\/p>\t\t\t\t\t\t<\/div>\n\t\t\t\t<\/div>\n\t\t\t\t\t<\/div>\n\t\t\t\t<\/div>\n\t\t<div class=\"elementor-element elementor-element-61b06f6 e-flex e-con-boxed e-con e-parent\" data-id=\"61b06f6\" data-element_type=\"container\" id=\"section-privacy-b\">\n\t\t\t\t\t<div class=\"e-con-inner\">\n\t\t\t\t<div class=\"elementor-element elementor-element-3646859 elementor-widget elementor-widget-heading\" data-id=\"3646859\" data-element_type=\"widget\" data-widget_type=\"heading.default\">\n\t\t\t\t<div class=\"elementor-widget-container\">\n\t\t\t<h2 class=\"elementor-heading-title elementor-size-default\">2. Como utilizamos as suas informa\u00e7\u00f5es<\/h2>\t\t<\/div>\n\t\t\t\t<\/div>\n\t\t\t\t<div class=\"elementor-element elementor-element-0ba32cb elementor-widget elementor-widget-text-editor\" data-id=\"0ba32cb\" data-element_type=\"widget\" data-widget_type=\"text-editor.default\">\n\t\t\t\t<div class=\"elementor-widget-container\">\n\t\t\t\t\t\t\tUtilizamos as suas informa\u00e7\u00f5es para:\n<ul><li>Processar e confirmar reservas<\/li>\n \t<li>Gerir a sua estadia<\/li>\n \t<li>Melhorar os nossos servi\u00e7os e a experi\u00eancia do cliente<\/li>\n \t<li>Enviar comunica\u00e7\u00f5es relativas a reservas, promo\u00e7\u00f5es e actualiza\u00e7\u00f5es<\/li>\n \t<li>Cumprir com obriga\u00e7\u00f5es legais<\/li>\n<\/ul>\t\t\t\t\t\t<\/div>\n\t\t\t\t<\/div>\n\t\t\t\t\t<\/div>\n\t\t\t\t<\/div>\n\t\t<div class=\"elementor-element elementor-element-b98e002 e-flex e-con-boxed e-con e-parent\" data-id=\"b98e002\" data-element_type=\"container\" id=\"section-privacy-c\">\n\t\t\t\t\t<div class=\"e-con-inner\">\n\t\t\t\t<div class=\"elementor-element elementor-element-40b97db elementor-widget elementor-widget-heading\" data-id=\"40b97db\" data-element_type=\"widget\" data-widget_type=\"heading.default\">\n\t\t\t\t<div class=\"elementor-widget-container\">\n\t\t\t<h2 class=\"elementor-heading-title elementor-size-default\">3. Partilha de dados<\/h2>\t\t<\/div>\n\t\t\t\t<\/div>\n\t\t\t\t<div class=\"elementor-element elementor-element-a76928b elementor-widget elementor-widget-text-editor\" data-id=\"a76928b\" data-element_type=\"widget\" data-widget_type=\"text-editor.default\">\n\t\t\t\t<div class=\"elementor-widget-container\">\n\t\t\t\t\t\t\tN\u00e3o vendemos as suas informa\u00e7\u00f5es pessoais. Podemos partilhar as suas informa\u00e7\u00f5es com:\n<ul><li>Fornecedores de servi\u00e7os (por exemplo, sistemas de pagamento, servi\u00e7os de alojamento) que nos ajudam a operar o nosso site e a fornecer servi\u00e7os.<\/li>\n \t<li>Autoridades legais, se necess\u00e1rio, para cumprir a lei.<\/li>\n<\/ul>\t\t\t\t\t\t<\/div>\n\t\t\t\t<\/div>\n\t\t\t\t\t<\/div>\n\t\t\t\t<\/div>\n\t\t<div class=\"elementor-element elementor-element-dc6d656 e-flex e-con-boxed e-con e-parent\" data-id=\"dc6d656\" data-element_type=\"container\" id=\"section-privacy-d\">\n\t\t\t\t\t<div class=\"e-con-inner\">\n\t\t\t\t<div class=\"elementor-element elementor-element-88db827 elementor-widget elementor-widget-heading\" data-id=\"88db827\" data-element_type=\"widget\" data-widget_type=\"heading.default\">\n\t\t\t\t<div class=\"elementor-widget-container\">\n\t\t\t<h2 class=\"elementor-heading-title elementor-size-default\">4. Seguran\u00e7a dos dados<\/h2>\t\t<\/div>\n\t\t\t\t<\/div>\n\t\t\t\t<div class=\"elementor-element elementor-element-3cfdacd elementor-widget elementor-widget-text-editor\" data-id=\"3cfdacd\" data-element_type=\"widget\" data-widget_type=\"text-editor.default\">\n\t\t\t\t<div class=\"elementor-widget-container\">\n\t\t\t\t\t\t\t<p>Implementamos medidas de seguran\u00e7a adequadas para proteger as informa\u00e7\u00f5es pessoais do utilizador contra acesso, altera\u00e7\u00e3o, divulga\u00e7\u00e3o ou destrui\u00e7\u00e3o n\u00e3o autorizados.<\/p>\t\t\t\t\t\t<\/div>\n\t\t\t\t<\/div>\n\t\t\t\t\t<\/div>\n\t\t\t\t<\/div>\n\t\t<div class=\"elementor-element elementor-element-af97d1c e-flex e-con-boxed e-con e-parent\" data-id=\"af97d1c\" data-element_type=\"container\" id=\"section-privacy-e\">\n\t\t\t\t\t<div class=\"e-con-inner\">\n\t\t\t\t<div class=\"elementor-element elementor-element-de51040 elementor-widget elementor-widget-heading\" data-id=\"de51040\" data-element_type=\"widget\" data-widget_type=\"heading.default\">\n\t\t\t\t<div class=\"elementor-widget-container\">\n\t\t\t<h2 class=\"elementor-heading-title elementor-size-default\">5. Direitos do utilizador<\/h2>\t\t<\/div>\n\t\t\t\t<\/div>\n\t\t\t\t<div class=\"elementor-element elementor-element-214f28a elementor-widget elementor-widget-text-editor\" data-id=\"214f28a\" data-element_type=\"widget\" data-widget_type=\"text-editor.default\">\n\t\t\t\t<div class=\"elementor-widget-container\">\n\t\t\t\t\t\t\tO utilizador tem o direito de:\n<ul><li>Aceder \u00e0s suas informa\u00e7\u00f5es pessoais<\/li>\n \t<li>Pedir a corre\u00e7\u00e3o de informa\u00e7\u00f5es inexactas<\/li>\n \t<li>Pedir a elimina\u00e7\u00e3o das suas informa\u00e7\u00f5es pessoais, sujeito a determinadas excep\u00e7\u00f5es<\/li>\n \t<li>Retirar o seu consentimento para a utiliza\u00e7\u00e3o dos dados, quando aplic\u00e1vel<\/li>\n<\/ul>\nPara exercer estes direitos, contacte-nos utilizando as informa\u00e7\u00f5es fornecidas abaixo.\t\t\t\t\t\t<\/div>\n\t\t\t\t<\/div>\n\t\t\t\t\t<\/div>\n\t\t\t\t<\/div>\n\t\t<div class=\"elementor-element elementor-element-973bb7c e-flex e-con-boxed e-con e-parent\" data-id=\"973bb7c\" data-element_type=\"container\" id=\"section-privacy-f\">\n\t\t\t\t\t<div class=\"e-con-inner\">\n\t\t\t\t<div class=\"elementor-element elementor-element-a106d2c elementor-widget elementor-widget-heading\" data-id=\"a106d2c\" data-element_type=\"widget\" data-widget_type=\"heading.default\">\n\t\t\t\t<div class=\"elementor-widget-container\">\n\t\t\t<h2 class=\"elementor-heading-title elementor-size-default\">6. Cookies<\/h2>\t\t<\/div>\n\t\t\t\t<\/div>\n\t\t\t\t<div class=\"elementor-element elementor-element-7ab9889 elementor-widget elementor-widget-text-editor\" data-id=\"7ab9889\" data-element_type=\"widget\" data-widget_type=\"text-editor.default\">\n\t\t\t\t<div class=\"elementor-widget-container\">\n\t\t\t\t\t\t\t<p>Utilizamos cookies para melhorar a experi\u00eancia do utilizador no nosso site. Pode ajustar as defini\u00e7\u00f5es do seu browser para recusar cookies, mas isso pode afetar a sua experi\u00eancia de navega\u00e7\u00e3o.<\/p>\t\t\t\t\t\t<\/div>\n\t\t\t\t<\/div>\n\t\t\t\t\t<\/div>\n\t\t\t\t<\/div>\n\t\t<div class=\"elementor-element elementor-element-f42ff07 e-flex e-con-boxed e-con e-parent\" data-id=\"f42ff07\" data-element_type=\"container\" id=\"section-privacy-g\">\n\t\t\t\t\t<div class=\"e-con-inner\">\n\t\t\t\t<div class=\"elementor-element elementor-element-3af948f elementor-widget elementor-widget-heading\" data-id=\"3af948f\" data-element_type=\"widget\" data-widget_type=\"heading.default\">\n\t\t\t\t<div class=\"elementor-widget-container\">\n\t\t\t<h2 class=\"elementor-heading-title elementor-size-default\">7. Altera\u00e7\u00f5es \u00e0 presente pol\u00edtica<\/h2>\t\t<\/div>\n\t\t\t\t<\/div>\n\t\t\t\t<div class=\"elementor-element elementor-element-82db489 elementor-widget elementor-widget-text-editor\" data-id=\"82db489\" data-element_type=\"widget\" data-widget_type=\"text-editor.default\">\n\t\t\t\t<div class=\"elementor-widget-container\">\n\t\t\t\t\t\t\t<p>Podemos atualizar esta Pol\u00edtica de Privacidade periodicamente. Notific\u00e1-lo-emos de altera\u00e7\u00f5es significativas atrav\u00e9s do nosso s\u00edtio ou por correio eletr\u00f3nico.<\/p>\t\t\t\t\t\t<\/div>\n\t\t\t\t<\/div>\n\t\t\t\t\t<\/div>\n\t\t\t\t<\/div>\n\t\t<div class=\"elementor-element elementor-element-dc01028 e-flex e-con-boxed e-con e-parent\" data-id=\"dc01028\" data-element_type=\"container\" id=\"section-privacy-h\">\n\t\t\t\t\t<div class=\"e-con-inner\">\n\t\t\t\t<div class=\"elementor-element elementor-element-fcbae87 elementor-widget elementor-widget-heading\" data-id=\"fcbae87\" data-element_type=\"widget\" data-widget_type=\"heading.default\">\n\t\t\t\t<div class=\"elementor-widget-container\">\n\t\t\t<h2 class=\"elementor-heading-title elementor-size-default\">8. Contactos<\/h2>\t\t<\/div>\n\t\t\t\t<\/div>\n\t\t\t\t<div class=\"elementor-element elementor-element-f6558fa elementor-widget elementor-widget-text-editor\" data-id=\"f6558fa\" data-element_type=\"widget\" data-widget_type=\"text-editor.default\">\n\t\t\t\t<div class=\"elementor-widget-container\">\n\t\t\t\t\t\t\t<p>Para mais informa\u00e7\u00f5es sobre esta Pol\u00edtica de Privacidade ou para exercer os seus direitos, contacte-nos:<\/p><ul><li><strong>Email:<\/strong> alombredupin77@gmail.com<\/li><li><strong>Telefone:<\/strong> +33 6 51 47 60 20<\/li><li><strong>Morada:<\/strong> 8-10 Rue de Verdun, 77181 Le Pin, France<\/li><\/ul>\t\t\t\t\t\t<\/div>\n\t\t\t\t<\/div>\n\t\t\t\t\t<\/div>\n\t\t\t\t<\/div>\n\t\t\t\t<\/div>\n\t\t","protected":false},"excerpt":{"rendered":"<p>Pol\u00edtica de privacidade A L'Ombre du Pin valoriza a sua privacidade e est\u00e1 empenhada em proteger as suas informa\u00e7\u00f5es pessoais. Esta Pol\u00edtica de Privacidade explica como recolhemos, utilizamos e protegemos os seus dados quando utiliza os nossos servi\u00e7os. 1. Informa\u00e7\u00f5es que recolhemos Recolhemos informa\u00e7\u00f5es pessoais que o utilizador nos fornece diretamente, tais como: Nome Endere\u00e7o [&hellip;]<\/p>\n","protected":false},"author":2,"featured_media":0,"parent":0,"menu_order":0,"comment_status":"closed","ping_status":"closed","template":"","meta":{"iawp_total_views":22,"footnotes":""},"class_list":["post-7804","page","type-page","status-publish","hentry"],"_links":{"self":[{"href":"https:\/\/alombredupin.com\/pt\/wp-json\/wp\/v2\/pages\/7804","targetHints":{"allow":["GET"]}}],"collection":[{"href":"https:\/\/alombredupin.com\/pt\/wp-json\/wp\/v2\/pages"}],"about":[{"href":"https:\/\/alombredupin.com\/pt\/wp-json\/wp\/v2\/types\/page"}],"author":[{"embeddable":true,"href":"https:\/\/alombredupin.com\/pt\/wp-json\/wp\/v2\/users\/2"}],"replies":[{"embeddable":true,"href":"https:\/\/alombredupin.com\/pt\/wp-json\/wp\/v2\/comments?post=7804"}],"version-history":[{"count":0,"href":"https:\/\/alombredupin.com\/pt\/wp-json\/wp\/v2\/pages\/7804\/revisions"}],"wp:attachment":[{"href":"https:\/\/alombredupin.com\/pt\/wp-json\/wp\/v2\/media?parent=7804"}],"curies":[{"name":"wp","href":"https:\/\/api.w.org\/{rel}","templated":true}]}}