{"id":7822,"date":"2024-10-10T14:44:20","date_gmt":"2024-10-10T14:44:20","guid":{"rendered":"https:\/\/alombredupin.com\/?page_id=7822"},"modified":"2024-11-07T18:25:25","modified_gmt":"2024-11-07T18:25:25","slug":"termos-e-condicoes","status":"publish","type":"page","link":"https:\/\/alombredupin.com\/pt\/termos-e-condicoes\/","title":{"rendered":"Termos e Condi\u00e7\u00f5es"},"content":{"rendered":"\t\t<div data-elementor-type=\"wp-page\" data-elementor-id=\"7822\" class=\"elementor elementor-7822\" data-elementor-post-type=\"page\">\n\t\t\t\t<div class=\"elementor-element elementor-element-546afb1 e-flex e-con-boxed e-con e-parent\" data-id=\"546afb1\" data-element_type=\"container\" id=\"page-subheader\" data-settings=\"{&quot;background_background&quot;:&quot;classic&quot;}\">\n\t\t\t\t\t<div class=\"e-con-inner\">\n\t\t<div class=\"elementor-element elementor-element-d603685 e-con-full e-flex e-con e-child\" data-id=\"d603685\" data-element_type=\"container\">\n\t\t\t\t<div class=\"elementor-element elementor-element-4749cb8 elementor-widget-tablet__width-initial elementor-widget elementor-widget-heading\" data-id=\"4749cb8\" data-element_type=\"widget\" data-widget_type=\"heading.default\">\n\t\t\t\t<div class=\"elementor-widget-container\">\n\t\t\t<h1 class=\"elementor-heading-title elementor-size-default\">Termos e Condi\u00e7\u00f5es<\/h1>\t\t<\/div>\n\t\t\t\t<\/div>\n\t\t\t\t<\/div>\n\t\t\t\t\t<\/div>\n\t\t\t\t<\/div>\n\t\t<div class=\"elementor-element elementor-element-2cdd898 e-flex e-con-boxed e-con e-parent\" data-id=\"2cdd898\" data-element_type=\"container\" id=\"section-feature-terms\">\n\t\t\t\t\t<div class=\"e-con-inner\">\n\t\t\t\t<div class=\"elementor-element elementor-element-40661ee elementor-widget elementor-widget-text-editor\" data-id=\"40661ee\" data-element_type=\"widget\" data-widget_type=\"text-editor.default\">\n\t\t\t\t<div class=\"elementor-widget-container\">\n\t\t\t\t\t\t\t<p>Bem-vindo ao s\u00edtio Web A L'Ombre du Pin. Ao aceder e utilizar os nossos servi\u00e7os, o utilizador compromete-se a respeitar as seguintes condi\u00e7\u00f5es. Se n\u00e3o estiver de acordo com estas condi\u00e7\u00f5es, n\u00e3o deve utilizar os nossos servi\u00e7os.<\/p>\t\t\t\t\t\t<\/div>\n\t\t\t\t<\/div>\n\t\t\t\t\t<\/div>\n\t\t\t\t<\/div>\n\t\t<div class=\"elementor-element elementor-element-1b26848 e-flex e-con-boxed e-con e-parent\" data-id=\"1b26848\" data-element_type=\"container\" id=\"section-terms-a\">\n\t\t\t\t\t<div class=\"e-con-inner\">\n\t\t\t\t<div class=\"elementor-element elementor-element-46ec3a8 elementor-widget elementor-widget-heading\" data-id=\"46ec3a8\" data-element_type=\"widget\" data-widget_type=\"heading.default\">\n\t\t\t\t<div class=\"elementor-widget-container\">\n\t\t\t<h2 class=\"elementor-heading-title elementor-size-default\">1. Defini\u00e7\u00f5es<\/h2>\t\t<\/div>\n\t\t\t\t<\/div>\n\t\t\t\t<div class=\"elementor-element elementor-element-57c5a01 elementor-widget elementor-widget-text-editor\" data-id=\"57c5a01\" data-element_type=\"widget\" data-widget_type=\"text-editor.default\">\n\t\t\t\t<div class=\"elementor-widget-container\">\n\t\t\t\t\t\t\t<ul><li><strong>\u201cN\u00f3s\u201d<\/strong>, <strong>\u2018nosso\u2019<\/strong> refere-se a A L'Ombre du Pin.<\/li><li><strong>\u201cVoc\u00ea\u201d<\/strong>,<strong> \u2018seu\u2019<\/strong> refere-se ao utilizador que acede e utiliza o nosso s\u00edtio Web e os nossos servi\u00e7os.<\/li><\/ul>\t\t\t\t\t\t<\/div>\n\t\t\t\t<\/div>\n\t\t\t\t\t<\/div>\n\t\t\t\t<\/div>\n\t\t<div class=\"elementor-element elementor-element-5f9f39b e-flex e-con-boxed e-con e-parent\" data-id=\"5f9f39b\" data-element_type=\"container\" id=\"section-terms-b\">\n\t\t\t\t\t<div class=\"e-con-inner\">\n\t\t\t\t<div class=\"elementor-element elementor-element-f64a83d elementor-widget elementor-widget-heading\" data-id=\"f64a83d\" data-element_type=\"widget\" data-widget_type=\"heading.default\">\n\t\t\t\t<div class=\"elementor-widget-container\">\n\t\t\t<h2 class=\"elementor-heading-title elementor-size-default\">2. Servi\u00e7os<\/h2>\t\t<\/div>\n\t\t\t\t<\/div>\n\t\t\t\t<div class=\"elementor-element elementor-element-c47da6d elementor-widget elementor-widget-text-editor\" data-id=\"c47da6d\" data-element_type=\"widget\" data-widget_type=\"text-editor.default\">\n\t\t\t\t<div class=\"elementor-widget-container\">\n\t\t\t\t\t\t\t<p>O A L'Ombre du Pin disponibiliza acomoda\u00e7\u00f5es em apartamentos e est\u00fadios localizados em Le Pin, Ile-de-France. Os servi\u00e7os incluem reservas, apoio ao cliente e comodidades adicionais, tais como estacionamento e carregadores de ve\u00edculos el\u00e9ctricos.<\/p>\t\t\t\t\t\t<\/div>\n\t\t\t\t<\/div>\n\t\t\t\t\t<\/div>\n\t\t\t\t<\/div>\n\t\t<div class=\"elementor-element elementor-element-5d2a266 e-flex e-con-boxed e-con e-parent\" data-id=\"5d2a266\" data-element_type=\"container\" id=\"section-terms-c\">\n\t\t\t\t\t<div class=\"e-con-inner\">\n\t\t\t\t<div class=\"elementor-element elementor-element-6bb6cd3 elementor-widget elementor-widget-heading\" data-id=\"6bb6cd3\" data-element_type=\"widget\" data-widget_type=\"heading.default\">\n\t\t\t\t<div class=\"elementor-widget-container\">\n\t\t\t<h2 class=\"elementor-heading-title elementor-size-default\">3. Reservas<\/h2>\t\t<\/div>\n\t\t\t\t<\/div>\n\t\t\t\t<div class=\"elementor-element elementor-element-3b6f4c1 elementor-widget elementor-widget-text-editor\" data-id=\"3b6f4c1\" data-element_type=\"widget\" data-widget_type=\"text-editor.default\">\n\t\t\t\t<div class=\"elementor-widget-container\">\n\t\t\t\t\t\t\t<p>Para efetuar uma reserva, \u00e9 necess\u00e1rio fornecer informa\u00e7\u00f5es pessoais exactas e actualizadas. Concorda em pagar o montante total da reserva no momento da confirma\u00e7\u00e3o, que inclui uma taxa de limpeza de 20 euros por cada estadia, utilizando um dos m\u00e9todos de pagamento dispon\u00edveis (Cart\u00e3o de Cr\u00e9dito ou D\u00e9bito, PayPal, Tranfer\u00eancia Banc\u00e1ria).<\/p>\t\t\t\t\t\t<\/div>\n\t\t\t\t<\/div>\n\t\t\t\t\t<\/div>\n\t\t\t\t<\/div>\n\t\t<div class=\"elementor-element elementor-element-e8ea740 e-flex e-con-boxed e-con e-parent\" data-id=\"e8ea740\" data-element_type=\"container\" id=\"section-terms-d\">\n\t\t\t\t\t<div class=\"e-con-inner\">\n\t\t\t\t<div class=\"elementor-element elementor-element-e2ff03b elementor-widget elementor-widget-heading\" data-id=\"e2ff03b\" data-element_type=\"widget\" data-widget_type=\"heading.default\">\n\t\t\t\t<div class=\"elementor-widget-container\">\n\t\t\t<h2 class=\"elementor-heading-title elementor-size-default\">4. Check-in e Check-out<\/h2>\t\t<\/div>\n\t\t\t\t<\/div>\n\t\t\t\t<div class=\"elementor-element elementor-element-612494d elementor-widget elementor-widget-text-editor\" data-id=\"612494d\" data-element_type=\"widget\" data-widget_type=\"text-editor.default\">\n\t\t\t\t<div class=\"elementor-widget-container\">\n\t\t\t\t\t\t\t<ul><li><strong>Check-in:<\/strong> O check-in est\u00e1 dispon\u00edvel entre as 15:00h e as 19:00h do dia de chegada. Os h\u00f3spedes devem apresentar um documento de identifica\u00e7\u00e3o v\u00e1lido e a confirma\u00e7\u00e3o da reserva no momento do check-in.<\/li><li><strong>Check-out:<\/strong> O check-out deve ser efectuado at\u00e9 \u00e0s 11:00 horas do dia de partida. Pedimos aos h\u00f3spedes que deixem as chaves na mesa da cozinha e informem a rece\u00e7\u00e3o da sua partida. Se o h\u00f3spede sair antes das 8:00 horas, por favor, deposite a chave na caixa designada.<\/li><li><strong>Prolongamento da estadia:<\/strong> Se desejar prolongar a sua estadia, por favor contacte a rece\u00e7\u00e3o o mais cedo poss\u00edvel. Os prolongamentos est\u00e3o sujeitos \u00e0 disponibilidade e \u00e0s tarifas aplic\u00e1veis.<\/li><\/ul>\t\t\t\t\t\t<\/div>\n\t\t\t\t<\/div>\n\t\t\t\t\t<\/div>\n\t\t\t\t<\/div>\n\t\t<div class=\"elementor-element elementor-element-60eeee5 e-flex e-con-boxed e-con e-parent\" data-id=\"60eeee5\" data-element_type=\"container\" id=\"section-terms-e\">\n\t\t\t\t\t<div class=\"e-con-inner\">\n\t\t\t\t<div class=\"elementor-element elementor-element-979421b elementor-widget elementor-widget-heading\" data-id=\"979421b\" data-element_type=\"widget\" data-widget_type=\"heading.default\">\n\t\t\t\t<div class=\"elementor-widget-container\">\n\t\t\t<h2 class=\"elementor-heading-title elementor-size-default\">5. Pol\u00edtica de cancelamento<\/h2>\t\t<\/div>\n\t\t\t\t<\/div>\n\t\t\t\t<div class=\"elementor-element elementor-element-a73398a elementor-widget elementor-widget-text-editor\" data-id=\"a73398a\" data-element_type=\"widget\" data-widget_type=\"text-editor.default\">\n\t\t\t\t<div class=\"elementor-widget-container\">\n\t\t\t\t\t\t\t<p>As reservas podem ser canceladas de acordo com as condi\u00e7\u00f5es especificadas na confirma\u00e7\u00e3o da reserva. Podem ser aplicadas taxas de cancelamento de acordo com as pol\u00edticas em vigor no momento da reserva.<\/p>\t\t\t\t\t\t<\/div>\n\t\t\t\t<\/div>\n\t\t\t\t\t<\/div>\n\t\t\t\t<\/div>\n\t\t<div class=\"elementor-element elementor-element-f0bb79a e-flex e-con-boxed e-con e-parent\" data-id=\"f0bb79a\" data-element_type=\"container\" id=\"section-terms-f\">\n\t\t\t\t\t<div class=\"e-con-inner\">\n\t\t\t\t<div class=\"elementor-element elementor-element-03cfa6e elementor-widget elementor-widget-heading\" data-id=\"03cfa6e\" data-element_type=\"widget\" data-widget_type=\"heading.default\">\n\t\t\t\t<div class=\"elementor-widget-container\">\n\t\t\t<h2 class=\"elementor-heading-title elementor-size-default\">6.  Utiliza\u00e7\u00e3o das instala\u00e7\u00f5es<\/h2>\t\t<\/div>\n\t\t\t\t<\/div>\n\t\t\t\t<div class=\"elementor-element elementor-element-4733bb6 elementor-widget elementor-widget-text-editor\" data-id=\"4733bb6\" data-element_type=\"widget\" data-widget_type=\"text-editor.default\">\n\t\t\t\t<div class=\"elementor-widget-container\">\n\t\t\t\t\t\t\t<p>Os h\u00f3spedes s\u00e3o respons\u00e1veis por cuidar das instala\u00e7\u00f5es e do equipamento durante a sua estadia. Quaisquer danos causados por neglig\u00eancia ou utiliza\u00e7\u00e3o incorrecta podem implicar encargos adicionais.<\/p>\t\t\t\t\t\t<\/div>\n\t\t\t\t<\/div>\n\t\t\t\t\t<\/div>\n\t\t\t\t<\/div>\n\t\t<div class=\"elementor-element elementor-element-c7d218b e-flex e-con-boxed e-con e-parent\" data-id=\"c7d218b\" data-element_type=\"container\" id=\"section-terms-g\">\n\t\t\t\t\t<div class=\"e-con-inner\">\n\t\t\t\t<div class=\"elementor-element elementor-element-24acf07 elementor-widget elementor-widget-heading\" data-id=\"24acf07\" data-element_type=\"widget\" data-widget_type=\"heading.default\">\n\t\t\t\t<div class=\"elementor-widget-container\">\n\t\t\t<h2 class=\"elementor-heading-title elementor-size-default\">7. Comportamento dos h\u00f3spedes<\/h2>\t\t<\/div>\n\t\t\t\t<\/div>\n\t\t\t\t<div class=\"elementor-element elementor-element-c670504 elementor-widget elementor-widget-text-editor\" data-id=\"c670504\" data-element_type=\"widget\" data-widget_type=\"text-editor.default\">\n\t\t\t\t<div class=\"elementor-widget-container\">\n\t\t\t\t\t\t\t<p>Esperamos que todos os h\u00f3spedes se comportem de forma respeitosa e cort\u00eas. Reservamo-nos o direito de terminar a estadia de qualquer h\u00f3spede que n\u00e3o cumpra estas expectativas.<\/p>\t\t\t\t\t\t<\/div>\n\t\t\t\t<\/div>\n\t\t\t\t\t<\/div>\n\t\t\t\t<\/div>\n\t\t<div class=\"elementor-element elementor-element-db313b4 e-flex e-con-boxed e-con e-parent\" data-id=\"db313b4\" data-element_type=\"container\" id=\"section-terms-h\">\n\t\t\t\t\t<div class=\"e-con-inner\">\n\t\t\t\t<div class=\"elementor-element elementor-element-0889a0d elementor-widget elementor-widget-heading\" data-id=\"0889a0d\" data-element_type=\"widget\" data-widget_type=\"heading.default\">\n\t\t\t\t<div class=\"elementor-widget-container\">\n\t\t\t<h2 class=\"elementor-heading-title elementor-size-default\">8.  Limita\u00e7\u00e3o da responsabilidade<\/h2>\t\t<\/div>\n\t\t\t\t<\/div>\n\t\t\t\t<div class=\"elementor-element elementor-element-9b52689 elementor-widget elementor-widget-text-editor\" data-id=\"9b52689\" data-element_type=\"widget\" data-widget_type=\"text-editor.default\">\n\t\t\t\t<div class=\"elementor-widget-container\">\n\t\t\t\t\t\t\t<p>A L'Ombre du Pin n\u00e3o se responsabiliza por quaisquer danos ou perdas decorrentes da utiliza\u00e7\u00e3o dos nossos servi\u00e7os, exceto nos casos previstos na lei.<\/p>\t\t\t\t\t\t<\/div>\n\t\t\t\t<\/div>\n\t\t\t\t\t<\/div>\n\t\t\t\t<\/div>\n\t\t<div class=\"elementor-element elementor-element-f3e8b65 e-flex e-con-boxed e-con e-parent\" data-id=\"f3e8b65\" data-element_type=\"container\" id=\"section-terms-i\">\n\t\t\t\t\t<div class=\"e-con-inner\">\n\t\t\t\t<div class=\"elementor-element elementor-element-1e6cb95 elementor-widget elementor-widget-heading\" data-id=\"1e6cb95\" data-element_type=\"widget\" data-widget_type=\"heading.default\">\n\t\t\t\t<div class=\"elementor-widget-container\">\n\t\t\t<h2 class=\"elementor-heading-title elementor-size-default\">9. Privacidade<\/h2>\t\t<\/div>\n\t\t\t\t<\/div>\n\t\t\t\t<div class=\"elementor-element elementor-element-b916b8a elementor-widget elementor-widget-text-editor\" data-id=\"b916b8a\" data-element_type=\"widget\" data-widget_type=\"text-editor.default\">\n\t\t\t\t<div class=\"elementor-widget-container\">\n\t\t\t\t\t\t\t<p>A utiliza\u00e7\u00e3o das suas informa\u00e7\u00f5es pessoais est\u00e1 sujeita \u00e0 nossa Pol\u00edtica de Privacidade, que pode ser consultada no nosso s\u00edtio Web.<\/p>\t\t\t\t\t\t<\/div>\n\t\t\t\t<\/div>\n\t\t\t\t\t<\/div>\n\t\t\t\t<\/div>\n\t\t<div class=\"elementor-element elementor-element-306bed7 e-flex e-con-boxed e-con e-parent\" data-id=\"306bed7\" data-element_type=\"container\" id=\"section-terms-j\">\n\t\t\t\t\t<div class=\"e-con-inner\">\n\t\t\t\t<div class=\"elementor-element elementor-element-ec2f2dd elementor-widget elementor-widget-heading\" data-id=\"ec2f2dd\" data-element_type=\"widget\" data-widget_type=\"heading.default\">\n\t\t\t\t<div class=\"elementor-widget-container\">\n\t\t\t<h2 class=\"elementor-heading-title elementor-size-default\">10. Altera\u00e7\u00f5es das condi\u00e7\u00f5es<\/h2>\t\t<\/div>\n\t\t\t\t<\/div>\n\t\t\t\t<div class=\"elementor-element elementor-element-de80360 elementor-widget elementor-widget-text-editor\" data-id=\"de80360\" data-element_type=\"widget\" data-widget_type=\"text-editor.default\">\n\t\t\t\t<div class=\"elementor-widget-container\">\n\t\t\t\t\t\t\t<p>Reservamo-nos o direito de alterar os presentes Termos e Condi\u00e7\u00f5es em qualquer altura. As altera\u00e7\u00f5es entrar\u00e3o em vigor imediatamente ap\u00f3s a sua publica\u00e7\u00e3o no nosso s\u00edtio Web. A utiliza\u00e7\u00e3o continuada dos servi\u00e7os pelo utilizador constitui a aceita\u00e7\u00e3o dos novos termos.<\/p>\t\t\t\t\t\t<\/div>\n\t\t\t\t<\/div>\n\t\t\t\t\t<\/div>\n\t\t\t\t<\/div>\n\t\t<div class=\"elementor-element elementor-element-f52ade0 e-flex e-con-boxed e-con e-parent\" data-id=\"f52ade0\" data-element_type=\"container\" id=\"section-terms-k\">\n\t\t\t\t\t<div class=\"e-con-inner\">\n\t\t\t\t<div class=\"elementor-element elementor-element-1d0a6b8 elementor-widget elementor-widget-heading\" data-id=\"1d0a6b8\" data-element_type=\"widget\" data-widget_type=\"heading.default\">\n\t\t\t\t<div class=\"elementor-widget-container\">\n\t\t\t<h2 class=\"elementor-heading-title elementor-size-default\">11. Direito aplic\u00e1vel<\/h2>\t\t<\/div>\n\t\t\t\t<\/div>\n\t\t\t\t<div class=\"elementor-element elementor-element-a8a4a08 elementor-widget elementor-widget-text-editor\" data-id=\"a8a4a08\" data-element_type=\"widget\" data-widget_type=\"text-editor.default\">\n\t\t\t\t<div class=\"elementor-widget-container\">\n\t\t\t\t\t\t\t<p>As presentes Condi\u00e7\u00f5es Gerais s\u00e3o regidas pela legisla\u00e7\u00e3o francesa e os lit\u00edgios ser\u00e3o resolvidos pelos tribunais competentes dessa jurisdi\u00e7\u00e3o.<\/p>\t\t\t\t\t\t<\/div>\n\t\t\t\t<\/div>\n\t\t\t\t\t<\/div>\n\t\t\t\t<\/div>\n\t\t<div class=\"elementor-element elementor-element-a403379 e-flex e-con-boxed e-con e-parent\" data-id=\"a403379\" data-element_type=\"container\" id=\"section-terms-l\">\n\t\t\t\t\t<div class=\"e-con-inner\">\n\t\t\t\t<div class=\"elementor-element elementor-element-7c68e63 elementor-widget elementor-widget-heading\" data-id=\"7c68e63\" data-element_type=\"widget\" data-widget_type=\"heading.default\">\n\t\t\t\t<div class=\"elementor-widget-container\">\n\t\t\t<h2 class=\"elementor-heading-title elementor-size-default\">12. Contactos<\/h2>\t\t<\/div>\n\t\t\t\t<\/div>\n\t\t\t\t<div class=\"elementor-element elementor-element-6fc1c16 elementor-widget elementor-widget-text-editor\" data-id=\"6fc1c16\" data-element_type=\"widget\" data-widget_type=\"text-editor.default\">\n\t\t\t\t<div class=\"elementor-widget-container\">\n\t\t\t\t\t\t\t<p>Para quaisquer quest\u00f5es ou informa\u00e7\u00f5es adicionais, contacte-nos:<\/p><ul><li><strong>Email:<\/strong> alombredupin77@gmail.com<\/li><li><strong>Telefone:<\/strong> +33 6 51 47 60 20<\/li><li><strong>Morada:<\/strong> 8-10 Rue de Verdun, 77181 Le Pin, France<\/li><\/ul>\t\t\t\t\t\t<\/div>\n\t\t\t\t<\/div>\n\t\t\t\t\t<\/div>\n\t\t\t\t<\/div>\n\t\t\t\t<\/div>\n\t\t","protected":false},"excerpt":{"rendered":"<p>Termos e Condi\u00e7\u00f5es Bem-vindo ao s\u00edtio Web A L'Ombre du Pin. Ao aceder e utilizar os nossos servi\u00e7os, o utilizador compromete-se a respeitar as seguintes condi\u00e7\u00f5es. Se n\u00e3o estiver de acordo com estas condi\u00e7\u00f5es, n\u00e3o deve utilizar os nossos servi\u00e7os. 1. Defini\u00e7\u00f5es \u201cN\u00f3s\u201d, \u2018nosso\u2019 refere-se a A L'Ombre du Pin. \u201cVoc\u00ea\u201d, \u2018seu\u2019 refere-se ao utilizador [&hellip;]<\/p>\n","protected":false},"author":2,"featured_media":0,"parent":0,"menu_order":0,"comment_status":"closed","ping_status":"closed","template":"","meta":{"iawp_total_views":34,"footnotes":""},"class_list":["post-7822","page","type-page","status-publish","hentry"],"_links":{"self":[{"href":"https:\/\/alombredupin.com\/pt\/wp-json\/wp\/v2\/pages\/7822","targetHints":{"allow":["GET"]}}],"collection":[{"href":"https:\/\/alombredupin.com\/pt\/wp-json\/wp\/v2\/pages"}],"about":[{"href":"https:\/\/alombredupin.com\/pt\/wp-json\/wp\/v2\/types\/page"}],"author":[{"embeddable":true,"href":"https:\/\/alombredupin.com\/pt\/wp-json\/wp\/v2\/users\/2"}],"replies":[{"embeddable":true,"href":"https:\/\/alombredupin.com\/pt\/wp-json\/wp\/v2\/comments?post=7822"}],"version-history":[{"count":0,"href":"https:\/\/alombredupin.com\/pt\/wp-json\/wp\/v2\/pages\/7822\/revisions"}],"wp:attachment":[{"href":"https:\/\/alombredupin.com\/pt\/wp-json\/wp\/v2\/media?parent=7822"}],"curies":[{"name":"wp","href":"https:\/\/api.w.org\/{rel}","templated":true}]}}