{"id":7833,"date":"2024-10-10T15:15:25","date_gmt":"2024-10-10T15:15:25","guid":{"rendered":"https:\/\/alombredupin.com\/?page_id=7833"},"modified":"2024-11-07T18:26:11","modified_gmt":"2024-11-07T18:26:11","slug":"politica-de-cookies","status":"publish","type":"page","link":"https:\/\/alombredupin.com\/pt\/politica-de-cookies\/","title":{"rendered":"Pol\u00edtica de Cookies"},"content":{"rendered":"\t\t<div data-elementor-type=\"wp-page\" data-elementor-id=\"7833\" class=\"elementor elementor-7833\" data-elementor-post-type=\"page\">\n\t\t\t\t<div class=\"elementor-element elementor-element-b063161 e-flex e-con-boxed e-con e-parent\" data-id=\"b063161\" data-element_type=\"container\" id=\"page-subheader\" data-settings=\"{&quot;background_background&quot;:&quot;classic&quot;}\">\n\t\t\t\t\t<div class=\"e-con-inner\">\n\t\t<div class=\"elementor-element elementor-element-104411a e-con-full e-flex e-con e-child\" data-id=\"104411a\" data-element_type=\"container\">\n\t\t\t\t<div class=\"elementor-element elementor-element-f9ca78b elementor-widget-tablet__width-initial elementor-widget elementor-widget-heading\" data-id=\"f9ca78b\" data-element_type=\"widget\" data-widget_type=\"heading.default\">\n\t\t\t\t<div class=\"elementor-widget-container\">\n\t\t\t<h1 class=\"elementor-heading-title elementor-size-default\">Pol\u00edtica de Cookies<\/h1>\t\t<\/div>\n\t\t\t\t<\/div>\n\t\t\t\t<\/div>\n\t\t\t\t\t<\/div>\n\t\t\t\t<\/div>\n\t\t<div class=\"elementor-element elementor-element-a7da15a e-flex e-con-boxed e-con e-parent\" data-id=\"a7da15a\" data-element_type=\"container\" id=\"section-feature-cookie\">\n\t\t\t\t\t<div class=\"e-con-inner\">\n\t\t\t\t<div class=\"elementor-element elementor-element-e69f67e elementor-widget elementor-widget-text-editor\" data-id=\"e69f67e\" data-element_type=\"widget\" data-widget_type=\"text-editor.default\">\n\t\t\t\t<div class=\"elementor-widget-container\">\n\t\t\t\t\t\t\t<p>A presente pol\u00edtica de cookies explica como A L'Ombre du Pin utiliza os cookies e tecnologias semelhantes no seu s\u00edtio Web. Ao aceder ao nosso s\u00edtio Web, o utilizador aceita a utiliza\u00e7\u00e3o de cookies tal como descrito na presente pol\u00edtica.<\/p>\t\t\t\t\t\t<\/div>\n\t\t\t\t<\/div>\n\t\t\t\t\t<\/div>\n\t\t\t\t<\/div>\n\t\t<div class=\"elementor-element elementor-element-8d9ec7b e-flex e-con-boxed e-con e-parent\" data-id=\"8d9ec7b\" data-element_type=\"container\" id=\"section-cookie-a\">\n\t\t\t\t\t<div class=\"e-con-inner\">\n\t\t\t\t<div class=\"elementor-element elementor-element-bbcb570 elementor-widget elementor-widget-heading\" data-id=\"bbcb570\" data-element_type=\"widget\" data-widget_type=\"heading.default\">\n\t\t\t\t<div class=\"elementor-widget-container\">\n\t\t\t<h2 class=\"elementor-heading-title elementor-size-default\">1. O que s\u00e3o cookies?<\/h2>\t\t<\/div>\n\t\t\t\t<\/div>\n\t\t\t\t<div class=\"elementor-element elementor-element-fbc98b9 elementor-widget elementor-widget-text-editor\" data-id=\"fbc98b9\" data-element_type=\"widget\" data-widget_type=\"text-editor.default\">\n\t\t\t\t<div class=\"elementor-widget-container\">\n\t\t\t\t\t\t\t<p>Os cookies s\u00e3o pequenos ficheiros de texto que s\u00e3o armazenados no seu dispositivo (computador, tablet, smartphone) quando visita um s\u00edtio Web. Ajudam o s\u00edtio Web a reconhecer o seu dispositivo e a melhorar a sua experi\u00eancia de navega\u00e7\u00e3o.<\/p>\t\t\t\t\t\t<\/div>\n\t\t\t\t<\/div>\n\t\t\t\t\t<\/div>\n\t\t\t\t<\/div>\n\t\t<div class=\"elementor-element elementor-element-09bd312 e-flex e-con-boxed e-con e-parent\" data-id=\"09bd312\" data-element_type=\"container\" id=\"section-cookie-b\">\n\t\t\t\t\t<div class=\"e-con-inner\">\n\t\t\t\t<div class=\"elementor-element elementor-element-98b51be elementor-widget elementor-widget-heading\" data-id=\"98b51be\" data-element_type=\"widget\" data-widget_type=\"heading.default\">\n\t\t\t\t<div class=\"elementor-widget-container\">\n\t\t\t<h2 class=\"elementor-heading-title elementor-size-default\">2. Tipos de cookies utilizados<\/h2>\t\t<\/div>\n\t\t\t\t<\/div>\n\t\t\t\t<div class=\"elementor-element elementor-element-2be0b17 elementor-widget elementor-widget-text-editor\" data-id=\"2be0b17\" data-element_type=\"widget\" data-widget_type=\"text-editor.default\">\n\t\t\t\t<div class=\"elementor-widget-container\">\n\t\t\t\t\t\t\t<p>Utilizamos os seguintes tipos de cookies:<\/p>\n<ul><li><strong>Cookies Necess\u00e1rios:<\/strong> Essenciais para o funcionamento do website, permitindo-lhe navegar e utilizar as suas funcionalidades.<\/li>\n<li><strong>Cookies de desempenho:<\/strong> Recolhem informa\u00e7\u00e3o sobre a forma como os visitantes utilizam o website, ajudando-nos a perceber quais as partes mais populares e a melhorar o nosso conte\u00fado.<\/li>\n<li><strong>Cookies funcionais:<\/strong> Permitem que o website recorde as prefer\u00eancias do utilizador e personalize a sua experi\u00eancia.<\/li>\n<li><strong>Cookies de publicidade:<\/strong> Utilizados para apresentar an\u00fancios relevantes com base nos interesses do utilizador e medir a efic\u00e1cia das campanhas publicit\u00e1rias.<\/li>\n<\/ul>\t\t\t\t\t\t<\/div>\n\t\t\t\t<\/div>\n\t\t\t\t\t<\/div>\n\t\t\t\t<\/div>\n\t\t<div class=\"elementor-element elementor-element-2b8d18c e-flex e-con-boxed e-con e-parent\" data-id=\"2b8d18c\" data-element_type=\"container\" id=\"section-cookie-c\">\n\t\t\t\t\t<div class=\"e-con-inner\">\n\t\t\t\t<div class=\"elementor-element elementor-element-9654efb elementor-widget elementor-widget-heading\" data-id=\"9654efb\" data-element_type=\"widget\" data-widget_type=\"heading.default\">\n\t\t\t\t<div class=\"elementor-widget-container\">\n\t\t\t<h2 class=\"elementor-heading-title elementor-size-default\">3. Cookies de terceiros<\/h2>\t\t<\/div>\n\t\t\t\t<\/div>\n\t\t\t\t<div class=\"elementor-element elementor-element-ad08462 elementor-widget elementor-widget-text-editor\" data-id=\"ad08462\" data-element_type=\"widget\" data-widget_type=\"text-editor.default\">\n\t\t\t\t<div class=\"elementor-widget-container\">\n\t\t\t\t\t\t\t<p>Para al\u00e9m dos cookies que utilizamos, terceiros (como servi\u00e7os de an\u00e1lise e publicidade) podem tamb\u00e9m colocar cookies no seu dispositivo. N\u00e3o controlamos estes cookies, pelo que o utilizador deve consultar as pol\u00edticas de privacidade dos terceiros para obter mais informa\u00e7\u00f5es.<\/p>\t\t\t\t\t\t<\/div>\n\t\t\t\t<\/div>\n\t\t\t\t\t<\/div>\n\t\t\t\t<\/div>\n\t\t<div class=\"elementor-element elementor-element-9fd1a78 e-flex e-con-boxed e-con e-parent\" data-id=\"9fd1a78\" data-element_type=\"container\" id=\"section-cookie-d\">\n\t\t\t\t\t<div class=\"e-con-inner\">\n\t\t\t\t<div class=\"elementor-element elementor-element-ba40dfa elementor-widget elementor-widget-heading\" data-id=\"ba40dfa\" data-element_type=\"widget\" data-widget_type=\"heading.default\">\n\t\t\t\t<div class=\"elementor-widget-container\">\n\t\t\t<h2 class=\"elementor-heading-title elementor-size-default\">4. Gerir os cookies<\/h2>\t\t<\/div>\n\t\t\t\t<\/div>\n\t\t\t\t<div class=\"elementor-element elementor-element-d5e3c3e elementor-widget elementor-widget-text-editor\" data-id=\"d5e3c3e\" data-element_type=\"widget\" data-widget_type=\"text-editor.default\">\n\t\t\t\t<div class=\"elementor-widget-container\">\n\t\t\t\t\t\t\t<p>Pode controlar e gerir os cookies de v\u00e1rias formas:<\/p>\n<ul>\n<li><strong>Defini\u00e7\u00f5es do navegador:<\/strong> A maioria dos browsers permite-lhe recusar cookies ou eliminar cookies j\u00e1 armazenados. Consulte o menu de ajuda do seu browser para obter mais informa\u00e7\u00f5es.<\/li>\n<li><strong>Op\u00e7\u00e3o de exclus\u00e3o de cookies:<\/strong> Pode recusar cookies de publicidade atrav\u00e9s de ferramentas de exclus\u00e3o dispon\u00edveis em s\u00edtios Web de publicidade.<\/li>\n<\/ul>\t\t\t\t\t\t<\/div>\n\t\t\t\t<\/div>\n\t\t\t\t\t<\/div>\n\t\t\t\t<\/div>\n\t\t<div class=\"elementor-element elementor-element-24a12a7 e-flex e-con-boxed e-con e-parent\" data-id=\"24a12a7\" data-element_type=\"container\" id=\"section-cookie-e\">\n\t\t\t\t\t<div class=\"e-con-inner\">\n\t\t\t\t<div class=\"elementor-element elementor-element-7b83472 elementor-widget elementor-widget-heading\" data-id=\"7b83472\" data-element_type=\"widget\" data-widget_type=\"heading.default\">\n\t\t\t\t<div class=\"elementor-widget-container\">\n\t\t\t<h2 class=\"elementor-heading-title elementor-size-default\">5. Altera\u00e7\u00f5es a esta pol\u00edtica de cookies<\/h2>\t\t<\/div>\n\t\t\t\t<\/div>\n\t\t\t\t<div class=\"elementor-element elementor-element-0ae9e2a elementor-widget elementor-widget-text-editor\" data-id=\"0ae9e2a\" data-element_type=\"widget\" data-widget_type=\"text-editor.default\">\n\t\t\t\t<div class=\"elementor-widget-container\">\n\t\t\t\t\t\t\t<p>Poderemos atualizar periodicamente esta Pol\u00edtica de Cookies. Notific\u00e1-lo-emos de quaisquer altera\u00e7\u00f5es, publicando a nova pol\u00edtica no nosso s\u00edtio Web. Recomendamos que reveja esta pol\u00edtica periodicamente para se manter informado sobre a forma como utilizamos os cookies.<\/p>\t\t\t\t\t\t<\/div>\n\t\t\t\t<\/div>\n\t\t\t\t\t<\/div>\n\t\t\t\t<\/div>\n\t\t<div class=\"elementor-element elementor-element-4edcd7b e-flex e-con-boxed e-con e-parent\" data-id=\"4edcd7b\" data-element_type=\"container\" id=\"section-cookie-f\">\n\t\t\t\t\t<div class=\"e-con-inner\">\n\t\t\t\t<div class=\"elementor-element elementor-element-e305086 elementor-widget elementor-widget-heading\" data-id=\"e305086\" data-element_type=\"widget\" data-widget_type=\"heading.default\">\n\t\t\t\t<div class=\"elementor-widget-container\">\n\t\t\t<h2 class=\"elementor-heading-title elementor-size-default\">6. Contactos<\/h2>\t\t<\/div>\n\t\t\t\t<\/div>\n\t\t\t\t<div class=\"elementor-element elementor-element-23f3e11 elementor-widget elementor-widget-text-editor\" data-id=\"23f3e11\" data-element_type=\"widget\" data-widget_type=\"text-editor.default\">\n\t\t\t\t<div class=\"elementor-widget-container\">\n\t\t\t\t\t\t\t<p>Se tiver alguma d\u00favida sobre esta Pol\u00edtica de Cookies, contacte-nos:<\/p>\n<ul>\n<li><strong>Email:<\/strong> alombredupin77@gmail.com<\/li>\n<li><strong>Telefone:<\/strong> +33 6 51 47 60 20<\/li>\n<li><strong>Morada:<\/strong> 8-10 Rue de Verdun, 77181 Le Pin, Franc<\/li>\n<\/ul>\t\t\t\t\t\t<\/div>\n\t\t\t\t<\/div>\n\t\t\t\t\t<\/div>\n\t\t\t\t<\/div>\n\t\t\t\t<\/div>\n\t\t","protected":false},"excerpt":{"rendered":"<p>Pol\u00edtica de Cookies A presente pol\u00edtica de cookies explica como A L'Ombre du Pin utiliza os cookies e tecnologias semelhantes no seu s\u00edtio Web. Ao aceder ao nosso s\u00edtio Web, o utilizador aceita a utiliza\u00e7\u00e3o de cookies tal como descrito na presente pol\u00edtica. 1. O que s\u00e3o cookies? Os cookies s\u00e3o pequenos ficheiros de texto [&hellip;]<\/p>\n","protected":false},"author":2,"featured_media":0,"parent":0,"menu_order":0,"comment_status":"closed","ping_status":"closed","template":"","meta":{"iawp_total_views":30,"footnotes":""},"class_list":["post-7833","page","type-page","status-publish","hentry"],"_links":{"self":[{"href":"https:\/\/alombredupin.com\/pt\/wp-json\/wp\/v2\/pages\/7833","targetHints":{"allow":["GET"]}}],"collection":[{"href":"https:\/\/alombredupin.com\/pt\/wp-json\/wp\/v2\/pages"}],"about":[{"href":"https:\/\/alombredupin.com\/pt\/wp-json\/wp\/v2\/types\/page"}],"author":[{"embeddable":true,"href":"https:\/\/alombredupin.com\/pt\/wp-json\/wp\/v2\/users\/2"}],"replies":[{"embeddable":true,"href":"https:\/\/alombredupin.com\/pt\/wp-json\/wp\/v2\/comments?post=7833"}],"version-history":[{"count":0,"href":"https:\/\/alombredupin.com\/pt\/wp-json\/wp\/v2\/pages\/7833\/revisions"}],"wp:attachment":[{"href":"https:\/\/alombredupin.com\/pt\/wp-json\/wp\/v2\/media?parent=7833"}],"curies":[{"name":"wp","href":"https:\/\/api.w.org\/{rel}","templated":true}]}}